{"id":1823,"date":"2016-03-08T14:16:14","date_gmt":"2016-03-08T14:16:14","guid":{"rendered":"http:\/\/palestrina.hu\/en\/tamogatok\/"},"modified":"2024-10-09T07:44:44","modified_gmt":"2024-10-09T07:44:44","slug":"tamogatok","status":"publish","type":"page","link":"https:\/\/palestrina.hu\/en\/tamogatok\/","title":{"rendered":"T\u00e1mogat\u00f3k"},"content":{"rendered":"<h2><strong>P\u00e9nzbeli t\u00e1mogat\u00e1s<\/strong><\/h2>\n<p><ul class=\"g1-grid\"><li class=\"g1-column g1-one-fourth g1-valign-top\" id=\"g1-grid-counter-0\" ><a href=\"http:\/\/www.kormany.hu\/hu\/emberi-eroforrasok-miniszteriuma\" target=\"_blank\" rel=\"noopener\"><img decoding=\"async\" src=\"https:\/\/palestrina.hu\/wp-content\/uploads\/2016\/04\/emmi-e1460970001187.jpg\" alt=\"Emberi Er\u0151forr\u00e1sok Miniszt\u00e9riuma\" \/><\/a><\/li><!-- --><li class=\"g1-column g1-three-fourth g1-valign-top\" id=\"g1-grid-counter-1\" >\n<h3><strong><a href=\"http:\/\/www.kormany.hu\/hu\/emberi-eroforrasok-miniszteriuma\" target=\"_blank\" rel=\"noopener\">Az Emberi Er\u0151forr\u00e1sok Miniszt\u00e9riuma \u00e1ltal ny\u00fajtott t\u00e1mogat\u00e1sok<\/a><\/strong><\/h3>\n<p><strong>2016<\/strong> M\u0171k\u00f6d\u00e9si t\u00e1mogat\u00e1s<br \/>\n(min\u0151s\u00edt\u00e9ssel nem rendelkez\u0151 zenekarok, \u00e9nekkarok 2016. \u00e9vi t\u00e1mogat\u00e1sa 3415-01-0041\/16)<br \/>\n<strong>2015<\/strong> M\u0171k\u00f6d\u00e9si t\u00e1mogat\u00e1s<br \/>\n(min\u0151s\u00edt\u00e9ssel nem rendelkez\u0151 zenekarok, \u00e9nekkarok 2015. \u00e9vi t\u00e1mogat\u00e1sa 3415-01-0030\/15)<br \/>\n<strong>2014<\/strong> M\u0171k\u00f6d\u00e9si t\u00e1mogat\u00e1s<br \/>\n(min\u0151s\u00edt\u00e9ssel nem rendelkez\u0151 zenekarok, \u00e9nekkarok 2014. \u00e9vi t\u00e1mogat\u00e1sa 3415-01-0033\/14)<br \/>\n<strong>2013<\/strong> M\u0171k\u00f6d\u00e9si t\u00e1mogat\u00e1sa<br \/>\n(min\u0151s\u00edt\u00e9ssel nem rendelkez\u0151 zenekarok, \u00e9nekkarok 2013. \u00e9vi t\u00e1mogat\u00e1sa 3415-01-0012\/13)<br \/>\n<\/li><!-- --><\/ul><\/p>\n<div id=\"g1-divider-counter-1\" class=\"g1-divider g1-type-classic-2\"><\/div>\n<p><ul class=\"g1-grid\"><li class=\"g1-column g1-one-fourth g1-valign-top\" id=\"g1-grid-counter-0\" ><a href=\"http:\/\/www.nka.hu\/\" target=\"_blank\" rel=\"noopener\"><img decoding=\"async\" src=\"\/wp-content\/uploads\/2017\/03\/NKA_logo_2012_RGB.jpg\" alt=\"Nemzeti Kultur\u00e1lis Alap\" \/><\/a><\/li><!-- --><li class=\"g1-column g1-three-fourth g1-valign-top\" id=\"g1-grid-counter-1\" >\n<h3><strong><a href=\"http:\/\/www.nka.hu\/\" target=\"_blank\" rel=\"noopener\">A Nemzeti Kultur\u00e1lis Alap \u00e1ltal ny\u00fajtott t\u00e1mogat\u00e1sok<\/a><\/strong><\/h3>\n<p><strong>2016<\/strong> CD-kiad\u00e1s \u2013 In memoriam dr. Hergenr\u0151der Mikl\u00f3s<br \/>\n(NKA Zenei Szakmai Koll\u00e9gium 3031\/02493)<br \/>\n<strong>2013<\/strong> CD-kiad\u00e1s \u2013 In memoriam Mayer Ferenc<br \/>\n(NKA Zenei Szakmai Koll\u00e9gium 3131\/02394)<br \/>\n<strong>2012<\/strong> CD-kiad\u00e1s \u2013 In memoriam Lajos Gyula<br \/>\n(NKA Zenei Szakmai Koll\u00e9gium 1431\/2364)<br \/>\n<strong>2011<\/strong> CD-kiad\u00e1s \u2013 In memoriam Glatt Ign\u00e1c<br \/>\n(NKA Zenei Szakmai Koll\u00e9gium 1431\/2324)<br \/>\n<\/li><!-- --><\/ul><\/p>\n<div id=\"g1-divider-counter-2\" class=\"g1-divider g1-type-classic-2\"><\/div>\n<p><ul class=\"g1-grid\"><li class=\"g1-column g1-one-fourth g1-valign-top\" id=\"g1-grid-counter-0\" ><a href=\"http:\/\/pecsiegyhazmegye.hu\/\" target=\"_blank\" rel=\"noopener\"><img decoding=\"async\" src=\"\/wp-content\/uploads\/2016\/04\/pem-logo.png\" alt=\"P\u00e9csi Egyh\u00e1zmegye\" \/><\/a><\/li><!-- --><li class=\"g1-column g1-three-fourth g1-valign-top\" id=\"g1-grid-counter-1\" >\n<h3><strong><a href=\"http:\/\/pecsiegyhazmegye.hu\/\" target=\"_blank\" rel=\"noopener\">A P\u00e9csi Egyh\u00e1zmegye \u00e1ltal ny\u00fajtott t\u00e1mogat\u00e1sok<\/a><\/strong><\/h3>\n<p><strong>2016<\/strong> CD-kiad\u00e1s \u2013 In memoriam dr. Hergenr\u0151der Mikl\u00f3s<br \/>\n<strong>2013<\/strong> CD-kiad\u00e1s \u2013 In memoriam Mayer Ferenc<br \/>\n<strong>2012<\/strong> CD-kiad\u00e1s \u2013 In memoriam Lajos Gyula<br \/>\n<\/li><!-- --><\/ul><\/p>\n<div id=\"g1-divider-counter-3\" class=\"g1-divider g1-type-classic-2\"><\/div>\n<p><ul class=\"g1-grid\"><li class=\"g1-column g1-one-fourth g1-valign-top\" id=\"g1-grid-counter-0\" >\u00a0<\/li><!-- --><li class=\"g1-column g1-three-fourth g1-valign-top\" id=\"g1-grid-counter-1\" >\n<h3><strong>Az Orsz\u00e1gos Magyar Cec\u00edlia Egyes\u00fclet \u00e1ltal ny\u00fajtott t\u00e1mogat\u00e1sok<\/strong><\/h3>\n<p><strong>2016<\/strong> CD-kiad\u00e1s \u2013 In memoriam dr. Hergenr\u0151der Mikl\u00f3s<br \/>\n<strong>2013<\/strong> CD-kiad\u00e1s \u2013 In memoriam Mayer Ferenc<br \/>\n<strong>2012<\/strong> CD-kiad\u00e1s \u2013 In memoriam Lajos Gyula<br \/>\n<\/li><!-- --><\/ul><\/p>\n<div id=\"g1-divider-counter-4\" class=\"g1-divider g1-type-classic-2\"><\/div>\n<p><ul class=\"g1-grid\"><li class=\"g1-column g1-one-fourth g1-valign-top\" id=\"g1-grid-counter-0\" >\u00a0<\/li><!-- --><li class=\"g1-column g1-three-fourth g1-valign-top\" id=\"g1-grid-counter-1\" >\n<h3><strong>A P\u00e9csi P\u00fcsp\u00f6ki \u00c9nekiskola Alap\u00edtv\u00e1ny \u00e1ltal ny\u00fajtott t\u00e1mogat\u00e1sok<\/strong><\/h3>\n<p><strong>2016<\/strong> CD-kiad\u00e1s \u2013 In memoriam dr. Hergenr\u0151der Mikl\u00f3s<br \/>\n<strong>2013<\/strong> CD-kiad\u00e1s \u2013 In memoriam Mayer Ferenc<br \/>\n<strong>2012<\/strong> CD-kiad\u00e1s \u2013 In memoriam Lajos Gyula<br \/>\n<strong>2011<\/strong> CD-kiad\u00e1s \u2013 In memoriam Glatt Ign\u00e1c<br \/>\n<\/li><!-- --><\/ul><\/p>\n<div id=\"g1-divider-counter-5\" class=\"g1-divider g1-type-classic-2\"><\/div>\n<p><ul class=\"g1-grid\"><li class=\"g1-column g1-one-fourth g1-valign-top\" id=\"g1-grid-counter-0\" ><a href=\"http:\/\/www.pecs.hu\/\" target=\"_blank\" rel=\"noopener\"><img decoding=\"async\" src=\"\/wp-content\/uploads\/2016\/04\/pecs_varos_logo_szines_kicsi.png\" alt=\"P\u00e9cs Megyei Jog\u00fa V\u00e1ros \u00d6nkorm\u00e1nyzata\" \/><\/a><\/li><!-- --><li class=\"g1-column g1-three-fourth g1-valign-top\" id=\"g1-grid-counter-1\" >\n<h3><strong><a href=\"http:\/\/www.pecs.hu\/\" target=\"_blank\" rel=\"noopener\">P\u00e9cs Megyei Jog\u00fa V\u00e1ros \u00d6nkorm\u00e1nyzata \u00e1ltal ny\u00fajtott t\u00e1mogat\u00e1sok<\/a><\/strong><\/h3>\n<p><strong>2013<\/strong> CD-kiad\u00e1s \u2013 In memoriam Mayer Ferenc<br \/>\n(kultur\u00e1lis bizotts\u00e1g)<br \/>\n<strong>2011<\/strong> CD-kiad\u00e1s \u2013 In memoriam Glatt Ign\u00e1c<br \/>\n(polg\u00e1rmesteri keret)<br \/>\n<\/li><!-- --><\/ul><\/p>\n<div id=\"g1-divider-counter-6\" class=\"g1-divider g1-type-classic-2\"><\/div>\n<p><ul class=\"g1-grid\"><li class=\"g1-column g1-one-fourth g1-valign-top\" id=\"g1-grid-counter-0\" ><a href=\"http:\/\/www.szigetvaritakarek.hu\/szigetvaritakarek\/hu.html\" target=\"_blank\" rel=\"noopener\"><img decoding=\"async\" class=\"alignnone\" src=\"\/wp-content\/uploads\/2016\/03\/szigetvar.png\" alt=\"Szigetv\u00e1ri Takar\u00e9ksz\u00f6vetkezet\" \/><\/a><\/li><!-- --><li class=\"g1-column g1-three-fourth g1-valign-top\" id=\"g1-grid-counter-1\" >\n<h3><strong><a href=\"http:\/\/www.szigetvaritakarek.hu\/szigetvaritakarek\/hu.html\" target=\"_blank\" rel=\"noopener\">A Szigetv\u00e1ri Tekar\u00e9ksz\u00f6vetkezet \u00e1ltal ny\u00fajtott t\u00e1mogat\u00e1sok<\/a><\/strong><\/h3>\n<p><strong>2016<\/strong> CD-kiad\u00e1s \u2013 In memoriam dr. Hergenr\u0151der Mikl\u00f3s<br \/>\n<strong>2012<\/strong> CD-kiad\u00e1s \u2013 In memoriam Lajos Gyula<br \/>\n<\/li><!-- --><\/ul><\/p>\n<div id=\"g1-divider-counter-7\" class=\"g1-divider g1-type-classic-2\"><\/div>\n<p><ul class=\"g1-grid\"><li class=\"g1-column g1-one-fourth g1-valign-top\" id=\"g1-grid-counter-0\" ><a href=\"http:\/\/www.nca.hu\/\" target=\"_blank\" rel=\"noopener\"><img decoding=\"async\" class=\"alignnone\" src=\"\/wp-content\/uploads\/2016\/04\/nca_logo.png\" alt=\"Nemzeti Civil Alapprogram\" \/><\/a><\/li><!-- --><li class=\"g1-column g1-three-fourth g1-valign-top\" id=\"g1-grid-counter-1\" >\n<h3><strong><a href=\"http:\/\/www.nca.hu\/\" target=\"_blank\" rel=\"noopener\">A Nemzeti Civil Alapprogram \u00e1ltal ny\u00fajtott t\u00e1mogat\u00e1sok<\/a><\/strong><\/h3>\n<p><strong>2011<\/strong> M\u0171k\u00f6d\u00e9si t\u00e1mogat\u00e1s<br \/>\n(NCA-DD-11-P-0049)<br \/>\n<\/li><!-- --><\/ul><\/p>\n<div id=\"g1-divider-counter-8\" class=\"g1-divider g1-type-classic-2\"><\/div>\n<h2><strong>Egy\u00e9b t\u00e1mogat\u00e1s<\/strong><\/h2>\n<p><ul class=\"g1-grid\"><li class=\"g1-column g1-one-fourth g1-valign-top\" id=\"g1-grid-counter-0\" ><a href=\"http:\/\/pecsiegyhazmegye.hu\/\" target=\"_blank\" rel=\"noopener\"><img decoding=\"async\" src=\"\/wp-content\/uploads\/2016\/04\/pem-logo.png\" alt=\"P\u00e9csi Egyh\u00e1zmegye\" \/><\/a><\/li><!-- --><li class=\"g1-column g1-three-fourth g1-valign-top\" id=\"g1-grid-counter-1\" >\n<h3><strong><a href=\"http:\/\/pecsiegyhazmegye.hu\/\" target=\"_blank\" rel=\"noopener\">A P\u00e9csi Egyh\u00e1zmegye \u00e1ltal ny\u00fajtott t\u00e1mogat\u00e1sok<\/a><\/strong><\/h3>\n<p>Pr\u00f3bahelys\u00e9g biztos\u00edt\u00e1sa<br \/>\nrendezv\u00e9nyhelysz\u00edn biztos\u00edt\u00e1sa<br \/>\n<\/li><!-- --><\/ul><\/p>\n<div id=\"g1-divider-counter-9\" class=\"g1-divider g1-type-classic-2\"><\/div>\n<p><ul class=\"g1-grid\"><li class=\"g1-column g1-one-fourth g1-valign-top\" id=\"g1-grid-counter-0\" >\u00a0<\/li><!-- --><li class=\"g1-column g1-three-fourth g1-valign-top\" id=\"g1-grid-counter-1\" >\n<h3><strong><a href=\"http:\/\/www.kiefer.hu\/\" target=\"_blank\" rel=\"noopener\">Kiefer B\u00e9la \u00e1ltal ny\u00fajtott t\u00e1mogat\u00e1sok<\/a><\/strong><\/h3>\n<p>m\u0171v\u00e9szi f\u00e9nyk\u00e9pek a Sz\u00e9kesegyh\u00e1zr\u00f3l<br \/>\n<\/li><!-- --><\/ul><\/p>\n","protected":false},"excerpt":{"rendered":"<p>P\u00e9nzbeli t\u00e1mogat\u00e1s Egy\u00e9b t\u00e1mogat\u00e1s<\/p>\n","protected":false},"author":1,"featured_media":0,"parent":0,"menu_order":0,"comment_status":"closed","ping_status":"closed","template":"","meta":{"footnotes":""},"class_list":["post-1823","page","type-page","status-publish","hentry"],"yoast_head":"<!-- This site is optimized with the Yoast SEO plugin v23.6 - https:\/\/yoast.com\/wordpress\/plugins\/seo\/ -->\n<title>T\u00e1mogat\u00f3k | Palestrina<\/title>\n<meta name=\"robots\" content=\"index, follow, max-snippet:-1, max-image-preview:large, max-video-preview:-1\" \/>\n<link rel=\"canonical\" href=\"https:\/\/palestrina.hu\/tamogatok\/\" \/>\n<meta property=\"og:locale\" content=\"hu_HU\" \/>\n<meta property=\"og:type\" content=\"article\" \/>\n<meta property=\"og:title\" content=\"T\u00e1mogat\u00f3k | Palestrina\" \/>\n<meta property=\"og:description\" content=\"P\u00e9nzbeli t\u00e1mogat\u00e1s Egy\u00e9b t\u00e1mogat\u00e1s\" \/>\n<meta property=\"og:url\" content=\"https:\/\/palestrina.hu\/en\/tamogatok\/\" \/>\n<meta property=\"og:site_name\" content=\"Palestrina\" \/>\n<meta property=\"article:modified_time\" content=\"2024-10-09T07:44:44+00:00\" \/>\n<meta property=\"og:image\" content=\"https:\/\/palestrina.hu\/wp-content\/uploads\/2016\/04\/emmi-e1460970001187.jpg\" \/>\n<meta name=\"twitter:card\" content=\"summary_large_image\" \/>\n<meta name=\"twitter:label1\" content=\"Becs\u00fclt olvas\u00e1si id\u0151\" \/>\n\t<meta name=\"twitter:data1\" content=\"4 perc\" \/>\n<script type=\"application\/ld+json\" class=\"yoast-schema-graph\">{\"@context\":\"https:\/\/schema.org\",\"@graph\":[{\"@type\":\"WebPage\",\"@id\":\"https:\/\/palestrina.hu\/en\/tamogatok\/\",\"url\":\"https:\/\/palestrina.hu\/en\/tamogatok\/\",\"name\":\"T\u00e1mogat\u00f3k | Palestrina\",\"isPartOf\":{\"@id\":\"http:\/\/palestrina.hu\/#website\"},\"primaryImageOfPage\":{\"@id\":\"https:\/\/palestrina.hu\/en\/tamogatok\/#primaryimage\"},\"image\":{\"@id\":\"https:\/\/palestrina.hu\/en\/tamogatok\/#primaryimage\"},\"thumbnailUrl\":\"https:\/\/palestrina.hu\/wp-content\/uploads\/2016\/04\/emmi-e1460970001187.jpg\",\"datePublished\":\"2016-03-08T14:16:14+00:00\",\"dateModified\":\"2024-10-09T07:44:44+00:00\",\"breadcrumb\":{\"@id\":\"https:\/\/palestrina.hu\/en\/tamogatok\/#breadcrumb\"},\"inLanguage\":\"hu\",\"potentialAction\":[{\"@type\":\"ReadAction\",\"target\":[\"https:\/\/palestrina.hu\/en\/tamogatok\/\"]}]},{\"@type\":\"ImageObject\",\"inLanguage\":\"hu\",\"@id\":\"https:\/\/palestrina.hu\/en\/tamogatok\/#primaryimage\",\"url\":\"https:\/\/palestrina.hu\/wp-content\/uploads\/2016\/04\/emmi-e1460970001187.jpg\",\"contentUrl\":\"https:\/\/palestrina.hu\/wp-content\/uploads\/2016\/04\/emmi-e1460970001187.jpg\"},{\"@type\":\"BreadcrumbList\",\"@id\":\"https:\/\/palestrina.hu\/en\/tamogatok\/#breadcrumb\",\"itemListElement\":[{\"@type\":\"ListItem\",\"position\":1,\"name\":\"Home\",\"item\":\"http:\/\/palestrina.hu\/\"},{\"@type\":\"ListItem\",\"position\":2,\"name\":\"T\u00e1mogat\u00f3k\"}]},{\"@type\":\"WebSite\",\"@id\":\"http:\/\/palestrina.hu\/#website\",\"url\":\"http:\/\/palestrina.hu\/\",\"name\":\"Palestrina\",\"description\":\"... egy \u00fajabb WordPress honlap...\",\"potentialAction\":[{\"@type\":\"SearchAction\",\"target\":{\"@type\":\"EntryPoint\",\"urlTemplate\":\"http:\/\/palestrina.hu\/?s={search_term_string}\"},\"query-input\":{\"@type\":\"PropertyValueSpecification\",\"valueRequired\":true,\"valueName\":\"search_term_string\"}}],\"inLanguage\":\"hu\"}]}<\/script>\n<!-- \/ Yoast SEO plugin. -->","yoast_head_json":{"title":"T\u00e1mogat\u00f3k | Palestrina","robots":{"index":"index","follow":"follow","max-snippet":"max-snippet:-1","max-image-preview":"max-image-preview:large","max-video-preview":"max-video-preview:-1"},"canonical":"https:\/\/palestrina.hu\/tamogatok\/","og_locale":"hu_HU","og_type":"article","og_title":"T\u00e1mogat\u00f3k | Palestrina","og_description":"P\u00e9nzbeli t\u00e1mogat\u00e1s Egy\u00e9b t\u00e1mogat\u00e1s","og_url":"https:\/\/palestrina.hu\/en\/tamogatok\/","og_site_name":"Palestrina","article_modified_time":"2024-10-09T07:44:44+00:00","og_image":[{"url":"https:\/\/palestrina.hu\/wp-content\/uploads\/2016\/04\/emmi-e1460970001187.jpg"}],"twitter_card":"summary_large_image","twitter_misc":{"Becs\u00fclt olvas\u00e1si id\u0151":"4 perc"},"schema":{"@context":"https:\/\/schema.org","@graph":[{"@type":"WebPage","@id":"https:\/\/palestrina.hu\/en\/tamogatok\/","url":"https:\/\/palestrina.hu\/en\/tamogatok\/","name":"T\u00e1mogat\u00f3k | Palestrina","isPartOf":{"@id":"http:\/\/palestrina.hu\/#website"},"primaryImageOfPage":{"@id":"https:\/\/palestrina.hu\/en\/tamogatok\/#primaryimage"},"image":{"@id":"https:\/\/palestrina.hu\/en\/tamogatok\/#primaryimage"},"thumbnailUrl":"https:\/\/palestrina.hu\/wp-content\/uploads\/2016\/04\/emmi-e1460970001187.jpg","datePublished":"2016-03-08T14:16:14+00:00","dateModified":"2024-10-09T07:44:44+00:00","breadcrumb":{"@id":"https:\/\/palestrina.hu\/en\/tamogatok\/#breadcrumb"},"inLanguage":"hu","potentialAction":[{"@type":"ReadAction","target":["https:\/\/palestrina.hu\/en\/tamogatok\/"]}]},{"@type":"ImageObject","inLanguage":"hu","@id":"https:\/\/palestrina.hu\/en\/tamogatok\/#primaryimage","url":"https:\/\/palestrina.hu\/wp-content\/uploads\/2016\/04\/emmi-e1460970001187.jpg","contentUrl":"https:\/\/palestrina.hu\/wp-content\/uploads\/2016\/04\/emmi-e1460970001187.jpg"},{"@type":"BreadcrumbList","@id":"https:\/\/palestrina.hu\/en\/tamogatok\/#breadcrumb","itemListElement":[{"@type":"ListItem","position":1,"name":"Home","item":"http:\/\/palestrina.hu\/"},{"@type":"ListItem","position":2,"name":"T\u00e1mogat\u00f3k"}]},{"@type":"WebSite","@id":"http:\/\/palestrina.hu\/#website","url":"http:\/\/palestrina.hu\/","name":"Palestrina","description":"... egy \u00fajabb WordPress honlap...","potentialAction":[{"@type":"SearchAction","target":{"@type":"EntryPoint","urlTemplate":"http:\/\/palestrina.hu\/?s={search_term_string}"},"query-input":{"@type":"PropertyValueSpecification","valueRequired":true,"valueName":"search_term_string"}}],"inLanguage":"hu"}]}},"_links":{"self":[{"href":"https:\/\/palestrina.hu\/en\/wp-json\/wp\/v2\/pages\/1823\/"}],"collection":[{"href":"https:\/\/palestrina.hu\/en\/wp-json\/wp\/v2\/pages\/"}],"about":[{"href":"https:\/\/palestrina.hu\/en\/wp-json\/wp\/v2\/types\/page\/"}],"author":[{"embeddable":true,"href":"https:\/\/palestrina.hu\/en\/wp-json\/wp\/v2\/users\/1\/"}],"replies":[{"embeddable":true,"href":"https:\/\/palestrina.hu\/en\/wp-json\/wp\/v2\/comments\/?post=1823"}],"version-history":[{"count":17,"href":"https:\/\/palestrina.hu\/en\/wp-json\/wp\/v2\/pages\/1823\/revisions\/"}],"predecessor-version":[{"id":2085,"href":"https:\/\/palestrina.hu\/en\/wp-json\/wp\/v2\/pages\/1823\/revisions\/2085\/"}],"wp:attachment":[{"href":"https:\/\/palestrina.hu\/en\/wp-json\/wp\/v2\/media\/?parent=1823"}],"curies":[{"name":"wp","href":"https:\/\/api.w.org\/{rel}","templated":true}]}}