{"id":1821,"date":"2016-03-08T14:15:43","date_gmt":"2016-03-08T14:15:43","guid":{"rendered":"http:\/\/palestrina.hu\/en\/gallery\/videok\/"},"modified":"2024-10-15T12:15:39","modified_gmt":"2024-10-15T12:15:39","slug":"videok","status":"publish","type":"page","link":"https:\/\/palestrina.hu\/en\/galeria\/videok\/","title":{"rendered":"Vide\u00f3k"},"content":{"rendered":"<div id=\"g1-fluid-wrapper-counter-1\" class=\"g1-fluid-wrapper\" style=\"width:686px;\"><div style=\"padding-bottom:56.268221574344%;\"><iframe loading=\"lazy\" title=\"Liszt Ferenc: Tu es Petrus\" width=\"686\" height=\"386\" src=\"https:\/\/www.youtube.com\/embed\/9-7nX539m0Q?feature=oembed&#038;autohide=2&#038;autoplay=0&#038;controls=1&#038;disablekb=0&#038;fs=1&#038;loop=0&#038;rel=0&#038;showinfo=0&#038;wmode=transparent&#038;enablejsapi=1\" frameborder=\"0\" allow=\"accelerometer; autoplay; clipboard-write; encrypted-media; gyroscope; picture-in-picture; web-share\" referrerpolicy=\"strict-origin-when-cross-origin\" allowfullscreen><\/iframe><\/div><\/div>\n<div id=\"g1-fluid-wrapper-counter-2\" class=\"g1-fluid-wrapper\" style=\"width:686px;\"><div style=\"padding-bottom:56.268221574344%;\"><iframe loading=\"lazy\" title=\"Lodovico Viadana: Nisi Dominus\" width=\"686\" height=\"386\" src=\"https:\/\/www.youtube.com\/embed\/sDUixjssNII?feature=oembed&#038;autohide=2&#038;autoplay=0&#038;controls=1&#038;disablekb=0&#038;fs=1&#038;loop=0&#038;rel=0&#038;showinfo=0&#038;wmode=transparent&#038;enablejsapi=1\" frameborder=\"0\" allow=\"accelerometer; autoplay; clipboard-write; encrypted-media; gyroscope; picture-in-picture; web-share\" referrerpolicy=\"strict-origin-when-cross-origin\" allowfullscreen><\/iframe><\/div><\/div>\n\n","protected":false},"excerpt":{"rendered":"","protected":false},"author":1,"featured_media":0,"parent":1755,"menu_order":0,"comment_status":"closed","ping_status":"closed","template":"","meta":{"footnotes":""},"class_list":["post-1821","page","type-page","status-publish","hentry"],"yoast_head":"<!-- This site is optimized with the Yoast SEO plugin v23.6 - https:\/\/yoast.com\/wordpress\/plugins\/seo\/ -->\n<title>Vide\u00f3k | Palestrina<\/title>\n<meta name=\"robots\" content=\"index, follow, max-snippet:-1, max-image-preview:large, max-video-preview:-1\" \/>\n<link rel=\"canonical\" href=\"https:\/\/palestrina.hu\/galeria\/videok\/\" \/>\n<meta property=\"og:locale\" content=\"hu_HU\" \/>\n<meta property=\"og:type\" content=\"article\" \/>\n<meta property=\"og:title\" content=\"Vide\u00f3k | Palestrina\" \/>\n<meta property=\"og:url\" content=\"https:\/\/palestrina.hu\/en\/galeria\/videok\/\" \/>\n<meta property=\"og:site_name\" content=\"Palestrina\" \/>\n<meta property=\"article:modified_time\" content=\"2024-10-15T12:15:39+00:00\" \/>\n<meta name=\"twitter:card\" content=\"summary_large_image\" \/>\n<meta name=\"twitter:label1\" content=\"Becs\u00fclt olvas\u00e1si id\u0151\" \/>\n\t<meta name=\"twitter:data1\" content=\"1 perc\" \/>\n<script type=\"application\/ld+json\" class=\"yoast-schema-graph\">{\"@context\":\"https:\/\/schema.org\",\"@graph\":[{\"@type\":\"WebPage\",\"@id\":\"https:\/\/palestrina.hu\/en\/galeria\/videok\/\",\"url\":\"https:\/\/palestrina.hu\/en\/galeria\/videok\/\",\"name\":\"Vide\u00f3k | Palestrina\",\"isPartOf\":{\"@id\":\"http:\/\/palestrina.hu\/#website\"},\"datePublished\":\"2016-03-08T14:15:43+00:00\",\"dateModified\":\"2024-10-15T12:15:39+00:00\",\"breadcrumb\":{\"@id\":\"https:\/\/palestrina.hu\/en\/galeria\/videok\/#breadcrumb\"},\"inLanguage\":\"hu\",\"potentialAction\":[{\"@type\":\"ReadAction\",\"target\":[\"https:\/\/palestrina.hu\/en\/galeria\/videok\/\"]}]},{\"@type\":\"BreadcrumbList\",\"@id\":\"https:\/\/palestrina.hu\/en\/galeria\/videok\/#breadcrumb\",\"itemListElement\":[{\"@type\":\"ListItem\",\"position\":1,\"name\":\"Home\",\"item\":\"http:\/\/palestrina.hu\/\"},{\"@type\":\"ListItem\",\"position\":2,\"name\":\"Gal\u00e9ria\",\"item\":\"https:\/\/palestrina.hu\/en\/galeria\/\"},{\"@type\":\"ListItem\",\"position\":3,\"name\":\"Vide\u00f3k\"}]},{\"@type\":\"WebSite\",\"@id\":\"http:\/\/palestrina.hu\/#website\",\"url\":\"http:\/\/palestrina.hu\/\",\"name\":\"Palestrina\",\"description\":\"... egy \u00fajabb WordPress honlap...\",\"potentialAction\":[{\"@type\":\"SearchAction\",\"target\":{\"@type\":\"EntryPoint\",\"urlTemplate\":\"http:\/\/palestrina.hu\/?s={search_term_string}\"},\"query-input\":{\"@type\":\"PropertyValueSpecification\",\"valueRequired\":true,\"valueName\":\"search_term_string\"}}],\"inLanguage\":\"hu\"}]}<\/script>\n<!-- \/ Yoast SEO plugin. -->","yoast_head_json":{"title":"Vide\u00f3k | Palestrina","robots":{"index":"index","follow":"follow","max-snippet":"max-snippet:-1","max-image-preview":"max-image-preview:large","max-video-preview":"max-video-preview:-1"},"canonical":"https:\/\/palestrina.hu\/galeria\/videok\/","og_locale":"hu_HU","og_type":"article","og_title":"Vide\u00f3k | Palestrina","og_url":"https:\/\/palestrina.hu\/en\/galeria\/videok\/","og_site_name":"Palestrina","article_modified_time":"2024-10-15T12:15:39+00:00","twitter_card":"summary_large_image","twitter_misc":{"Becs\u00fclt olvas\u00e1si id\u0151":"1 perc"},"schema":{"@context":"https:\/\/schema.org","@graph":[{"@type":"WebPage","@id":"https:\/\/palestrina.hu\/en\/galeria\/videok\/","url":"https:\/\/palestrina.hu\/en\/galeria\/videok\/","name":"Vide\u00f3k | Palestrina","isPartOf":{"@id":"http:\/\/palestrina.hu\/#website"},"datePublished":"2016-03-08T14:15:43+00:00","dateModified":"2024-10-15T12:15:39+00:00","breadcrumb":{"@id":"https:\/\/palestrina.hu\/en\/galeria\/videok\/#breadcrumb"},"inLanguage":"hu","potentialAction":[{"@type":"ReadAction","target":["https:\/\/palestrina.hu\/en\/galeria\/videok\/"]}]},{"@type":"BreadcrumbList","@id":"https:\/\/palestrina.hu\/en\/galeria\/videok\/#breadcrumb","itemListElement":[{"@type":"ListItem","position":1,"name":"Home","item":"http:\/\/palestrina.hu\/"},{"@type":"ListItem","position":2,"name":"Gal\u00e9ria","item":"https:\/\/palestrina.hu\/en\/galeria\/"},{"@type":"ListItem","position":3,"name":"Vide\u00f3k"}]},{"@type":"WebSite","@id":"http:\/\/palestrina.hu\/#website","url":"http:\/\/palestrina.hu\/","name":"Palestrina","description":"... egy \u00fajabb WordPress honlap...","potentialAction":[{"@type":"SearchAction","target":{"@type":"EntryPoint","urlTemplate":"http:\/\/palestrina.hu\/?s={search_term_string}"},"query-input":{"@type":"PropertyValueSpecification","valueRequired":true,"valueName":"search_term_string"}}],"inLanguage":"hu"}]}},"_links":{"self":[{"href":"https:\/\/palestrina.hu\/en\/wp-json\/wp\/v2\/pages\/1821\/"}],"collection":[{"href":"https:\/\/palestrina.hu\/en\/wp-json\/wp\/v2\/pages\/"}],"about":[{"href":"https:\/\/palestrina.hu\/en\/wp-json\/wp\/v2\/types\/page\/"}],"author":[{"embeddable":true,"href":"https:\/\/palestrina.hu\/en\/wp-json\/wp\/v2\/users\/1\/"}],"replies":[{"embeddable":true,"href":"https:\/\/palestrina.hu\/en\/wp-json\/wp\/v2\/comments\/?post=1821"}],"version-history":[{"count":3,"href":"https:\/\/palestrina.hu\/en\/wp-json\/wp\/v2\/pages\/1821\/revisions\/"}],"predecessor-version":[{"id":3090,"href":"https:\/\/palestrina.hu\/en\/wp-json\/wp\/v2\/pages\/1821\/revisions\/3090\/"}],"up":[{"embeddable":true,"href":"https:\/\/palestrina.hu\/en\/wp-json\/wp\/v2\/pages\/1755\/"}],"wp:attachment":[{"href":"https:\/\/palestrina.hu\/en\/wp-json\/wp\/v2\/media\/?parent=1821"}],"curies":[{"name":"wp","href":"https:\/\/api.w.org\/{rel}","templated":true}]}}