{"id":1819,"date":"2016-03-08T14:14:38","date_gmt":"2016-03-08T14:14:38","guid":{"rendered":"http:\/\/palestrina.hu\/en\/szolgaltatasok\/"},"modified":"2016-05-11T16:45:42","modified_gmt":"2016-05-11T16:45:42","slug":"szolgaltatasok","status":"publish","type":"page","link":"https:\/\/palestrina.hu\/en\/szolgaltatasok\/","title":{"rendered":"Services"},"content":{"rendered":"<p><strong>Szolg\u00e1ltat\u00e1sok<\/strong><\/p>\n<p>\u00c9nekkarunk rendk\u00edv\u00fcl s\u0171r\u0171 programj\u00e1n t\u00fal &#8211; forr\u00e1steremt\u00e9si c\u00e9llal &#8211; \u00e9vi n\u00e9h\u00e1ny alkalommal k\u00f6zrem\u0171k\u00f6dik kultur\u00e1lis rendezv\u00e9nyeken, esk\u00fcv\u0151k\u00f6n, temet\u00e9seken.<\/p>\n<p><u>Esk\u00fcv\u0151:<\/u> a n\u00e1szmise teljes zenei szolg\u00e1lata: bevonul\u00e1sra orgonaj\u00e1t\u00e9k, majd miset\u00e9telek, felaj\u00e1nl\u00e1si \u00e9nek, egy\u00e9b motett\u00e1k, Ave Maria &#8211; mind latin nyelven, d\u00f6nt\u0151en a XVI. sz\u00e1zadi (renesz\u00e1nsz) egyh\u00e1zi zeneirodalomb\u00f3l.<\/p>\n<p><u>Temet\u00e9s:<\/u> a gy\u00e1szmise teljes zenei szolg\u00e1lata: miset\u00e9telek (ig\u00e9ny szerint gregori\u00e1n, vagy t\u00f6bbsz\u00f3lam\u00fa), zsolt\u00e1rok, motett\u00e1k &#8211; latin nyelven &#8211; ide nem \u00e9rtve a temet\u00e9si szertart\u00e1son a k\u00e1ntorok \u00e1ltal v\u00e9gzett munk\u00e1t (zsolt\u00e1rok, n\u00e9p\u00e9nekek).<\/p>\n<p><u>Koncert, ki\u00e1ll\u00edt\u00e1smegnyit\u00f3, egy\u00e9b rendezv\u00e9ny:<\/u> ig\u00e9ny szerint 30-60 perces m\u0171sor a k\u00f3rus profilj\u00e1ba illeszked\u0151 egyh\u00e1zi zenem\u0171vekb\u0151l (a renesz\u00e1nsz alkot\u00e1sok mellett k\u00e9s\u0151-romantikus \u00e9s kort\u00e1rs k\u00f3rusm\u0171vek).<\/p>\n<p>Minden esetben az alkalomhoz ill\u0151 \u00f6lt\u00f6zetben, a megfelel\u0151 hangz\u00e1s el\u00e9r\u00e9s\u00e9hez alkalmas l\u00e9tsz\u00e1mban.<\/p>\n<p>Tov\u00e1bbi inform\u00e1ci\u00f3k <em><a href=\"http:\/\/palestrina.hu\/en\/kontakt\/\">e-mailben vagy telefonon<\/a><\/em> k\u00e9rhet\u0151k.<\/p>\n","protected":false},"excerpt":{"rendered":"<p>Szolg\u00e1ltat\u00e1sok \u00c9nekkarunk rendk\u00edv\u00fcl s\u0171r\u0171 programj\u00e1n t\u00fal &#8211; forr\u00e1steremt\u00e9si c\u00e9llal &#8211; \u00e9vi n\u00e9h\u00e1ny alkalommal k\u00f6zrem\u0171k\u00f6dik kultur\u00e1lis rendezv\u00e9nyeken, esk\u00fcv\u0151k\u00f6n, temet\u00e9seken. Esk\u00fcv\u0151: a n\u00e1szmise teljes zenei szolg\u00e1lata: bevonul\u00e1sra orgonaj\u00e1t\u00e9k, majd miset\u00e9telek, felaj\u00e1nl\u00e1si \u00e9nek, egy\u00e9b motett\u00e1k, Ave Maria &#8211; mind latin nyelven, d\u00f6nt\u0151en a XVI. sz\u00e1zadi (renesz\u00e1nsz) egyh\u00e1zi zeneirodalomb\u00f3l. Temet\u00e9s: a gy\u00e1szmise teljes zenei szolg\u00e1lata: miset\u00e9telek (ig\u00e9ny szerint gregori\u00e1n, [&hellip;]<\/p>\n","protected":false},"author":1,"featured_media":0,"parent":0,"menu_order":0,"comment_status":"closed","ping_status":"closed","template":"","meta":{"footnotes":""},"class_list":["post-1819","page","type-page","status-publish","hentry"],"yoast_head":"<!-- This site is optimized with the Yoast SEO plugin v23.6 - https:\/\/yoast.com\/wordpress\/plugins\/seo\/ -->\n<title>Services | Palestrina<\/title>\n<meta name=\"robots\" content=\"index, follow, max-snippet:-1, max-image-preview:large, max-video-preview:-1\" \/>\n<link rel=\"canonical\" href=\"https:\/\/palestrina.hu\/szolgaltatasok\/\" \/>\n<meta property=\"og:locale\" content=\"hu_HU\" \/>\n<meta property=\"og:type\" content=\"article\" \/>\n<meta property=\"og:title\" content=\"Services | Palestrina\" \/>\n<meta property=\"og:description\" content=\"Szolg\u00e1ltat\u00e1sok \u00c9nekkarunk rendk\u00edv\u00fcl s\u0171r\u0171 programj\u00e1n t\u00fal &#8211; forr\u00e1steremt\u00e9si c\u00e9llal &#8211; \u00e9vi n\u00e9h\u00e1ny alkalommal k\u00f6zrem\u0171k\u00f6dik kultur\u00e1lis rendezv\u00e9nyeken, esk\u00fcv\u0151k\u00f6n, temet\u00e9seken. Esk\u00fcv\u0151: a n\u00e1szmise teljes zenei szolg\u00e1lata: bevonul\u00e1sra orgonaj\u00e1t\u00e9k, majd miset\u00e9telek, felaj\u00e1nl\u00e1si \u00e9nek, egy\u00e9b motett\u00e1k, Ave Maria &#8211; mind latin nyelven, d\u00f6nt\u0151en a XVI. sz\u00e1zadi (renesz\u00e1nsz) egyh\u00e1zi zeneirodalomb\u00f3l. Temet\u00e9s: a gy\u00e1szmise teljes zenei szolg\u00e1lata: miset\u00e9telek (ig\u00e9ny szerint gregori\u00e1n, [&hellip;]\" \/>\n<meta property=\"og:url\" content=\"https:\/\/palestrina.hu\/en\/szolgaltatasok\/\" \/>\n<meta property=\"og:site_name\" content=\"Palestrina\" \/>\n<meta property=\"article:modified_time\" content=\"2016-05-11T16:45:42+00:00\" \/>\n<meta name=\"twitter:card\" content=\"summary_large_image\" \/>\n<meta name=\"twitter:label1\" content=\"Becs\u00fclt olvas\u00e1si id\u0151\" \/>\n\t<meta name=\"twitter:data1\" content=\"1 perc\" \/>\n<script type=\"application\/ld+json\" class=\"yoast-schema-graph\">{\"@context\":\"https:\/\/schema.org\",\"@graph\":[{\"@type\":\"WebPage\",\"@id\":\"https:\/\/palestrina.hu\/en\/szolgaltatasok\/\",\"url\":\"https:\/\/palestrina.hu\/en\/szolgaltatasok\/\",\"name\":\"Services | Palestrina\",\"isPartOf\":{\"@id\":\"http:\/\/palestrina.hu\/#website\"},\"datePublished\":\"2016-03-08T14:14:38+00:00\",\"dateModified\":\"2016-05-11T16:45:42+00:00\",\"breadcrumb\":{\"@id\":\"https:\/\/palestrina.hu\/en\/szolgaltatasok\/#breadcrumb\"},\"inLanguage\":\"hu\",\"potentialAction\":[{\"@type\":\"ReadAction\",\"target\":[\"https:\/\/palestrina.hu\/en\/szolgaltatasok\/\"]}]},{\"@type\":\"BreadcrumbList\",\"@id\":\"https:\/\/palestrina.hu\/en\/szolgaltatasok\/#breadcrumb\",\"itemListElement\":[{\"@type\":\"ListItem\",\"position\":1,\"name\":\"Home\",\"item\":\"http:\/\/palestrina.hu\/\"},{\"@type\":\"ListItem\",\"position\":2,\"name\":\"Services\"}]},{\"@type\":\"WebSite\",\"@id\":\"http:\/\/palestrina.hu\/#website\",\"url\":\"http:\/\/palestrina.hu\/\",\"name\":\"Palestrina\",\"description\":\"... egy \u00fajabb WordPress honlap...\",\"potentialAction\":[{\"@type\":\"SearchAction\",\"target\":{\"@type\":\"EntryPoint\",\"urlTemplate\":\"http:\/\/palestrina.hu\/?s={search_term_string}\"},\"query-input\":{\"@type\":\"PropertyValueSpecification\",\"valueRequired\":true,\"valueName\":\"search_term_string\"}}],\"inLanguage\":\"hu\"}]}<\/script>\n<!-- \/ Yoast SEO plugin. -->","yoast_head_json":{"title":"Services | Palestrina","robots":{"index":"index","follow":"follow","max-snippet":"max-snippet:-1","max-image-preview":"max-image-preview:large","max-video-preview":"max-video-preview:-1"},"canonical":"https:\/\/palestrina.hu\/szolgaltatasok\/","og_locale":"hu_HU","og_type":"article","og_title":"Services | Palestrina","og_description":"Szolg\u00e1ltat\u00e1sok \u00c9nekkarunk rendk\u00edv\u00fcl s\u0171r\u0171 programj\u00e1n t\u00fal &#8211; forr\u00e1steremt\u00e9si c\u00e9llal &#8211; \u00e9vi n\u00e9h\u00e1ny alkalommal k\u00f6zrem\u0171k\u00f6dik kultur\u00e1lis rendezv\u00e9nyeken, esk\u00fcv\u0151k\u00f6n, temet\u00e9seken. Esk\u00fcv\u0151: a n\u00e1szmise teljes zenei szolg\u00e1lata: bevonul\u00e1sra orgonaj\u00e1t\u00e9k, majd miset\u00e9telek, felaj\u00e1nl\u00e1si \u00e9nek, egy\u00e9b motett\u00e1k, Ave Maria &#8211; mind latin nyelven, d\u00f6nt\u0151en a XVI. sz\u00e1zadi (renesz\u00e1nsz) egyh\u00e1zi zeneirodalomb\u00f3l. Temet\u00e9s: a gy\u00e1szmise teljes zenei szolg\u00e1lata: miset\u00e9telek (ig\u00e9ny szerint gregori\u00e1n, [&hellip;]","og_url":"https:\/\/palestrina.hu\/en\/szolgaltatasok\/","og_site_name":"Palestrina","article_modified_time":"2016-05-11T16:45:42+00:00","twitter_card":"summary_large_image","twitter_misc":{"Becs\u00fclt olvas\u00e1si id\u0151":"1 perc"},"schema":{"@context":"https:\/\/schema.org","@graph":[{"@type":"WebPage","@id":"https:\/\/palestrina.hu\/en\/szolgaltatasok\/","url":"https:\/\/palestrina.hu\/en\/szolgaltatasok\/","name":"Services | Palestrina","isPartOf":{"@id":"http:\/\/palestrina.hu\/#website"},"datePublished":"2016-03-08T14:14:38+00:00","dateModified":"2016-05-11T16:45:42+00:00","breadcrumb":{"@id":"https:\/\/palestrina.hu\/en\/szolgaltatasok\/#breadcrumb"},"inLanguage":"hu","potentialAction":[{"@type":"ReadAction","target":["https:\/\/palestrina.hu\/en\/szolgaltatasok\/"]}]},{"@type":"BreadcrumbList","@id":"https:\/\/palestrina.hu\/en\/szolgaltatasok\/#breadcrumb","itemListElement":[{"@type":"ListItem","position":1,"name":"Home","item":"http:\/\/palestrina.hu\/"},{"@type":"ListItem","position":2,"name":"Services"}]},{"@type":"WebSite","@id":"http:\/\/palestrina.hu\/#website","url":"http:\/\/palestrina.hu\/","name":"Palestrina","description":"... egy \u00fajabb WordPress honlap...","potentialAction":[{"@type":"SearchAction","target":{"@type":"EntryPoint","urlTemplate":"http:\/\/palestrina.hu\/?s={search_term_string}"},"query-input":{"@type":"PropertyValueSpecification","valueRequired":true,"valueName":"search_term_string"}}],"inLanguage":"hu"}]}},"_links":{"self":[{"href":"https:\/\/palestrina.hu\/en\/wp-json\/wp\/v2\/pages\/1819\/"}],"collection":[{"href":"https:\/\/palestrina.hu\/en\/wp-json\/wp\/v2\/pages\/"}],"about":[{"href":"https:\/\/palestrina.hu\/en\/wp-json\/wp\/v2\/types\/page\/"}],"author":[{"embeddable":true,"href":"https:\/\/palestrina.hu\/en\/wp-json\/wp\/v2\/users\/1\/"}],"replies":[{"embeddable":true,"href":"https:\/\/palestrina.hu\/en\/wp-json\/wp\/v2\/comments\/?post=1819"}],"version-history":[{"count":4,"href":"https:\/\/palestrina.hu\/en\/wp-json\/wp\/v2\/pages\/1819\/revisions\/"}],"predecessor-version":[{"id":2083,"href":"https:\/\/palestrina.hu\/en\/wp-json\/wp\/v2\/pages\/1819\/revisions\/2083\/"}],"wp:attachment":[{"href":"https:\/\/palestrina.hu\/en\/wp-json\/wp\/v2\/media\/?parent=1819"}],"curies":[{"name":"wp","href":"https:\/\/api.w.org\/{rel}","templated":true}]}}