{"id":1792,"date":"2016-03-08T14:03:32","date_gmt":"2016-03-08T14:03:32","guid":{"rendered":"http:\/\/palestrina.hu\/en\/documents\/hivatalos\/"},"modified":"2016-05-22T17:10:08","modified_gmt":"2016-05-22T17:10:08","slug":"hivatalos","status":"publish","type":"page","link":"https:\/\/palestrina.hu\/en\/dokumentumok\/hivatalos\/","title":{"rendered":"Official Documents (in Hungarian)"},"content":{"rendered":"\n<div id=\"g1-table-counter-1\" class=\"table-wrapper\"><table class=\"simple\">\n<thead>\n<tr>\n<th>#<\/th>\n<th>Document<\/th>\n<th>Type<\/th>\n<th>Download<\/th>\n<\/tr>\n<\/thead>\n<tbody>\n<tr>\n<td>1.<\/td>\n<td>A Glatt Ign\u00e1c Egyes\u00fclet hat\u00e1lyos alapszab\u00e1lya<\/td>\n<td>pdf<\/td>\n<td><a href=\"\/wp-content\/uploads\/2016\/04\/Alapszab\u00e1ly.pdf\" target=\"_blank\">download<\/a><\/td>\n<\/tr>\n<tr>\n<td>2.<\/td>\n<td>A Glatt Ign\u00e1c Egyes\u00fclet k\u00f6zhaszn\u00fa jog\u00e1ll\u00e1s\u00e1t igazol\u00f3 b\u00edr\u00f3s\u00e1gi hat\u00e1rozat<\/td>\n<td>pdf<\/td>\n<td><a href=\"\/wp-content\/uploads\/2016\/04\/K\u00f6zhaszn\u00fas\u00e1g.pdf\" target=\"_blank\">download<\/a><\/td>\n<\/tr>\n<tr>\n<td>3.<\/td>\n<td>Hat\u00e1rozatok t\u00e1ra <\/td>\n<td>pdf<\/td>\n<td><a href=\"\/wp-content\/uploads\/2016\/04\/Hat\u00e1rozatok-k\u00f6nyve.pdf\" target=\"_blank\">download<\/a><\/td>\n<\/tr>\n<tr>\n<td>4.<\/td>\n<td>\u00c9ves besz\u00e1mol\u00f3 2015<\/td>\n<td>pdf<\/td>\n<td><\/td>\n<\/tr>\n<tr>\n<td>5.<\/td>\n<td>\u00c9ves besz\u00e1mol\u00f3 2014<\/td>\n<td>pdf<\/td>\n<td><\/td>\n<\/tr>\n<tr>\n<td>6.<\/td>\n<td>\u00c9ves besz\u00e1mol\u00f3 2013<\/td>\n<td>pdf<\/td>\n<td><\/td>\n<\/tr>\n<\/tbody>\n<\/table><\/div>\n\n<p>A kor\u00e1bbi \u00e9vek besz\u00e1mol\u00f3i fellelhet\u0151k a www.birosag.hu adatb\u00e1zis\u00e1ban.<\/p>\n","protected":false},"excerpt":{"rendered":"<p>A kor\u00e1bbi \u00e9vek besz\u00e1mol\u00f3i fellelhet\u0151k a www.birosag.hu adatb\u00e1zis\u00e1ban.<\/p>\n","protected":false},"author":1,"featured_media":0,"parent":1790,"menu_order":0,"comment_status":"closed","ping_status":"closed","template":"","meta":{"footnotes":""},"class_list":["post-1792","page","type-page","status-publish","hentry"],"yoast_head":"<!-- This site is optimized with the Yoast SEO plugin v23.6 - https:\/\/yoast.com\/wordpress\/plugins\/seo\/ -->\n<title>Official Documents (in Hungarian) | Palestrina<\/title>\n<meta name=\"robots\" content=\"index, follow, max-snippet:-1, max-image-preview:large, max-video-preview:-1\" \/>\n<link rel=\"canonical\" href=\"https:\/\/palestrina.hu\/dokumentumok\/hivatalos\/\" \/>\n<meta property=\"og:locale\" content=\"hu_HU\" \/>\n<meta property=\"og:type\" content=\"article\" \/>\n<meta property=\"og:title\" content=\"Official Documents (in Hungarian) | Palestrina\" \/>\n<meta property=\"og:description\" content=\"A kor\u00e1bbi \u00e9vek besz\u00e1mol\u00f3i fellelhet\u0151k a www.birosag.hu adatb\u00e1zis\u00e1ban.\" \/>\n<meta property=\"og:url\" content=\"https:\/\/palestrina.hu\/en\/dokumentumok\/hivatalos\/\" \/>\n<meta property=\"og:site_name\" content=\"Palestrina\" \/>\n<meta property=\"article:modified_time\" content=\"2016-05-22T17:10:08+00:00\" \/>\n<meta name=\"twitter:card\" content=\"summary_large_image\" \/>\n<script type=\"application\/ld+json\" class=\"yoast-schema-graph\">{\"@context\":\"https:\/\/schema.org\",\"@graph\":[{\"@type\":\"WebPage\",\"@id\":\"https:\/\/palestrina.hu\/en\/dokumentumok\/hivatalos\/\",\"url\":\"https:\/\/palestrina.hu\/en\/dokumentumok\/hivatalos\/\",\"name\":\"Official Documents (in Hungarian) | Palestrina\",\"isPartOf\":{\"@id\":\"http:\/\/palestrina.hu\/#website\"},\"datePublished\":\"2016-03-08T14:03:32+00:00\",\"dateModified\":\"2016-05-22T17:10:08+00:00\",\"breadcrumb\":{\"@id\":\"https:\/\/palestrina.hu\/en\/dokumentumok\/hivatalos\/#breadcrumb\"},\"inLanguage\":\"hu\",\"potentialAction\":[{\"@type\":\"ReadAction\",\"target\":[\"https:\/\/palestrina.hu\/en\/dokumentumok\/hivatalos\/\"]}]},{\"@type\":\"BreadcrumbList\",\"@id\":\"https:\/\/palestrina.hu\/en\/dokumentumok\/hivatalos\/#breadcrumb\",\"itemListElement\":[{\"@type\":\"ListItem\",\"position\":1,\"name\":\"Home\",\"item\":\"http:\/\/palestrina.hu\/\"},{\"@type\":\"ListItem\",\"position\":2,\"name\":\"Documents\",\"item\":\"https:\/\/palestrina.hu\/en\/dokumentumok\/\"},{\"@type\":\"ListItem\",\"position\":3,\"name\":\"Official Documents (in Hungarian)\"}]},{\"@type\":\"WebSite\",\"@id\":\"http:\/\/palestrina.hu\/#website\",\"url\":\"http:\/\/palestrina.hu\/\",\"name\":\"Palestrina\",\"description\":\"... egy \u00fajabb WordPress honlap...\",\"potentialAction\":[{\"@type\":\"SearchAction\",\"target\":{\"@type\":\"EntryPoint\",\"urlTemplate\":\"http:\/\/palestrina.hu\/?s={search_term_string}\"},\"query-input\":{\"@type\":\"PropertyValueSpecification\",\"valueRequired\":true,\"valueName\":\"search_term_string\"}}],\"inLanguage\":\"hu\"}]}<\/script>\n<!-- \/ Yoast SEO plugin. -->","yoast_head_json":{"title":"Official Documents (in Hungarian) | Palestrina","robots":{"index":"index","follow":"follow","max-snippet":"max-snippet:-1","max-image-preview":"max-image-preview:large","max-video-preview":"max-video-preview:-1"},"canonical":"https:\/\/palestrina.hu\/dokumentumok\/hivatalos\/","og_locale":"hu_HU","og_type":"article","og_title":"Official Documents (in Hungarian) | Palestrina","og_description":"A kor\u00e1bbi \u00e9vek besz\u00e1mol\u00f3i fellelhet\u0151k a www.birosag.hu adatb\u00e1zis\u00e1ban.","og_url":"https:\/\/palestrina.hu\/en\/dokumentumok\/hivatalos\/","og_site_name":"Palestrina","article_modified_time":"2016-05-22T17:10:08+00:00","twitter_card":"summary_large_image","schema":{"@context":"https:\/\/schema.org","@graph":[{"@type":"WebPage","@id":"https:\/\/palestrina.hu\/en\/dokumentumok\/hivatalos\/","url":"https:\/\/palestrina.hu\/en\/dokumentumok\/hivatalos\/","name":"Official Documents (in Hungarian) | Palestrina","isPartOf":{"@id":"http:\/\/palestrina.hu\/#website"},"datePublished":"2016-03-08T14:03:32+00:00","dateModified":"2016-05-22T17:10:08+00:00","breadcrumb":{"@id":"https:\/\/palestrina.hu\/en\/dokumentumok\/hivatalos\/#breadcrumb"},"inLanguage":"hu","potentialAction":[{"@type":"ReadAction","target":["https:\/\/palestrina.hu\/en\/dokumentumok\/hivatalos\/"]}]},{"@type":"BreadcrumbList","@id":"https:\/\/palestrina.hu\/en\/dokumentumok\/hivatalos\/#breadcrumb","itemListElement":[{"@type":"ListItem","position":1,"name":"Home","item":"http:\/\/palestrina.hu\/"},{"@type":"ListItem","position":2,"name":"Documents","item":"https:\/\/palestrina.hu\/en\/dokumentumok\/"},{"@type":"ListItem","position":3,"name":"Official Documents (in Hungarian)"}]},{"@type":"WebSite","@id":"http:\/\/palestrina.hu\/#website","url":"http:\/\/palestrina.hu\/","name":"Palestrina","description":"... egy \u00fajabb WordPress honlap...","potentialAction":[{"@type":"SearchAction","target":{"@type":"EntryPoint","urlTemplate":"http:\/\/palestrina.hu\/?s={search_term_string}"},"query-input":{"@type":"PropertyValueSpecification","valueRequired":true,"valueName":"search_term_string"}}],"inLanguage":"hu"}]}},"_links":{"self":[{"href":"https:\/\/palestrina.hu\/en\/wp-json\/wp\/v2\/pages\/1792\/"}],"collection":[{"href":"https:\/\/palestrina.hu\/en\/wp-json\/wp\/v2\/pages\/"}],"about":[{"href":"https:\/\/palestrina.hu\/en\/wp-json\/wp\/v2\/types\/page\/"}],"author":[{"embeddable":true,"href":"https:\/\/palestrina.hu\/en\/wp-json\/wp\/v2\/users\/1\/"}],"replies":[{"embeddable":true,"href":"https:\/\/palestrina.hu\/en\/wp-json\/wp\/v2\/comments\/?post=1792"}],"version-history":[{"count":7,"href":"https:\/\/palestrina.hu\/en\/wp-json\/wp\/v2\/pages\/1792\/revisions\/"}],"predecessor-version":[{"id":2047,"href":"https:\/\/palestrina.hu\/en\/wp-json\/wp\/v2\/pages\/1792\/revisions\/2047\/"}],"up":[{"embeddable":true,"href":"https:\/\/palestrina.hu\/en\/wp-json\/wp\/v2\/pages\/1790\/"}],"wp:attachment":[{"href":"https:\/\/palestrina.hu\/en\/wp-json\/wp\/v2\/media\/?parent=1792"}],"curies":[{"name":"wp","href":"https:\/\/api.w.org\/{rel}","templated":true}]}}