{"id":1770,"date":"2016-03-08T13:55:34","date_gmt":"2016-03-08T13:55:34","guid":{"rendered":"http:\/\/palestrina.hu\/en\/about-us\/orgonista\/"},"modified":"2024-10-15T13:28:05","modified_gmt":"2024-10-15T13:28:05","slug":"orgonista","status":"publish","type":"page","link":"https:\/\/palestrina.hu\/en\/rolunk\/orgonista\/","title":{"rendered":"Orgonista"},"content":{"rendered":"<div style=\"line-height: 1;\"><ul class=\"g1-grid\"><li class=\"g1-column g1-one-half g1-valign-top\" id=\"g1-grid-counter-0\" ><img loading=\"lazy\" decoding=\"async\" class=\"alignnone  wp-image-2861\" src=\"http:\/\/palestrina.hu\/wp-content\/uploads\/2024\/10\/133_Palestrina_150405_NNfoto-scaled-1-682x1024.jpg\" alt=\"\" width=\"303\" height=\"455\" srcset=\"https:\/\/palestrina.hu\/wp-content\/uploads\/2024\/10\/133_Palestrina_150405_NNfoto-scaled-1-682x1024.jpg 682w, https:\/\/palestrina.hu\/wp-content\/uploads\/2024\/10\/133_Palestrina_150405_NNfoto-scaled-1-200x300.jpg 200w, https:\/\/palestrina.hu\/wp-content\/uploads\/2024\/10\/133_Palestrina_150405_NNfoto-scaled-1-768x1152.jpg 768w, https:\/\/palestrina.hu\/wp-content\/uploads\/2024\/10\/133_Palestrina_150405_NNfoto-scaled-1-1024x1536.jpg 1024w, https:\/\/palestrina.hu\/wp-content\/uploads\/2024\/10\/133_Palestrina_150405_NNfoto-scaled-1-1365x2048.jpg 1365w, https:\/\/palestrina.hu\/wp-content\/uploads\/2024\/10\/133_Palestrina_150405_NNfoto-scaled-1.jpg 1706w\" sizes=\"(max-width: 303px) 100vw, 303px\" \/><\/li><!-- --><li class=\"g1-column g1-one-half g1-valign-top\" id=\"g1-grid-counter-1\" ><strong>Kov\u00e1cs Szil\u00e1rd orgonam\u0171v\u00e9sz szakmai \u00e9letrajza<\/strong>Kov\u00e1cs Szil\u00e1rd orgonam\u0171v\u00e9sz \u00e9s tan\u00e1r 1976. j\u00fanius 30-\u00e1n sz\u00fcletett Karcagon.<div id=\"g1-divider-counter-1\" class=\"g1-divider g1-type-classic-2\"><\/div><\/p>\n<p><strong>Tanulm\u00e1nyai<\/strong><\/p>\n<p>1996-2001\u00a0 Liszt Ferenc Zenem\u0171v\u00e9szeti F\u0151iskola Debreceni Tagozata \u2013 orgona<\/p>\n<p>1998-2002\u00a0 Debreceni Egyetem Konzervat\u00f3riuma \u2013 egyh\u00e1zzene<\/p>\n<p>1998-2003\u00a0 Liszt Ferenc Zenem\u0171v\u00e9szeti F\u0151iskola Debreceni Tagozata \u2013 zeneelm\u00e9let<\/p>\n<p>2006-2008\u00a0 Universit\u00e4t f\u00fcr Musik und darstellende Kunst Wien, Ausztria \u2013 orgona<\/p>\n<p>2007-2011\u00a0 University of Jyv\u00e4skyl\u00e4, Finnorsz\u00e1g \u2013 doktori tanulm\u00e1nyok (PhD)<\/p>\n<p>Disszert\u00e1ci\u00f3j\u00e1nak c\u00edme: Az Orgelb\u00fcchlein mint az improviz\u00e1ci\u00f3 iskol\u00e1ja.<\/p>\n<p>2015-\u00a0\u00a0\u00a0\u00a0\u00a0\u00a0\u00a0\u00a0\u00a0 P\u00e9csi Tudom\u00e1nyegyetem M\u0171v\u00e9szeti Kar \u2013 doktori tanulm\u00e1nyok (DLA)<\/p>\n<div id=\"g1-divider-counter-2\" class=\"g1-divider g1-type-classic-2\"><\/div>\n<\/li><!-- --><\/ul><\/p>\n<p><strong>Tan\u00e1ri p\u00e1lyafut\u00e1sa<\/strong><\/p>\n<p>2003-2014\u00a0 Debreceni Egyetem Zenem\u0171v\u00e9szeti Kar \u2013 orgona, zeneelm\u00e9let, liturgikus improviz\u00e1ci\u00f3<\/p>\n<p>2007-2010\u00a0 K\u00f6lcsey Ferenc Reform\u00e1tus Tan\u00edt\u00f3k\u00e9pz\u0151 F\u0151iskola, Debrecen \u2013 orgona \u00e9s orgonaismeret<\/p>\n<p>2014-\u00a0\u00a0\u00a0\u00a0\u00a0\u00a0\u00a0\u00a0\u00a0 P\u00e9csi Tudom\u00e1nyegyetem M\u0171v\u00e9szeti Kar \u2013 orgona, zeneelm\u00e9let, anal\u00edzis, transzpon\u00e1l\u00e1s \u00e9s partit\u00fara-j\u00e1t\u00e9k<\/p>\n<div id=\"g1-divider-counter-3\" class=\"g1-divider g1-type-classic-2\"><\/div>\n<p><strong>K\u00e1ntori\/orgonam\u0171v\u00e9szi p\u00e1ly\u00e1ja<\/strong><\/p>\n<p>2004-2013\u00a0 Debreceni Megtestes\u00fcl\u00e9s Templom \u2013 orgonista<\/p>\n<p>2013-\u00a0\u00a0\u00a0\u00a0\u00a0\u00a0\u00a0\u00a0\u00a0 P\u00e9csi Sz\u00e9kesegyh\u00e1z \u2013 orgonam\u0171v\u00e9sz \u00e9s zeneigazgat\u00f3<\/p>\n<p>Sz\u00e1mos helyen adott orgonakoncertet. Magyarorsz\u00e1gon: Budapest, Debrecen, Eger, Gy\u0151r, Kecskem\u00e9t, P\u00e9cs, Pusztaszabolcs, Szolnok, Szombathely, Tihany, Zalaegerszeg, Zirc, stb. K\u00fclf\u00f6ld\u00f6n: N\u00e9metorsz\u00e1g, Sv\u00e1jc, Franciaorsz\u00e1g, Rom\u00e1nia, Szlov\u00e1kia, D\u00e1nia, Ausztria, Olaszorsz\u00e1g.<\/p>\n<div id=\"g1-divider-counter-4\" class=\"g1-divider g1-type-classic-2\"><\/div>\n<p><strong>Jelent\u0151sebb versenyeredm\u00e9nyei<\/strong><\/p>\n<p>1999\u00a0\u00a0\u00a0\u00a0\u00a0\u00a0\u00a0\u00a0\u00a0\u00a0 Liszt Ferenc Nemzetk\u00f6zi Orgonaverseny \u2013 3. d\u00edj, legjobb magyar versenyz\u0151<\/p>\n<p>2014\u00a0\u00a0\u00a0\u00a0\u00a0\u00a0\u00a0\u00a0\u00a0\u00a0 Evang\u00e9likus Egyh\u00e1z Reform\u00e1ci\u00f3i Eml\u00e9kbizotts\u00e1g\u00e1nak zeneszerz\u0151 versenye \u2013 3. d\u00edj<\/p>\n<div id=\"g1-divider-counter-5\" class=\"g1-divider g1-type-classic-2\"><\/div>\n<p><strong>Publik\u00e1ci\u00f3k<\/strong><\/p>\n<p>2006\u00a0\u00a0\u00a0\u00a0\u00a0\u00a0\u00a0\u00a0\u00a0\u00a0 V\u00e1ltozatok egy magyar n\u00e9p\u00e9nekre \u2013 Hommage \u00e0 M. Dupr\u00e9<\/p>\n<p>2007\u00a0\u00a0\u00a0\u00a0\u00a0\u00a0\u00a0\u00a0\u00a0\u00a0 Laudate Dominum \u2013 El\u0151j\u00e1t\u00e9kok \u00e9s inton\u00e1ci\u00f3k a R\u00f3mai Katolikus N\u00e9p\u00e9nekt\u00e1rhoz<\/p>\n<p>2013\u00a0\u00a0\u00a0\u00a0\u00a0\u00a0\u00a0\u00a0\u00a0\u00a0 Magyar mise \u2013 \u00e9nekhangra \u00e9s orgon\u00e1ra<\/p>\n<div id=\"g1-divider-counter-6\" class=\"g1-divider g1-type-classic-2\"><\/div>\n<p><strong>Hangfelv\u00e9telek<\/strong><\/p>\n<p>2009 \u00a0\u00a0\u00a0\u00a0\u00a0\u00a0\u00a0\u00a0\u00a0 Organum Incarnationis. KSZCD 001<\/p>\n<div id=\"g1-divider-counter-7\" class=\"g1-divider g1-type-classic-2\"><\/div>\n<p><strong>Orgona tervez\u0151i \u00e9s szak\u00e9rt\u0151i munk\u00e1k<\/strong><\/p>\n<p>2005\u00a0\u00a0\u00a0\u00a0\u00a0\u00a0\u00a0\u00a0\u00a0\u00a0 Debrecen, Megtestes\u00fcl\u00e9s Templom \u2013 tervez\u00e9s \u00e9s szak\u00e9rt\u0151i munka (21 reg.)<\/p>\n<p>2006\u00a0\u00a0\u00a0\u00a0\u00a0\u00a0\u00a0\u00a0\u00a0\u00a0 Szolnok, Belv\u00e1rosi F\u0151pl\u00e9b\u00e1nia Templom \u2013 fel\u00faj\u00edt\u00e1s \u00e9s j\u00e1tsz\u00f3asztal csere (31 reg.)<\/p>\n<p>2007\u00a0\u00a0\u00a0\u00a0\u00a0\u00a0\u00a0\u00a0\u00a0\u00a0 Ny\u00edradony, R\u00f3mai Katolikus Templom \u2013 fel\u00faj\u00edt\u00e1s \u00e9s b\u0151v\u00edt\u00e9s (17 reg.)<\/p>\n<div id=\"g1-divider-counter-8\" class=\"g1-divider g1-type-classic-2\"><\/div>\n<p>D\u00edjak, kit\u00fcntet\u00e9sek<\/p>\n<p>2007\u00a0\u00a0\u00a0\u00a0\u00a0\u00a0\u00a0\u00a0\u00a0\u00a0 Debrecen Kult\u00far\u00e1j\u00e1\u00e9rt D\u00edj<\/p>\n<p>2009\u00a0\u00a0\u00a0 Boldog Apor Vilmos Eml\u00e9k\u00e9rem (Gyula)<\/p>\n<\/div>\n","protected":false},"excerpt":{"rendered":"<p>Tan\u00e1ri p\u00e1lyafut\u00e1sa 2003-2014\u00a0 Debreceni Egyetem Zenem\u0171v\u00e9szeti Kar \u2013 orgona, zeneelm\u00e9let, liturgikus improviz\u00e1ci\u00f3 2007-2010\u00a0 K\u00f6lcsey Ferenc Reform\u00e1tus Tan\u00edt\u00f3k\u00e9pz\u0151 F\u0151iskola, Debrecen \u2013 orgona \u00e9s orgonaismeret 2014-\u00a0\u00a0\u00a0\u00a0\u00a0\u00a0\u00a0\u00a0\u00a0 P\u00e9csi Tudom\u00e1nyegyetem M\u0171v\u00e9szeti Kar \u2013 orgona, zeneelm\u00e9let, anal\u00edzis, transzpon\u00e1l\u00e1s \u00e9s partit\u00fara-j\u00e1t\u00e9k K\u00e1ntori\/orgonam\u0171v\u00e9szi p\u00e1ly\u00e1ja 2004-2013\u00a0 Debreceni Megtestes\u00fcl\u00e9s Templom \u2013 orgonista 2013-\u00a0\u00a0\u00a0\u00a0\u00a0\u00a0\u00a0\u00a0\u00a0 P\u00e9csi Sz\u00e9kesegyh\u00e1z \u2013 orgonam\u0171v\u00e9sz \u00e9s zeneigazgat\u00f3 Sz\u00e1mos helyen adott orgonakoncertet. Magyarorsz\u00e1gon: [&hellip;]<\/p>\n","protected":false},"author":1,"featured_media":0,"parent":1703,"menu_order":0,"comment_status":"closed","ping_status":"closed","template":"","meta":{"footnotes":""},"class_list":["post-1770","page","type-page","status-publish","hentry"],"yoast_head":"<!-- This site is optimized with the Yoast SEO plugin v23.6 - https:\/\/yoast.com\/wordpress\/plugins\/seo\/ -->\n<title>Orgonista | Palestrina<\/title>\n<meta name=\"robots\" content=\"index, follow, max-snippet:-1, max-image-preview:large, max-video-preview:-1\" \/>\n<link rel=\"canonical\" href=\"https:\/\/palestrina.hu\/rolunk\/orgonista\/\" \/>\n<meta property=\"og:locale\" content=\"hu_HU\" \/>\n<meta property=\"og:type\" content=\"article\" \/>\n<meta property=\"og:title\" content=\"Orgonista | Palestrina\" \/>\n<meta property=\"og:description\" content=\"Tan\u00e1ri p\u00e1lyafut\u00e1sa 2003-2014\u00a0 Debreceni Egyetem Zenem\u0171v\u00e9szeti Kar \u2013 orgona, zeneelm\u00e9let, liturgikus improviz\u00e1ci\u00f3 2007-2010\u00a0 K\u00f6lcsey Ferenc Reform\u00e1tus Tan\u00edt\u00f3k\u00e9pz\u0151 F\u0151iskola, Debrecen \u2013 orgona \u00e9s orgonaismeret 2014-\u00a0\u00a0\u00a0\u00a0\u00a0\u00a0\u00a0\u00a0\u00a0 P\u00e9csi Tudom\u00e1nyegyetem M\u0171v\u00e9szeti Kar \u2013 orgona, zeneelm\u00e9let, anal\u00edzis, transzpon\u00e1l\u00e1s \u00e9s partit\u00fara-j\u00e1t\u00e9k K\u00e1ntori\/orgonam\u0171v\u00e9szi p\u00e1ly\u00e1ja 2004-2013\u00a0 Debreceni Megtestes\u00fcl\u00e9s Templom \u2013 orgonista 2013-\u00a0\u00a0\u00a0\u00a0\u00a0\u00a0\u00a0\u00a0\u00a0 P\u00e9csi Sz\u00e9kesegyh\u00e1z \u2013 orgonam\u0171v\u00e9sz \u00e9s zeneigazgat\u00f3 Sz\u00e1mos helyen adott orgonakoncertet. Magyarorsz\u00e1gon: [&hellip;]\" \/>\n<meta property=\"og:url\" content=\"https:\/\/palestrina.hu\/en\/rolunk\/orgonista\/\" \/>\n<meta property=\"og:site_name\" content=\"Palestrina\" \/>\n<meta property=\"article:modified_time\" content=\"2024-10-15T13:28:05+00:00\" \/>\n<meta property=\"og:image\" content=\"http:\/\/palestrina.hu\/wp-content\/uploads\/2024\/10\/133_Palestrina_150405_NNfoto-scaled-1-682x1024.jpg\" \/>\n<meta name=\"twitter:card\" content=\"summary_large_image\" \/>\n<meta name=\"twitter:label1\" content=\"Becs\u00fclt olvas\u00e1si id\u0151\" \/>\n\t<meta name=\"twitter:data1\" content=\"2 perc\" \/>\n<script type=\"application\/ld+json\" class=\"yoast-schema-graph\">{\"@context\":\"https:\/\/schema.org\",\"@graph\":[{\"@type\":\"WebPage\",\"@id\":\"https:\/\/palestrina.hu\/en\/rolunk\/orgonista\/\",\"url\":\"https:\/\/palestrina.hu\/en\/rolunk\/orgonista\/\",\"name\":\"Orgonista | Palestrina\",\"isPartOf\":{\"@id\":\"http:\/\/palestrina.hu\/#website\"},\"primaryImageOfPage\":{\"@id\":\"https:\/\/palestrina.hu\/en\/rolunk\/orgonista\/#primaryimage\"},\"image\":{\"@id\":\"https:\/\/palestrina.hu\/en\/rolunk\/orgonista\/#primaryimage\"},\"thumbnailUrl\":\"http:\/\/palestrina.hu\/wp-content\/uploads\/2024\/10\/133_Palestrina_150405_NNfoto-scaled-1-682x1024.jpg\",\"datePublished\":\"2016-03-08T13:55:34+00:00\",\"dateModified\":\"2024-10-15T13:28:05+00:00\",\"breadcrumb\":{\"@id\":\"https:\/\/palestrina.hu\/en\/rolunk\/orgonista\/#breadcrumb\"},\"inLanguage\":\"hu\",\"potentialAction\":[{\"@type\":\"ReadAction\",\"target\":[\"https:\/\/palestrina.hu\/en\/rolunk\/orgonista\/\"]}]},{\"@type\":\"ImageObject\",\"inLanguage\":\"hu\",\"@id\":\"https:\/\/palestrina.hu\/en\/rolunk\/orgonista\/#primaryimage\",\"url\":\"http:\/\/palestrina.hu\/wp-content\/uploads\/2024\/10\/133_Palestrina_150405_NNfoto-scaled-1-682x1024.jpg\",\"contentUrl\":\"http:\/\/palestrina.hu\/wp-content\/uploads\/2024\/10\/133_Palestrina_150405_NNfoto-scaled-1-682x1024.jpg\"},{\"@type\":\"BreadcrumbList\",\"@id\":\"https:\/\/palestrina.hu\/en\/rolunk\/orgonista\/#breadcrumb\",\"itemListElement\":[{\"@type\":\"ListItem\",\"position\":1,\"name\":\"Home\",\"item\":\"http:\/\/palestrina.hu\/\"},{\"@type\":\"ListItem\",\"position\":2,\"name\":\"About us\",\"item\":\"https:\/\/palestrina.hu\/en\/rolunk\/\"},{\"@type\":\"ListItem\",\"position\":3,\"name\":\"Orgonista\"}]},{\"@type\":\"WebSite\",\"@id\":\"http:\/\/palestrina.hu\/#website\",\"url\":\"http:\/\/palestrina.hu\/\",\"name\":\"Palestrina\",\"description\":\"... egy \u00fajabb WordPress honlap...\",\"potentialAction\":[{\"@type\":\"SearchAction\",\"target\":{\"@type\":\"EntryPoint\",\"urlTemplate\":\"http:\/\/palestrina.hu\/?s={search_term_string}\"},\"query-input\":{\"@type\":\"PropertyValueSpecification\",\"valueRequired\":true,\"valueName\":\"search_term_string\"}}],\"inLanguage\":\"hu\"}]}<\/script>\n<!-- \/ Yoast SEO plugin. -->","yoast_head_json":{"title":"Orgonista | Palestrina","robots":{"index":"index","follow":"follow","max-snippet":"max-snippet:-1","max-image-preview":"max-image-preview:large","max-video-preview":"max-video-preview:-1"},"canonical":"https:\/\/palestrina.hu\/rolunk\/orgonista\/","og_locale":"hu_HU","og_type":"article","og_title":"Orgonista | Palestrina","og_description":"Tan\u00e1ri p\u00e1lyafut\u00e1sa 2003-2014\u00a0 Debreceni Egyetem Zenem\u0171v\u00e9szeti Kar \u2013 orgona, zeneelm\u00e9let, liturgikus improviz\u00e1ci\u00f3 2007-2010\u00a0 K\u00f6lcsey Ferenc Reform\u00e1tus Tan\u00edt\u00f3k\u00e9pz\u0151 F\u0151iskola, Debrecen \u2013 orgona \u00e9s orgonaismeret 2014-\u00a0\u00a0\u00a0\u00a0\u00a0\u00a0\u00a0\u00a0\u00a0 P\u00e9csi Tudom\u00e1nyegyetem M\u0171v\u00e9szeti Kar \u2013 orgona, zeneelm\u00e9let, anal\u00edzis, transzpon\u00e1l\u00e1s \u00e9s partit\u00fara-j\u00e1t\u00e9k K\u00e1ntori\/orgonam\u0171v\u00e9szi p\u00e1ly\u00e1ja 2004-2013\u00a0 Debreceni Megtestes\u00fcl\u00e9s Templom \u2013 orgonista 2013-\u00a0\u00a0\u00a0\u00a0\u00a0\u00a0\u00a0\u00a0\u00a0 P\u00e9csi Sz\u00e9kesegyh\u00e1z \u2013 orgonam\u0171v\u00e9sz \u00e9s zeneigazgat\u00f3 Sz\u00e1mos helyen adott orgonakoncertet. Magyarorsz\u00e1gon: [&hellip;]","og_url":"https:\/\/palestrina.hu\/en\/rolunk\/orgonista\/","og_site_name":"Palestrina","article_modified_time":"2024-10-15T13:28:05+00:00","og_image":[{"url":"http:\/\/palestrina.hu\/wp-content\/uploads\/2024\/10\/133_Palestrina_150405_NNfoto-scaled-1-682x1024.jpg"}],"twitter_card":"summary_large_image","twitter_misc":{"Becs\u00fclt olvas\u00e1si id\u0151":"2 perc"},"schema":{"@context":"https:\/\/schema.org","@graph":[{"@type":"WebPage","@id":"https:\/\/palestrina.hu\/en\/rolunk\/orgonista\/","url":"https:\/\/palestrina.hu\/en\/rolunk\/orgonista\/","name":"Orgonista | Palestrina","isPartOf":{"@id":"http:\/\/palestrina.hu\/#website"},"primaryImageOfPage":{"@id":"https:\/\/palestrina.hu\/en\/rolunk\/orgonista\/#primaryimage"},"image":{"@id":"https:\/\/palestrina.hu\/en\/rolunk\/orgonista\/#primaryimage"},"thumbnailUrl":"http:\/\/palestrina.hu\/wp-content\/uploads\/2024\/10\/133_Palestrina_150405_NNfoto-scaled-1-682x1024.jpg","datePublished":"2016-03-08T13:55:34+00:00","dateModified":"2024-10-15T13:28:05+00:00","breadcrumb":{"@id":"https:\/\/palestrina.hu\/en\/rolunk\/orgonista\/#breadcrumb"},"inLanguage":"hu","potentialAction":[{"@type":"ReadAction","target":["https:\/\/palestrina.hu\/en\/rolunk\/orgonista\/"]}]},{"@type":"ImageObject","inLanguage":"hu","@id":"https:\/\/palestrina.hu\/en\/rolunk\/orgonista\/#primaryimage","url":"http:\/\/palestrina.hu\/wp-content\/uploads\/2024\/10\/133_Palestrina_150405_NNfoto-scaled-1-682x1024.jpg","contentUrl":"http:\/\/palestrina.hu\/wp-content\/uploads\/2024\/10\/133_Palestrina_150405_NNfoto-scaled-1-682x1024.jpg"},{"@type":"BreadcrumbList","@id":"https:\/\/palestrina.hu\/en\/rolunk\/orgonista\/#breadcrumb","itemListElement":[{"@type":"ListItem","position":1,"name":"Home","item":"http:\/\/palestrina.hu\/"},{"@type":"ListItem","position":2,"name":"About us","item":"https:\/\/palestrina.hu\/en\/rolunk\/"},{"@type":"ListItem","position":3,"name":"Orgonista"}]},{"@type":"WebSite","@id":"http:\/\/palestrina.hu\/#website","url":"http:\/\/palestrina.hu\/","name":"Palestrina","description":"... egy \u00fajabb WordPress honlap...","potentialAction":[{"@type":"SearchAction","target":{"@type":"EntryPoint","urlTemplate":"http:\/\/palestrina.hu\/?s={search_term_string}"},"query-input":{"@type":"PropertyValueSpecification","valueRequired":true,"valueName":"search_term_string"}}],"inLanguage":"hu"}]}},"_links":{"self":[{"href":"https:\/\/palestrina.hu\/en\/wp-json\/wp\/v2\/pages\/1770\/"}],"collection":[{"href":"https:\/\/palestrina.hu\/en\/wp-json\/wp\/v2\/pages\/"}],"about":[{"href":"https:\/\/palestrina.hu\/en\/wp-json\/wp\/v2\/types\/page\/"}],"author":[{"embeddable":true,"href":"https:\/\/palestrina.hu\/en\/wp-json\/wp\/v2\/users\/1\/"}],"replies":[{"embeddable":true,"href":"https:\/\/palestrina.hu\/en\/wp-json\/wp\/v2\/comments\/?post=1770"}],"version-history":[{"count":10,"href":"https:\/\/palestrina.hu\/en\/wp-json\/wp\/v2\/pages\/1770\/revisions\/"}],"predecessor-version":[{"id":3141,"href":"https:\/\/palestrina.hu\/en\/wp-json\/wp\/v2\/pages\/1770\/revisions\/3141\/"}],"up":[{"embeddable":true,"href":"https:\/\/palestrina.hu\/en\/wp-json\/wp\/v2\/pages\/1703\/"}],"wp:attachment":[{"href":"https:\/\/palestrina.hu\/en\/wp-json\/wp\/v2\/media\/?parent=1770"}],"curies":[{"name":"wp","href":"https:\/\/api.w.org\/{rel}","templated":true}]}}