{"id":1801,"date":"2016-03-08T14:03:56","date_gmt":"2016-03-08T14:03:56","guid":{"rendered":"http:\/\/palestrina.hu\/en\/documents\/korushirado\/"},"modified":"2021-04-06T18:43:10","modified_gmt":"2021-04-06T18:43:10","slug":"korushirado","status":"publish","type":"page","link":"http:\/\/palestrina.hu\/en\/dokumentumok\/korushirado\/","title":{"rendered":"K\u00f3rush\u00edrad\u00f3"},"content":{"rendered":"<h4 style=\"text-align: center;\">Palestrina K\u00f3rush\u00edrad\u00f3 &#8211; \u00daj Folyam (2008- )<\/h4>\n\n<div id=\"g1-table-counter-1\" class=\"table-wrapper\"><table class=\"simple\">\n<thead>\n<tr>\n<th>#<\/th>\n<th>Dokumentum<\/th>\n<th>t\u00edpus<\/th>\n<th>let\u00f6lt\u00e9s<\/th>\n<\/tr>\n<\/thead>\n<tbody>\n<tr>\n<td>XIV\/1.<\/td>\n<td>Palestrina K\u00f3rush\u00edrad\u00f3, 2021. m\u00e1rcius 26.<\/td>\n<td>pdf<\/td>\n<td><a href=\"\/wp-content\/uploads\/2021\/04\/2021-1.pdf\" target=\"_blank\">let\u00f6lt\u00e9s<\/a><\/td>\n<\/tr>\n<tr>\n<td>XIII\/1.<\/td>\n<td>Palestrina K\u00f3rush\u00edrad\u00f3, 2020. december 31.<\/td>\n<td>pdf<\/td>\n<td><a href=\"\/wp-content\/uploads\/2021\/04\/2020-1.pdf\" target=\"_blank\">let\u00f6lt\u00e9s<\/a><\/td>\n<\/tr>\n<tr>\n<td>XII\/1. Mell\u00e9klet<\/td>\n<td>Palestrina K\u00f3rush\u00edrad\u00f3, 2019. \u00e1prilis 10.<\/td>\n<td>pdf<\/td>\n<td><a href=\"\/wp-content\/uploads\/2021\/04\/2019-1M.pdf\" target=\"_blank\">let\u00f6lt\u00e9s<\/a><\/td>\n<\/tr>\n<tr>\n<td>XII\/1.<\/td>\n<td>Palestrina K\u00f3rush\u00edrad\u00f3, 2019. \u00e1prilis 10.<\/td>\n<td>pdf<\/td>\n<td><a href=\"\/wp-content\/uploads\/2021\/04\/2019-1.pdf\" target=\"_blank\">let\u00f6lt\u00e9s<\/a><\/td>\n<\/tr>\n<tr>\n<td>XI\/2.<\/td>\n<td>Palestrina K\u00f3rush\u00edrad\u00f3, 2018. december 31.<\/td>\n<td>pdf<\/td>\n<td><a href=\"\/wp-content\/uploads\/2021\/04\/2018-2.pdf\" target=\"_blank\">let\u00f6lt\u00e9s<\/a><\/td>\n<\/tr>\n<tr>\n<td>XI\/1.<\/td>\n<td>Palestrina K\u00f3rush\u00edrad\u00f3, 2018. m\u00e1rcius 23.<\/td>\n<td>pdf<\/td>\n<td><a href=\"\/wp-content\/uploads\/2021\/04\/2018-1-teljes.pdf\" target=\"_blank\">let\u00f6lt\u00e9s<\/a><\/td>\n<\/tr>\n<tr>\n<td>X\/4.<\/td>\n<td>Palestrina K\u00f3rush\u00edrad\u00f3, 2017. december 31.<\/td>\n<td>pdf<\/td>\n<td><a href=\"\/wp-content\/uploads\/2021\/04\/2017-4-v.pdf\" target=\"_blank\">let\u00f6lt\u00e9s<\/a><\/td>\n<\/tr>\n<tr>\n<td>X\/1-3.<\/td>\n<td>Palestrina K\u00f3rush\u00edrad\u00f3, 2017. m\u00e1rcius 15.<\/td>\n<td>pdf<\/td>\n<td><a href=\"\/wp-content\/uploads\/2017\/03\/2017-1-3.pdf\" target=\"_blank\">let\u00f6lt\u00e9s<\/a><\/td>\n<\/tr>\n<tr>\n<td>IX\/4.<\/td>\n<td>Palestrina K\u00f3rush\u00edrad\u00f3, 2017. febru\u00e1r 10.<\/td>\n<td>pdf<\/td>\n<td><a href=\"\/wp-content\/uploads\/2017\/03\/2016-4.pdf\" target=\"_blank\">let\u00f6lt\u00e9s<\/a><\/td>\n<\/tr>\n<tr>\n<td>IX\/2-3.<\/td>\n<td>Palestrina K\u00f3rush\u00edrad\u00f3, 2016. szeptember 12.<\/td>\n<td>pdf<\/td>\n<td><a href=\"\/wp-content\/uploads\/2017\/03\/2016-2-3.pdf\" target=\"_blank\">let\u00f6lt\u00e9s<\/a><\/td>\n<\/tr>\n<tr>\n<td>IX\/1.<\/td>\n<td>Palestrina K\u00f3rush\u00edrad\u00f3, 2016. m\u00e1rcius 16.<\/td>\n<td>pdf<\/td>\n<td><a href=\"\/wp-content\/uploads\/2016\/05\/2016-1.pdf\" target=\"_blank\">let\u00f6lt\u00e9s<\/a><\/td>\n<\/tr>\n<tr>\n<td>VIII\/4.<\/td>\n<td>Palestrina K\u00f3rush\u00edrad\u00f3, 2015. december 11.<\/td>\n<td>pdf<\/td>\n<td><a href=\"\/wp-content\/uploads\/2016\/05\/2015-4.pdf\" target=\"_blank\">let\u00f6lt\u00e9s<\/a><\/td>\n<\/tr>\n<tr>\n<td>VIII\/2-3.<\/td>\n<td>Palestrina K\u00f3rush\u00edrad\u00f3, 2015. okt\u00f3ber 06.<\/td>\n<td>pdf<\/td>\n<td><a href=\"\/wp-content\/uploads\/2016\/05\/2015-2-3.pdf\" target=\"_blank\">let\u00f6lt\u00e9s<\/a><\/td>\n<\/tr>\n<tr>\n<td>VIII\/1.<\/td>\n<td>Palestrina K\u00f3rush\u00edrad\u00f3, 2015. m\u00e1rcius 23.<\/td>\n<td>pdf<\/td>\n<td><a href=\"\/wp-content\/uploads\/2016\/05\/2015-1.pdf\" target=\"_blank\">let\u00f6lt\u00e9s<\/a><\/td>\n<\/tr>\n<td>VII\/3.<\/td>\n<td>Palestrina K\u00f3rush\u00edrad\u00f3, 2014. december 22.<\/td>\n<td>pdf<\/td>\n<td><a href=\"\/wp-content\/uploads\/2016\/05\/2014-3.pdf\" target=\"_blank\">let\u00f6lt\u00e9s<\/a><\/td>\n<\/tr>\n<tr>\n<td>VII\/2.<\/td>\n<td>Palestrina K\u00f3rush\u00edrad\u00f3, 2014. okt\u00f3ber 15.<\/td>\n<td>pdf<\/td>\n<td><a href=\"\/wp-content\/uploads\/2016\/05\/2014-2.pdf\" target=\"_blank\">let\u00f6lt\u00e9s<\/a><\/td>\n<\/tr>\n<tr>\n<td>VII\/1.<\/td>\n<td>Palestrina K\u00f3rush\u00edrad\u00f3, 2014. \u00e1prilis 10.<\/td>\n<td>pdf<\/td>\n<td><a href=\"\/wp-content\/uploads\/2016\/05\/2014-1.pdf\" target=\"_blank\">let\u00f6lt\u00e9s<\/a><\/td>\n<\/tr>\n<tr>\n<td>VI\/4.<\/td>\n<td>Palestrina K\u00f3rush\u00edrad\u00f3, 2013. november 06.<\/td>\n<td>pdf<\/td>\n<td><a href=\"\/wp-content\/uploads\/2016\/05\/2013-4.pdf\" target=\"_blank\">let\u00f6lt\u00e9s<\/a><\/td>\n<\/tr>\n<tr>\n<td>VI\/2-3.<\/td>\n<td>Palestrina K\u00f3rush\u00edrad\u00f3, 2013. szeptember 20.<\/td>\n<td>pdf<\/td>\n<td><a href=\"\/wp-content\/uploads\/2016\/05\/2013-2-3.pdf\" target=\"_blank\">let\u00f6lt\u00e9s<\/a><\/td>\n<\/tr>\n<tr>\n<td>VI\/1.<\/td>\n<td>Palestrina K\u00f3rush\u00edrad\u00f3, 2013. m\u00e1rcius 20.<\/td>\n<td>pdf<\/td>\n<td><a href=\"\/wp-content\/uploads\/2016\/05\/2013-1.pdf\" target=\"_blank\">let\u00f6lt\u00e9s<\/a><\/td>\n<\/tr>\n<td>V\/4.<\/td>\n<td>Palestrina K\u00f3rush\u00edrad\u00f3, 2012. december 18.<\/td>\n<td>pdf<\/td>\n<td><a href=\"\/wp-content\/uploads\/2016\/05\/2012-4.pdf\" target=\"_blank\">let\u00f6lt\u00e9s<\/a><\/td>\n<\/tr>\n<tr>\n<td>V\/2-3.<\/td>\n<td>Palestrina K\u00f3rush\u00edrad\u00f3, 2012. okt\u00f3ber 05.<\/td>\n<td>pdf<\/td>\n<td><a href=\"\/wp-content\/uploads\/2016\/05\/2012-2-3.pdf\" target=\"_blank\">let\u00f6lt\u00e9s<\/a><\/td>\n<\/tr>\n<tr>\n<td>V\/1.<\/td>\n<td>Palestrina K\u00f3rush\u00edrad\u00f3, 2012. m\u00e1rcius 27.<\/td>\n<td>pdf<\/td>\n<td><a href=\"\/wp-content\/uploads\/2016\/05\/2012-1.pdf\" target=\"_blank\">let\u00f6lt\u00e9s<\/a><\/td>\n<\/tr>\n<tr>\n<td>IV\/4.<\/td>\n<td>Palestrina K\u00f3rush\u00edrad\u00f3, 2011. december 16.<\/td>\n<td>pdf<\/td>\n<td><a href=\"\/wp-content\/uploads\/2016\/05\/2011-4.pdf\" target=\"_blank\">let\u00f6lt\u00e9s<\/a><\/td>\n<\/tr>\n<td>IV\/3.<\/td>\n<td>Palestrina K\u00f3rush\u00edrad\u00f3, 2011. okt\u00f3ber 05.<\/td>\n<td>pdf<\/td>\n<td><a href=\"\/wp-content\/uploads\/2016\/05\/2011-3.pdf\" target=\"_blank\">let\u00f6lt\u00e9s<\/a><\/td>\n<\/tr>\n<tr>\n<td>IV\/2.<\/td>\n<td>Palestrina K\u00f3rush\u00edrad\u00f3, 2011. j\u00fanius 14.<\/td>\n<td>pdf<\/td>\n<td><a href=\"\/wp-content\/uploads\/2016\/05\/2011-2.pdf\" target=\"_blank\">let\u00f6lt\u00e9s<\/a><\/td>\n<\/tr>\n<tr>\n<td>IV\/1.<\/td>\n<td>Palestrina K\u00f3rush\u00edrad\u00f3, 2011. \u00e1prilis 11.<\/td>\n<td>pdf<\/td>\n<td><a href=\"\/wp-content\/uploads\/2016\/05\/2011-1.pdf\" target=\"_blank\">let\u00f6lt\u00e9s<\/a><\/td>\n<\/tr>\n<tr>\n<td>III\/4.<\/td>\n<td>Palestrina K\u00f3rush\u00edrad\u00f3, 2010. december 17.<\/td>\n<td>pdf<\/td>\n<td><a href=\"\/wp-content\/uploads\/2016\/05\/2010-4.pdf\" target=\"_blank\">let\u00f6lt\u00e9s<\/a><\/td>\n<\/tr>\n<tr>\n<td>III\/2-3.<\/td>\n<td>Palestrina K\u00f3rush\u00edrad\u00f3, 2010. szeptember 24.<\/td>\n<td>pdf<\/td>\n<td><a href=\"\/wp-content\/uploads\/2016\/05\/2010-2-3.pdf\" target=\"_blank\">let\u00f6lt\u00e9s<\/a><\/td>\n<\/tr>\n<tr>\n<td>III\/1.<\/td>\n<td>Palestrina K\u00f3rush\u00edrad\u00f3, 2010. m\u00e1rcius 22.<\/td>\n<td>pdf<\/td>\n<td><a href=\"\/wp-content\/uploads\/2016\/05\/2010-1.pdf\" target=\"_blank\">let\u00f6lt\u00e9s<\/a><\/td>\n<\/tr>\n<tr>\n<td>II\/4.<\/td>\n<td>Palestrina K\u00f3rush\u00edrad\u00f3, 2009. december 16.<\/td>\n<td>pdf<\/td>\n<td><a href=\"\/wp-content\/uploads\/2016\/05\/2009-4.pdf\" target=\"_blank\">let\u00f6lt\u00e9s<\/a><\/td>\n<\/tr>\n<td>II\/3.<\/td>\n<td>Palestrina K\u00f3rush\u00edrad\u00f3, 2009. okt\u00f3ber 04.<\/td>\n<td>pdf<\/td>\n<td><a href=\"\/wp-content\/uploads\/2016\/05\/2009-3.pdf\" target=\"_blank\">let\u00f6lt\u00e9s<\/a><\/td>\n<\/tr>\n<tr>\n<td>II\/2.<\/td>\n<td>Palestrina K\u00f3rush\u00edrad\u00f3, 2009. j\u00falius 03.<\/td>\n<td>pdf<\/td>\n<td><a href=\"\/wp-content\/uploads\/2016\/05\/2009-2.pdf\" target=\"_blank\">let\u00f6lt\u00e9s<\/a><\/td>\n<\/tr>\n<tr>\n<td>II\/1.<\/td>\n<td>Palestrina K\u00f3rush\u00edrad\u00f3, 2009. \u00e1prilis 03.<\/td>\n<td>pdf<\/td>\n<td><a href=\"\/wp-content\/uploads\/2016\/05\/2009-1.pdf\" target=\"_blank\">let\u00f6lt\u00e9s<\/a><\/td>\n<\/tr>\n<tr>\n<td>I\/4.<\/td>\n<td>Palestrina K\u00f3rush\u00edrad\u00f3, 2008. december 19.<\/td>\n<td>pdf<\/td>\n<td><a href=\"\/wp-content\/uploads\/2016\/05\/2008-4.pdf\" target=\"_blank\">let\u00f6lt\u00e9s<\/a><\/td>\n<\/tr>\n<td>I\/3.<\/td>\n<td>Palestrina K\u00f3rush\u00edrad\u00f3, 2008. szeptember 15.<\/td>\n<td>pdf<\/td>\n<td><a href=\"\/wp-content\/uploads\/2016\/05\/2008-3.pdf\" target=\"_blank\">let\u00f6lt\u00e9s<\/a><\/td>\n<\/tr>\n<tr>\n<td>I\/2.<\/td>\n<td>Palestrina K\u00f3rush\u00edrad\u00f3, 2008. augusztus 06.<\/td>\n<td>pdf<\/td>\n<td><a href=\"\/wp-content\/uploads\/2016\/05\/2008-2.pdf\" target=\"_blank\">let\u00f6lt\u00e9s<\/a><\/td>\n<\/tr>\n<tr>\n<td>I\/1.<\/td>\n<td>Palestrina K\u00f3rush\u00edrad\u00f3, 2008. m\u00e1rcius 14.<\/td>\n<td>pdf<\/td>\n<td><a href=\"\/wp-content\/uploads\/2016\/05\/2008-1.pdf\" target=\"_blank\">let\u00f6lt\u00e9s<\/a><\/td>\n<\/tr>\n<\/tbody>\n<\/table><\/div>\n\n<p><\/p>\n<h4 style=\"text-align: center;\">Palestrina K\u00f3rush\u00edrad\u00f3 &#8211; r\u00e9gi sorozat (1990-1998)<\/h4>\n<p style=\"text-align: center;\">(v\u00e1ltoz\u00f3 id\u0151k\u00f6z\u00f6nk\u00e9nt \u00f6sszesen 24 sz\u00e1m jelent meg)<\/p>\n\n<div id=\"g1-table-counter-2\" class=\"table-wrapper\"><table class=\"simple\">\n<thead>\n<tr>\n<th>#<\/th>\n<th>Dokumentum<\/th>\n<th>t\u00edpus<\/th>\n<th>let\u00f6lt\u00e9s<\/th>\n<\/tr>\n<\/thead>\n<tbody>\n<tr>\n<td>1.<\/td>\n<td>Palestrina K\u00f3rush\u00edrad\u00f3, 1990. j\u00fanius 29.<\/td>\n<td>pdf<\/td>\n<td><a href=\"\/wp-content\/uploads\/2016\/05\/1990-1-A4.pdf\" target=\"_blank\">let\u00f6lt\u00e9s<\/a><\/td>\n<\/tr>\n<tr>\n<td>2.<\/td>\n<td>Palestrina K\u00f3rush\u00edrad\u00f3, 1990. j\u00falius 26.<\/td>\n<td>pdf<\/td>\n<td><a href=\"\/wp-content\/uploads\/2016\/05\/1990-2-A4.pdf\" target=\"_blank\">let\u00f6lt\u00e9s<\/a><\/td>\n<\/tr>\n<tr>\n<td>3.<\/td>\n<td>Palestrina K\u00f3rush\u00edrad\u00f3, 1990. szeptember 29.<\/td>\n<td>pdf<\/td>\n<td><a href=\"\/wp-content\/uploads\/2016\/05\/1990-3-A4.pdf\" target=\"_blank\">let\u00f6lt\u00e9s<\/a><\/td>\n<\/tr>\n<tr>\n<td>4.<\/td>\n<td>Palestrina K\u00f3rush\u00edrad\u00f3, 1990. november 02.<\/td>\n<td>pdf<\/td>\n<td><a href=\"\/wp-content\/uploads\/2016\/05\/1990-4-A4.pdf\" target=\"_blank\">let\u00f6lt\u00e9s<\/a><\/td>\n<\/tr>\n<tr>\n<td>5.<\/td>\n<td>Palestrina K\u00f3rush\u00edrad\u00f3, 1990. december 31.<\/td>\n<td>pdf<\/td>\n<td><a href=\"\/wp-content\/uploads\/2016\/05\/1990-5-A4.pdf\" target=\"_blank\">let\u00f6lt\u00e9s<\/a><\/td>\n<\/tr>\n<tr>\n<td>6.<\/td>\n<td>Palestrina K\u00f3rush\u00edrad\u00f3, 1991. febru\u00e1r 02.<\/td>\n<td>pdf<\/td>\n<td><a href=\"\/wp-content\/uploads\/2016\/05\/1991-1-A4.pdf\" target=\"_blank\">let\u00f6lt\u00e9s<\/a><\/td>\n<\/tr>\n<tr>\n<td>7.<\/td>\n<td>Palestrina K\u00f3rush\u00edrad\u00f3, 1991. m\u00e1rcius<\/td>\n<td>pdf<\/td>\n<td><a href=\"\/wp-content\/uploads\/2016\/05\/1991-2-A4.pdf\" target=\"_blank\">let\u00f6lt\u00e9s<\/a><\/td>\n<\/tr>\n<tr>\n<td>8.<\/td>\n<td>Palestrina K\u00f3rush\u00edrad\u00f3, 1991. \u00e1prilis<\/td>\n<td>pdf<\/td>\n<td><a href=\"\/wp-content\/uploads\/2016\/05\/1991-3-A4.pdf\" target=\"_blank\">let\u00f6lt\u00e9s<\/a><\/td>\n<\/tr>\n<tr>\n<td>9.<\/td>\n<td>Palestrina K\u00f3rush\u00edrad\u00f3, 1991. m\u00e1jus<\/td>\n<td>pdf<\/td>\n<td><a href=\"\/wp-content\/uploads\/2016\/05\/1991-4-A4.pdf\" target=\"_blank\">let\u00f6lt\u00e9s<\/a><\/td>\n<\/tr>\n<tr>\n<td>10.<\/td>\n<td>Palestrina K\u00f3rush\u00edrad\u00f3, 1991. j\u00fanius 29.<\/td>\n<td>pdf<\/td>\n<td><a href=\"\/wp-content\/uploads\/2016\/05\/1991-5-A4.pdf\" target=\"_blank\">let\u00f6lt\u00e9s<\/a><\/td>\n<\/tr>\n<tr>\n<td>11.<\/td>\n<td>Palestrina K\u00f3rush\u00edrad\u00f3, 1991. augusztus 17.<\/td>\n<td>pdf<\/td>\n<td><a href=\"\/wp-content\/uploads\/2016\/05\/1991-6-A4.pdf\" target=\"_blank\">let\u00f6lt\u00e9s<\/a><\/td>\n<\/tr>\n<tr>\n<td>12.<\/td>\n<td>Palestrina K\u00f3rush\u00edrad\u00f3, 1994. szeptember<\/td>\n<td>pdf<\/td>\n<td><a href=\"\/wp-content\/uploads\/2016\/05\/1994-1-A4.pdf\" target=\"_blank\">let\u00f6lt\u00e9s<\/a><\/td>\n<\/tr>\n<tr>\n<td>13.<\/td>\n<td>Palestrina K\u00f3rush\u00edrad\u00f3, 1994. okt\u00f3ber 22.<\/td>\n<td>pdf<\/td>\n<td><a href=\"\/wp-content\/uploads\/2016\/05\/1994-2-A4.pdf\" target=\"_blank\">let\u00f6lt\u00e9s<\/a><\/td>\n<\/tr>\n<tr>\n<td>14.<\/td>\n<td>Palestrina K\u00f3rush\u00edrad\u00f3, 1994. november 20.<\/td>\n<td>pdf<\/td>\n<td><a href=\"\/wp-content\/uploads\/2016\/05\/1994-3-A4.pdf\" target=\"_blank\">let\u00f6lt\u00e9s<\/a><\/td>\n<\/tr>\n<tr>\n<td>15.<\/td>\n<td>Palestrina K\u00f3rush\u00edrad\u00f3, 1995. november<\/td>\n<td>pdf<\/td>\n<td><a href=\"\/wp-content\/uploads\/2016\/05\/1995-1-A4.pdf\" target=\"_blank\">let\u00f6lt\u00e9s<\/a><\/td>\n<\/tr>\n<tr>\n<td>16.<\/td>\n<td>Palestrina K\u00f3rush\u00edrad\u00f3, 1996. november<\/td>\n<td>pdf<\/td>\n<td><a href=\"\/wp-content\/uploads\/2016\/05\/1996-1-A4.pdf\" target=\"_blank\">let\u00f6lt\u00e9s<\/a><\/td>\n<\/tr>\n<tr>\n<td>17.<\/td>\n<td>Palestrina K\u00f3rush\u00edrad\u00f3, 1997. m\u00e1rcius<\/td>\n<td>pdf<\/td>\n<td><a href=\"\/wp-content\/uploads\/2016\/05\/1997-1-A4.pdf\" target=\"_blank\">let\u00f6lt\u00e9s<\/a><\/td>\n<\/tr>\n<tr>\n<td>18.<\/td>\n<td>Palestrina K\u00f3rush\u00edrad\u00f3, 1997. m\u00e1jus 18.<\/td>\n<td>pdf<\/td>\n<td><a href=\"\/wp-content\/uploads\/2016\/05\/1997-2-A4.pdf\" target=\"_blank\">let\u00f6lt\u00e9s<\/a><\/td>\n<\/tr>\n<tr>\n<td>19.<\/td>\n<td>Palestrina K\u00f3rush\u00edrad\u00f3, 1997. m\u00e1jus 18. (Piliscsaba)<\/td>\n<td>pdf<\/td>\n<td><a href=\"\/wp-content\/uploads\/2016\/05\/1997-3-A4.pdf\" target=\"_blank\">let\u00f6lt\u00e9s<\/a><\/td>\n<\/tr>\n<tr>\n<td>20.<\/td>\n<td>Palestrina K\u00f3rush\u00edrad\u00f3, 1997. augusztus 19.<\/td>\n<td>pdf<\/td>\n<td><a href=\"\/wp-content\/uploads\/2016\/05\/1997-4-A4.pdf\" target=\"_blank\">let\u00f6lt\u00e9s<\/a><\/td>\n<\/tr>\n<tr>\n<td>21.<\/td>\n<td>Palestrina K\u00f3rush\u00edrad\u00f3, 1997. augusztus 19. (Esztergom)<\/td>\n<td>pdf<\/td>\n<td><a href=\"\/wp-content\/uploads\/2016\/05\/1997-5-A4.pdf\" target=\"_blank\">let\u00f6lt\u00e9s<\/a><\/td>\n<\/tr>\n<tr>\n<td>22.<\/td>\n<td>Palestrina K\u00f3rush\u00edrad\u00f3, 1998. m\u00e1jus 17.<\/td>\n<td>pdf<\/td>\n<td><a href=\"\/wp-content\/uploads\/2016\/05\/1998-1-A4.pdf\" target=\"_blank\">let\u00f6lt\u00e9s<\/a><\/td>\n<\/tr>\n<tr>\n<td>23.<\/td>\n<td>Palestrina K\u00f3rush\u00edrad\u00f3, 1998. j\u00fanius 01.<\/td>\n<td>pdf<\/td>\n<td><a href=\"\/wp-content\/uploads\/2016\/05\/1998-2-A4.pdf\" target=\"_blank\">let\u00f6lt\u00e9s<\/a><\/td>\n<\/tr>\n<tr>\n<td>24.<\/td>\n<td>Palestrina K\u00f3rush\u00edrad\u00f3, 1998. (d\u00e1tum n\u00e9lk\u00fcl)<\/td>\n<td>pdf<\/td>\n<td><a href=\"\/wp-content\/uploads\/2016\/05\/1998-3-A4.pdf\" target=\"_blank\">let\u00f6lt\u00e9s<\/a><\/td>\n<\/tr>\n<\/tbody>\n<\/table><\/div>\n\n","protected":false},"excerpt":{"rendered":"<p>Palestrina K\u00f3rush\u00edrad\u00f3 &#8211; \u00daj Folyam (2008- ) Palestrina K\u00f3rush\u00edrad\u00f3 &#8211; r\u00e9gi sorozat (1990-1998) (v\u00e1ltoz\u00f3 id\u0151k\u00f6z\u00f6nk\u00e9nt \u00f6sszesen 24 sz\u00e1m jelent meg)<\/p>\n","protected":false},"author":1,"featured_media":0,"parent":1790,"menu_order":0,"comment_status":"closed","ping_status":"closed","template":"","meta":{"footnotes":""},"class_list":["post-1801","page","type-page","status-publish","hentry"],"yoast_head":"<!-- This site is optimized with the Yoast SEO plugin v23.6 - https:\/\/yoast.com\/wordpress\/plugins\/seo\/ -->\n<title>K\u00f3rush\u00edrad\u00f3 | Palestrina<\/title>\n<meta name=\"robots\" content=\"index, follow, max-snippet:-1, max-image-preview:large, max-video-preview:-1\" \/>\n<link rel=\"canonical\" href=\"http:\/\/palestrina.hu\/dokumentumok\/korushirado\/\" \/>\n<meta property=\"og:locale\" content=\"hu_HU\" \/>\n<meta property=\"og:type\" content=\"article\" \/>\n<meta property=\"og:title\" content=\"K\u00f3rush\u00edrad\u00f3 | Palestrina\" \/>\n<meta property=\"og:description\" content=\"Palestrina K\u00f3rush\u00edrad\u00f3 &#8211; \u00daj Folyam (2008- ) Palestrina K\u00f3rush\u00edrad\u00f3 &#8211; r\u00e9gi sorozat (1990-1998) (v\u00e1ltoz\u00f3 id\u0151k\u00f6z\u00f6nk\u00e9nt \u00f6sszesen 24 sz\u00e1m jelent meg)\" \/>\n<meta property=\"og:url\" content=\"http:\/\/palestrina.hu\/en\/dokumentumok\/korushirado\/\" \/>\n<meta property=\"og:site_name\" content=\"Palestrina\" \/>\n<meta property=\"article:modified_time\" content=\"2021-04-06T18:43:10+00:00\" \/>\n<meta name=\"twitter:card\" content=\"summary_large_image\" \/>\n<meta name=\"twitter:label1\" content=\"Becs\u00fclt olvas\u00e1si id\u0151\" \/>\n\t<meta name=\"twitter:data1\" content=\"3 perc\" \/>\n<script type=\"application\/ld+json\" class=\"yoast-schema-graph\">{\"@context\":\"https:\/\/schema.org\",\"@graph\":[{\"@type\":\"WebPage\",\"@id\":\"http:\/\/palestrina.hu\/en\/dokumentumok\/korushirado\/\",\"url\":\"http:\/\/palestrina.hu\/en\/dokumentumok\/korushirado\/\",\"name\":\"K\u00f3rush\u00edrad\u00f3 | Palestrina\",\"isPartOf\":{\"@id\":\"http:\/\/palestrina.hu\/#website\"},\"datePublished\":\"2016-03-08T14:03:56+00:00\",\"dateModified\":\"2021-04-06T18:43:10+00:00\",\"breadcrumb\":{\"@id\":\"http:\/\/palestrina.hu\/en\/dokumentumok\/korushirado\/#breadcrumb\"},\"inLanguage\":\"hu\",\"potentialAction\":[{\"@type\":\"ReadAction\",\"target\":[\"http:\/\/palestrina.hu\/en\/dokumentumok\/korushirado\/\"]}]},{\"@type\":\"BreadcrumbList\",\"@id\":\"http:\/\/palestrina.hu\/en\/dokumentumok\/korushirado\/#breadcrumb\",\"itemListElement\":[{\"@type\":\"ListItem\",\"position\":1,\"name\":\"Home\",\"item\":\"http:\/\/palestrina.hu\/\"},{\"@type\":\"ListItem\",\"position\":2,\"name\":\"Documents\",\"item\":\"http:\/\/palestrina.hu\/en\/dokumentumok\/\"},{\"@type\":\"ListItem\",\"position\":3,\"name\":\"K\u00f3rush\u00edrad\u00f3\"}]},{\"@type\":\"WebSite\",\"@id\":\"http:\/\/palestrina.hu\/#website\",\"url\":\"http:\/\/palestrina.hu\/\",\"name\":\"Palestrina\",\"description\":\"... egy \u00fajabb WordPress honlap...\",\"potentialAction\":[{\"@type\":\"SearchAction\",\"target\":{\"@type\":\"EntryPoint\",\"urlTemplate\":\"http:\/\/palestrina.hu\/?s={search_term_string}\"},\"query-input\":{\"@type\":\"PropertyValueSpecification\",\"valueRequired\":true,\"valueName\":\"search_term_string\"}}],\"inLanguage\":\"hu\"}]}<\/script>\n<!-- \/ Yoast SEO plugin. -->","yoast_head_json":{"title":"K\u00f3rush\u00edrad\u00f3 | Palestrina","robots":{"index":"index","follow":"follow","max-snippet":"max-snippet:-1","max-image-preview":"max-image-preview:large","max-video-preview":"max-video-preview:-1"},"canonical":"http:\/\/palestrina.hu\/dokumentumok\/korushirado\/","og_locale":"hu_HU","og_type":"article","og_title":"K\u00f3rush\u00edrad\u00f3 | Palestrina","og_description":"Palestrina K\u00f3rush\u00edrad\u00f3 &#8211; \u00daj Folyam (2008- ) Palestrina K\u00f3rush\u00edrad\u00f3 &#8211; r\u00e9gi sorozat (1990-1998) (v\u00e1ltoz\u00f3 id\u0151k\u00f6z\u00f6nk\u00e9nt \u00f6sszesen 24 sz\u00e1m jelent meg)","og_url":"http:\/\/palestrina.hu\/en\/dokumentumok\/korushirado\/","og_site_name":"Palestrina","article_modified_time":"2021-04-06T18:43:10+00:00","twitter_card":"summary_large_image","twitter_misc":{"Becs\u00fclt olvas\u00e1si id\u0151":"3 perc"},"schema":{"@context":"https:\/\/schema.org","@graph":[{"@type":"WebPage","@id":"http:\/\/palestrina.hu\/en\/dokumentumok\/korushirado\/","url":"http:\/\/palestrina.hu\/en\/dokumentumok\/korushirado\/","name":"K\u00f3rush\u00edrad\u00f3 | Palestrina","isPartOf":{"@id":"http:\/\/palestrina.hu\/#website"},"datePublished":"2016-03-08T14:03:56+00:00","dateModified":"2021-04-06T18:43:10+00:00","breadcrumb":{"@id":"http:\/\/palestrina.hu\/en\/dokumentumok\/korushirado\/#breadcrumb"},"inLanguage":"hu","potentialAction":[{"@type":"ReadAction","target":["http:\/\/palestrina.hu\/en\/dokumentumok\/korushirado\/"]}]},{"@type":"BreadcrumbList","@id":"http:\/\/palestrina.hu\/en\/dokumentumok\/korushirado\/#breadcrumb","itemListElement":[{"@type":"ListItem","position":1,"name":"Home","item":"http:\/\/palestrina.hu\/"},{"@type":"ListItem","position":2,"name":"Documents","item":"http:\/\/palestrina.hu\/en\/dokumentumok\/"},{"@type":"ListItem","position":3,"name":"K\u00f3rush\u00edrad\u00f3"}]},{"@type":"WebSite","@id":"http:\/\/palestrina.hu\/#website","url":"http:\/\/palestrina.hu\/","name":"Palestrina","description":"... egy \u00fajabb WordPress honlap...","potentialAction":[{"@type":"SearchAction","target":{"@type":"EntryPoint","urlTemplate":"http:\/\/palestrina.hu\/?s={search_term_string}"},"query-input":{"@type":"PropertyValueSpecification","valueRequired":true,"valueName":"search_term_string"}}],"inLanguage":"hu"}]}},"_links":{"self":[{"href":"http:\/\/palestrina.hu\/en\/wp-json\/wp\/v2\/pages\/1801\/"}],"collection":[{"href":"http:\/\/palestrina.hu\/en\/wp-json\/wp\/v2\/pages\/"}],"about":[{"href":"http:\/\/palestrina.hu\/en\/wp-json\/wp\/v2\/types\/page\/"}],"author":[{"embeddable":true,"href":"http:\/\/palestrina.hu\/en\/wp-json\/wp\/v2\/users\/1\/"}],"replies":[{"embeddable":true,"href":"http:\/\/palestrina.hu\/en\/wp-json\/wp\/v2\/comments\/?post=1801"}],"version-history":[{"count":4,"href":"http:\/\/palestrina.hu\/en\/wp-json\/wp\/v2\/pages\/1801\/revisions\/"}],"predecessor-version":[{"id":1807,"href":"http:\/\/palestrina.hu\/en\/wp-json\/wp\/v2\/pages\/1801\/revisions\/1807\/"}],"up":[{"embeddable":true,"href":"http:\/\/palestrina.hu\/en\/wp-json\/wp\/v2\/pages\/1790\/"}],"wp:attachment":[{"href":"http:\/\/palestrina.hu\/en\/wp-json\/wp\/v2\/media\/?parent=1801"}],"curies":[{"name":"wp","href":"https:\/\/api.w.org\/{rel}","templated":true}]}}