{"id":1777,"date":"2016-03-08T13:55:50","date_gmt":"2016-03-08T13:55:50","guid":{"rendered":"http:\/\/palestrina.hu\/en\/about-us\/tagsag\/"},"modified":"2016-05-22T18:10:35","modified_gmt":"2016-05-22T18:10:35","slug":"tagsag","status":"publish","type":"page","link":"http:\/\/palestrina.hu\/en\/rolunk\/tagsag\/","title":{"rendered":"Choristers"},"content":{"rendered":"<ul class=\"g1-grid\"><li class=\"g1-column g1-one-half g1-valign-top\" id=\"g1-grid-counter-0\" >\n<h2>Soprano<\/h2>\n<ul>\n<li>B\u00e1gyi, Eszter<\/li>\n<li>Jobb\u00e1gy-Rad\u00f3, J\u00falia<\/li>\n<li>Kir\u00e1ly, L\u00e1szl\u00f3n\u00e9<\/li>\n<li>Kom\u00e1romi, Alice<\/li>\n<li>Lebeda, Zsuzsanna<\/li>\n<li>Po\u00f3rn\u00e9 G\u00e1l, Katalin<\/li>\n<li>W\u00e9ber-Simon, Krisztina<\/li>\n<\/ul>\n<\/li><!-- --><li class=\"g1-column g1-one-half g1-valign-top\" id=\"g1-grid-counter-1\" >\n<h2>Alto<\/h2>\n<ul>\n<li>Arat\u00f3n\u00e9 Erdelecz, Ter\u00e9z<\/li>\n<li>Benyovszky, \u00c1gnes<\/li>\n<li>Benyovszky, Monika<\/li>\n<li>Dvor\u00e1csk\u00f3, Lilla<\/li>\n<li>Falus, Orsolya dr.<\/li>\n<li>Magyari, \u00c9va<\/li>\n<li>Suv\u00e1k, Andrea<\/li>\n<li>V\u00f6r\u00f6sn\u00e9 K\u00e1roly, Andrea<\/li>\n<li>W\u00e9ber, Anita<\/li>\n<li>W\u00f6lfinger, Kitti<\/li>\n<\/ul>\n<\/li><!-- --><\/ul><ul class=\"g1-grid\"><li class=\"g1-column g1-one-half g1-valign-top\" id=\"g1-grid-counter-0\" >\n<h2>Tenor<\/h2>\n<ul>\n<li>Benyovszky, Tam\u00e1s<\/li>\n<li>Hord\u00f3si, Kriszti\u00e1n<\/li>\n<li>Jobb\u00e1gy, Korn\u00e9l<\/li>\n<li>Schubert, Barnab\u00e1s<\/li>\n<li>Szatm\u00e1ri, Benedek<\/li>\n<\/ul>\n<\/li><!-- --><li class=\"g1-column g1-one-half g1-valign-top\" id=\"g1-grid-counter-1\" >\n<h2>Bass<\/h2>\n<ul>\n<li>Dergez, Domokos<\/li>\n<li>Nagy, Istv\u00e1n Gergely<\/li>\n<li>Onhausz, Mikl\u00f3s<\/li>\n<li>P\u00e1lmai, Mikl\u00f3s<\/li>\n<li>Tiszai, L\u00e1szl\u00f3<\/li>\n<li>W\u00e9ber, J\u00f3zsef<\/li>\n<\/ul>\n<\/li><!-- --><\/ul><\/p>\n","protected":false},"excerpt":{"rendered":"","protected":false},"author":1,"featured_media":0,"parent":1703,"menu_order":0,"comment_status":"closed","ping_status":"closed","template":"","meta":{"footnotes":""},"class_list":["post-1777","page","type-page","status-publish","hentry"],"yoast_head":"<!-- This site is optimized with the Yoast SEO plugin v23.6 - https:\/\/yoast.com\/wordpress\/plugins\/seo\/ -->\n<title>Choristers | Palestrina<\/title>\n<meta name=\"robots\" content=\"index, follow, max-snippet:-1, max-image-preview:large, max-video-preview:-1\" \/>\n<link rel=\"canonical\" href=\"http:\/\/palestrina.hu\/rolunk\/tagsag\/\" \/>\n<meta property=\"og:locale\" content=\"hu_HU\" \/>\n<meta property=\"og:type\" content=\"article\" \/>\n<meta property=\"og:title\" content=\"Choristers | Palestrina\" \/>\n<meta property=\"og:url\" content=\"http:\/\/palestrina.hu\/en\/rolunk\/tagsag\/\" \/>\n<meta property=\"og:site_name\" content=\"Palestrina\" \/>\n<meta property=\"article:modified_time\" content=\"2016-05-22T18:10:35+00:00\" \/>\n<meta name=\"twitter:card\" content=\"summary_large_image\" \/>\n<meta name=\"twitter:label1\" content=\"Becs\u00fclt olvas\u00e1si id\u0151\" \/>\n\t<meta name=\"twitter:data1\" content=\"1 perc\" \/>\n<script type=\"application\/ld+json\" class=\"yoast-schema-graph\">{\"@context\":\"https:\/\/schema.org\",\"@graph\":[{\"@type\":\"WebPage\",\"@id\":\"http:\/\/palestrina.hu\/en\/rolunk\/tagsag\/\",\"url\":\"http:\/\/palestrina.hu\/en\/rolunk\/tagsag\/\",\"name\":\"Choristers | Palestrina\",\"isPartOf\":{\"@id\":\"http:\/\/palestrina.hu\/#website\"},\"datePublished\":\"2016-03-08T13:55:50+00:00\",\"dateModified\":\"2016-05-22T18:10:35+00:00\",\"breadcrumb\":{\"@id\":\"http:\/\/palestrina.hu\/en\/rolunk\/tagsag\/#breadcrumb\"},\"inLanguage\":\"hu\",\"potentialAction\":[{\"@type\":\"ReadAction\",\"target\":[\"http:\/\/palestrina.hu\/en\/rolunk\/tagsag\/\"]}]},{\"@type\":\"BreadcrumbList\",\"@id\":\"http:\/\/palestrina.hu\/en\/rolunk\/tagsag\/#breadcrumb\",\"itemListElement\":[{\"@type\":\"ListItem\",\"position\":1,\"name\":\"Home\",\"item\":\"https:\/\/palestrina.hu\/\"},{\"@type\":\"ListItem\",\"position\":2,\"name\":\"About us\",\"item\":\"http:\/\/palestrina.hu\/en\/rolunk\/\"},{\"@type\":\"ListItem\",\"position\":3,\"name\":\"Choristers\"}]},{\"@type\":\"WebSite\",\"@id\":\"http:\/\/palestrina.hu\/#website\",\"url\":\"http:\/\/palestrina.hu\/\",\"name\":\"Palestrina\",\"description\":\"... egy \u00fajabb WordPress honlap...\",\"potentialAction\":[{\"@type\":\"SearchAction\",\"target\":{\"@type\":\"EntryPoint\",\"urlTemplate\":\"http:\/\/palestrina.hu\/?s={search_term_string}\"},\"query-input\":{\"@type\":\"PropertyValueSpecification\",\"valueRequired\":true,\"valueName\":\"search_term_string\"}}],\"inLanguage\":\"hu\"}]}<\/script>\n<!-- \/ Yoast SEO plugin. -->","yoast_head_json":{"title":"Choristers | Palestrina","robots":{"index":"index","follow":"follow","max-snippet":"max-snippet:-1","max-image-preview":"max-image-preview:large","max-video-preview":"max-video-preview:-1"},"canonical":"http:\/\/palestrina.hu\/rolunk\/tagsag\/","og_locale":"hu_HU","og_type":"article","og_title":"Choristers | Palestrina","og_url":"http:\/\/palestrina.hu\/en\/rolunk\/tagsag\/","og_site_name":"Palestrina","article_modified_time":"2016-05-22T18:10:35+00:00","twitter_card":"summary_large_image","twitter_misc":{"Becs\u00fclt olvas\u00e1si id\u0151":"1 perc"},"schema":{"@context":"https:\/\/schema.org","@graph":[{"@type":"WebPage","@id":"http:\/\/palestrina.hu\/en\/rolunk\/tagsag\/","url":"http:\/\/palestrina.hu\/en\/rolunk\/tagsag\/","name":"Choristers | Palestrina","isPartOf":{"@id":"http:\/\/palestrina.hu\/#website"},"datePublished":"2016-03-08T13:55:50+00:00","dateModified":"2016-05-22T18:10:35+00:00","breadcrumb":{"@id":"http:\/\/palestrina.hu\/en\/rolunk\/tagsag\/#breadcrumb"},"inLanguage":"hu","potentialAction":[{"@type":"ReadAction","target":["http:\/\/palestrina.hu\/en\/rolunk\/tagsag\/"]}]},{"@type":"BreadcrumbList","@id":"http:\/\/palestrina.hu\/en\/rolunk\/tagsag\/#breadcrumb","itemListElement":[{"@type":"ListItem","position":1,"name":"Home","item":"https:\/\/palestrina.hu\/"},{"@type":"ListItem","position":2,"name":"About us","item":"http:\/\/palestrina.hu\/en\/rolunk\/"},{"@type":"ListItem","position":3,"name":"Choristers"}]},{"@type":"WebSite","@id":"http:\/\/palestrina.hu\/#website","url":"http:\/\/palestrina.hu\/","name":"Palestrina","description":"... egy \u00fajabb WordPress honlap...","potentialAction":[{"@type":"SearchAction","target":{"@type":"EntryPoint","urlTemplate":"http:\/\/palestrina.hu\/?s={search_term_string}"},"query-input":{"@type":"PropertyValueSpecification","valueRequired":true,"valueName":"search_term_string"}}],"inLanguage":"hu"}]}},"_links":{"self":[{"href":"http:\/\/palestrina.hu\/en\/wp-json\/wp\/v2\/pages\/1777\/"}],"collection":[{"href":"http:\/\/palestrina.hu\/en\/wp-json\/wp\/v2\/pages\/"}],"about":[{"href":"http:\/\/palestrina.hu\/en\/wp-json\/wp\/v2\/types\/page\/"}],"author":[{"embeddable":true,"href":"http:\/\/palestrina.hu\/en\/wp-json\/wp\/v2\/users\/1\/"}],"replies":[{"embeddable":true,"href":"http:\/\/palestrina.hu\/en\/wp-json\/wp\/v2\/comments\/?post=1777"}],"version-history":[{"count":5,"href":"http:\/\/palestrina.hu\/en\/wp-json\/wp\/v2\/pages\/1777\/revisions\/"}],"predecessor-version":[{"id":2001,"href":"http:\/\/palestrina.hu\/en\/wp-json\/wp\/v2\/pages\/1777\/revisions\/2001\/"}],"up":[{"embeddable":true,"href":"http:\/\/palestrina.hu\/en\/wp-json\/wp\/v2\/pages\/1703\/"}],"wp:attachment":[{"href":"http:\/\/palestrina.hu\/en\/wp-json\/wp\/v2\/media\/?parent=1777"}],"curies":[{"name":"wp","href":"https:\/\/api.w.org\/{rel}","templated":true}]}}