{"id":1774,"date":"2016-03-08T14:02:47","date_gmt":"2016-03-08T14:02:47","guid":{"rendered":"http:\/\/palestrina.hu\/en\/about-us\/repertoar\/"},"modified":"2016-05-26T19:43:08","modified_gmt":"2016-05-26T19:43:08","slug":"repertoar","status":"publish","type":"page","link":"http:\/\/palestrina.hu\/en\/rolunk\/repertoar\/","title":{"rendered":"Repertoire of the Palestrina Choir (2007-2015)"},"content":{"rendered":"<div style=\"line-height:2em\">\n<ul class=\"g1-grid\"><li class=\"g1-column g1-one-half g1-valign-top\" id=\"g1-grid-counter-0\" >\n<h2>Masses (number of voices in brackets)<\/h2>\n<p>Anerio, F.: Missa Brevis (4)<br \/>\nBernardi, S.: Missa \u201ePraeparate corda vestra\u201d (4)<br \/>\nByrd, W.: Missa a 3 voci (3)<br \/>\nCroce, G.: Missa Prima (Sexti toni) (5)<br \/>\nCroce, G.: Missa Secunda (Tertii toni) (5)<br \/>\nCroce, G.: Missa Tertia (Octavi toni) (5)<br \/>\nGabrieli, A.: Missa \u201ePater peccavi\u201d (6)<br \/>\nGabrieli, A.: Missa Brevis (4)<br \/>\nGaluppi, B.: Missa in C (4)<br \/>\nGriesbacher, P.:Missa in hon. S. Godehardi (4+Org)<br \/>\nGriesbacher, P.:Missa in hon. S. Willibaldi (Gloria) (4+Org)<br \/>\nGuerrero, F.: Missa \u201eEcce sacerdos\u201d (5)<br \/>\nHassler, H. L.: Missa super \u201eDixit Maria\u201d (4)<br \/>\nHuber, H.: Missa \u201eSalve Regina pacis\u201d (4+Org)<br \/>\nKod\u00e1ly Z.: Missa Brevis (4+Org)<br \/>\nLasso, O.: Missa \u201eIl me suffit\u201d (4)<br \/>\nLasso, O.: Missa \u201eLaudate Dominum\u201d (4)<br \/>\nLasso, O.: Missa \u201eQuinti toni\u201d (4)<br \/>\nLasso, O.: Missa super \u201eConfundantur superbi\u201d (5)<br \/>\nLasso, O.: Missa super \u201eSi rore aenio\u201d (5)<br \/>\nLasso, O.: Missa VIII. toni \u201ePuisque j\u2019ay perdu\u201d (4)<br \/>\nLiszt F.: Szeksz\u00e1rdi mise (Koloss Istv\u00e1n) (4+Org)<br \/>\nLotti, A.: D\u00f3r mise (4)<br \/>\nLotti, A.: Missa Quarta (4)<br \/>\nLotti, A.: Missa Quinta (4)<br \/>\nLotti, A.: Missa Tercia (4)<br \/>\nMorales, C.: Missa Ca\u00e7a (4)<br \/>\nPalestrina, G. P.: Missa \u201eAeterna Christi munera\u201d (4)<br \/>\nPalestrina, G. P.: Missa \u201eAlma Redemptoris\u201d (6)<br \/>\nPalestrina, G. P.: Missa \u201eAssumpta est Maria\u201d(6)<br \/>\nPalestrina, G. P.: Missa Brevis (4)<br \/>\nPalestrina, G. P.: Missa \u201eDies sanctificatus\u201d (4)<br \/>\nPalestrina, G. P.: Missa \u201eDum esset summus pontifex\u201d (4)<br \/>\nPalestrina, G. P.: Missa \u201eEcce ego, Joannes\u201d (6)<br \/>\nPalestrina, G. P.: Missa \u201eIste confessor\u201d (4)<br \/>\nPalestrina, G. P.: Missa \u201eJesu nostra redemptio\u201d (4)<br \/>\nPalestrina, G. P.: Missa \u201eLauda Sion\u201d (4)<br \/>\nPalestrina, G. P.: Missa \u201eO admirabile commercium\u201d (5)<br \/>\nPalestrina, G. P.: Missa \u201eO sacrum convivium\u201d (5)<br \/>\nPalestrina, G. P.: Missa \u201ePapae Marcelli\u201d (6)<br \/>\nPalestrina, G. P.: Missa Quarta (4)<br \/>\nPalestrina, G. P.: Missa \u201eQuando lieta sperai\u201d (5)<br \/>\nPalestrina, G. P.: Missa Secunda (Primi toni) (4)<br \/>\nPalestrina, G. P.: Missa Sine nomine I. (4)<br \/>\nPalestrina, G. P.: Missa \u201eVeni sponsa Christi\u201d (4)<br \/>\nSchildknecht, J.: Requiem Op. 25. (Libera) (4+Org)<br \/>\nSoriano, F.: Missa super Voces musicales (6)<br \/>\nViadana, L.: Missa \u201eCantabo Domino\u201d (4)<br \/>\nViadana, L.: Missa \u201eL\u2019hora passa\u201d (4)<br \/>\nViadana, L.: Missa \u201eSine nomine\u201d (4)<br \/>\nVictoria, T. L.: Missa \u201eGaudeamus\u201d (6)<br \/>\nVictoria, T. L.: Missa \u201eO quam gloriosum\u201d (4)<br \/>\nVictoria, T. L.: Missa Pro Defunctis (4)<br \/>\nVictoria, T. L.: Missa Pro Defunctis (6)<br \/>\nVictoria, T. L.: Missa Quarti toni (4)<br \/>\nVictoria, T. L.: Missa \u201eSimile est regnum coelorum\u201d (4)<br \/>\nVictoria, T. L.: Missa \u201eTrahe me post te\u201d (5)<br \/>\nVictoria, T. L.: Missa \u201eVidi speciosam\u201d (6)<br \/>\nWitt, F.: Missa in hon. S. Raphaelis Arch. (5)<br \/>\n<\/li><!-- --><li class=\"g1-column g1-one-half g1-valign-top\" id=\"g1-grid-counter-1\" >\n<h2>Motets (number of voices in brackets)<\/h2>\n<p>Aichinger, G.: Regina coeli (6)<br \/>\nAnerio, F.: Alleluia! Christus surrexit! (4)<br \/>\nAnerio, F.: Christus factus est (4)<br \/>\nAsola G. M.: Christus factus est (4)<br \/>\nB\u00e1rdos L.: Audi filia (4)<br \/>\nB\u00e1rdos L.: Kar\u00e1csonyi b\u00f6lcs\u0151dal (4)<br \/>\nB\u00e1rdos L.: Ny\u00fajtsd ki mennyb\u0151l (4)<br \/>\nBruckner, A.: Locus iste (4)<br \/>\nBruckner, A.: Virga Jesse (4)<br \/>\nByrd, W.: Ave verum corpus (4)<br \/>\nByrd, W.: Emendemus (5)<br \/>\nByrd, W.: Iustorum animae (5)<br \/>\nByrd, W.: Laetentur coeli (5)<br \/>\nClemens non Papa: Magi veniunt ab oriente (4)<br \/>\nClemens non Papa: Magi videntes stellam (4)<br \/>\nCroce, G.: Exaltabo te, Domine (4)<br \/>\nCsemiczky M.: Ave Maria in D (4)<br \/>\nCsemiczky M.: Ave verum corpus (4)<br \/>\nCsemiczky M.: Deus creator omnium (4)<br \/>\nCsemiczky M.: Pater noster (4)<br \/>\nDe\u00e1k-B\u00e1rdos M.: Confirma hoc (4)<br \/>\nFux, J. J.: Ad te Domine levavi (4)<br \/>\nGallus, J.: Ecce quomodo (4)<br \/>\nGesualdo, C.: Ave dulcissima Maria (4)<br \/>\nGlatt I.: Exsurge! (4)<br \/>\nGlatt I.: Lauda Sion (4)<br \/>\nGoller, V.: Ecce sacerdos (6)<br \/>\nGriesbacher, P.: Ecce sacedos II. (resp.) (4+Org)<br \/>\nHaller, M.: Pange lingua (Nr. 3. ex Op. 16.) (4)<br \/>\nHaller, M.: Tui sunt coeli (5)<br \/>\nHalmos L.: Minden f\u00f6ldek (4)<br \/>\nH\u00e4ndel, G. F.: H\u00e4lleluja (4+Org)<br \/>\nHarmat A.: De profundis (4)<br \/>\nHassler, H. L.: Beata es (4)<br \/>\nHassler, H. L.: Diligam te Domine (4)<br \/>\nHassler, H. L.: Dixit Maria (4)<br \/>\nHassler, H. L.: Domine, Deus meus (4)<br \/>\nHassler, H. L.: Ecce Maria genuit nobis (5)<br \/>\nHassler, H. L.: Ego sum resurrectio (4)<br \/>\nHassler, H. L.: Halleluja \u2013 Laudem dicite (5)<br \/>\nHassler, H. L.: Inter natos (4)<br \/>\nHassler, H. L.: Jubilate Deo (4)<br \/>\nHassler, H. L.: Laudate Dominum<br \/>\nHassler, H. L.: Quia vidisti me, Thoma (4)<br \/>\nHassler, H. L.: Verbum caro (6)<br \/>\nHaydn, M.: Tenebrae factae sunt (4)<br \/>\nIngegneri, M. A.: Amicis meus (resp. 4.) (4)<br \/>\nIngegneri, M. A.: Caligaverunt (resp. 18.) (4)<br \/>\nIngegneri, M. A.: Ecce vidimus (resp. 3.) (4)<br \/>\nIngegneri, M. A.: Eram quasi agnus (resp. 7.) (4)<br \/>\nIngegneri, M. A.: In monte Oliveti (resp. 1.) (4)<br \/>\nIngegneri, M. A.: Jesum tradidit (resp. 17.) (4)<br \/>\nIngegneri, M. A.: Judas mercator (resp. 5.) (4)<br \/>\nIngegneri, M. A.: Seniores populi (resp. 9.) (4)<br \/>\nIngegneri, M. A.: Tradiderunt me (resp. 16.) (4)<br \/>\nIngegneri, M. A.: Tristis est (resp. 2.) (4)<br \/>\nIngegneri, M. A.: Una hora (resp. 8.) (4)<br \/>\nIngegneri, M. A.: Unus ex discipuli (resp. 6.) (4)<br \/>\nismeretlen: \u00d3 sz\u00e9p J\u00e9zus (4)<br \/>\nJosquin des Pres In flagellis (4)<br \/>\nKersch F.: Exsurge! (4)<br \/>\nKocs\u00e1r M.: Ave rosa, sine spina (4)<br \/>\nKod\u00e1ly Z.: \u00c9nek Szent Istv\u00e1n kir\u00e1lyhoz (4)<br \/>\nKod\u00e1ly Z.: J\u00e9zus \u00e9s a kuf\u00e1rok (4)<br \/>\nLasso, O.: Benedicam Dominum (4)<br \/>\nLasso, O.: Benedicite gentes (4)<br \/>\nLasso, O.: Benedictus es Domine (4)<br \/>\nLasso, O.: Cantantibus organis (5)<br \/>\nLasso, O.: Cantate Domino (5)<br \/>\nLasso, O.: Confitebor tibi (4)<br \/>\nLasso, O.: Confundantur superbi (5)<br \/>\nLasso, O.: Dextera Domini (4)<br \/>\nLasso, O.: Domine convertere (4)<br \/>\nLasso, O.: Domine, exaudi (4)<br \/>\nLasso, O.: Domine in auxilium (4)<br \/>\nLasso, O.: Exspectans exspectavi (4)<br \/>\nLasso, O.: Immittet Angelus (4)<br \/>\nLasso, O.: Improperium (4)<br \/>\nLasso, O.: Intende voci (4)<br \/>\nLasso, O.: In te speravi (4)<br \/>\nLasso, O.: Meditabor (4)<br \/>\nLasso, O.: Perfice gressus (4)<br \/>\nLasso, O.: Populum humilem (4)<br \/>\nLasso, O.: Precatus est Moyses (4)<br \/>\nLasso, O.: Sperent in te (4)<br \/>\nLasso, O.: Super flumina (4)<br \/>\nLasso, O.: Surrexit pastor bonus (5)<br \/>\nLasso, O.: Tristis est (resp.) (5)<br \/>\nLiszt F.: Ave Maria in A (4)<br \/>\nLiszt F.: Ave Maria in D (4)<br \/>\nLiszt F.: Ave Maris stella (4)<br \/>\nLiszt F.: O salutaris hostia (4)<br \/>\nLiszt F.: Pater noster (4)<br \/>\nLiszt F.: Tu es Petrus (6+Org)<br \/>\nLotti, A.: Crucifixus (6)<br \/>\nMarenzio, L.: Cantantibus organis (4)<br \/>\nMarenzio, L.: O beatum pontificem (4)<br \/>\nMarenzio, L.: Sancta Maria succurre miseris (4)<br \/>\nMettenleiter, J. G.: In hoc cognoscent (4)<br \/>\nMettenleiter, J. G.: Mandatum novum (4)<br \/>\nMitterer, I.: Confitebuntur<br \/>\nMorales, C.: Magnificat Secundi toni (4)<br \/>\nMozart, W. A.: Ave verum corpus (4)<br \/>\nMozart, W. A.: Jubilate Deo (4)<br \/>\nNanini, G. B.: Diffusa est (4)<br \/>\nOrb\u00e1n Gy.: Ave Maria (4)<br \/>\nOrb\u00e1n Gy.: Ave Regina (4)<br \/>\nOrb\u00e1n Gy.: Ave verum corpus (4)<br \/>\nOrb\u00e1n Gy.: Cor mundum (4)<br \/>\nPaladilhe, E.: Laudate Dominum (4+Org)<br \/>\nPalestrina, G. P.: Ad te levavi (5)<br \/>\nPalestrina, G. P.: Angelus Domini (5)<br \/>\nPalestrina, G. P.: Ascendit Deus (5)<br \/>\nPalestrina, G. P.: Ascendit Deus (Vir erat Pars II.) (6)<br \/>\nPalestrina, G. P.: Ave Maria (Annunc. B. M. V.) (4)<br \/>\nPalestrina, G. P.: Ave Maria (5)<br \/>\nPalestrina, G. P.: Benedictus es (5)<br \/>\nPalestrina, G. P.: Benedictus sit (5)<br \/>\nPalestrina, G. P.: Benedixisti Domine (5)<br \/>\nPalestrina, G. P.: Bonum est confiteri (5)<br \/>\nPalestrina, G. P.: Cantantibus organis<br \/>\nPalestrina, G. P.: Confitebor tibi (5)<br \/>\nPalestrina, G. P.: De profundis (5)<br \/>\nPalestrina, G. P.: Deus tu convertens (5)<br \/>\nPalestrina, G. P.: Deus, Deus meus (4)<br \/>\nPalestrina, G. P.: Dies sanctificatus (4)<br \/>\nPalestrina, G. P.: Ego sum panis vivus (4)<br \/>\nPalestrina, G. P.: Exaudi Domine (4)<br \/>\nPalestrina, G. P.: Haec dies (4)<br \/>\nPalestrina, G. P.: Haec dies (6)<br \/>\nPalestrina, G. P.: Iustitiae Domini (5)<br \/>\nPalestrina, G. P.: Jubilate Deo (omnis terra) (5)<br \/>\nPalestrina, G. P.: Jubilate Deo (universa terra) (5)<br \/>\nPalestrina, G. P.: Lauda anima mea (5)<br \/>\nPalestrina, G. P.: Laudate Dominum (5)<br \/>\nPalestrina, G. P.: Loquebantur (4)<br \/>\nPalestrina, G. P.: Meditabor (5)<br \/>\nPalestrina, G. P.: Perfice gressus (5)<br \/>\nPalestrina, G. P.: Recordare mei (5)<br \/>\nPalestrina, G. P.: Reges Tharsis (5)<br \/>\nPalestrina, G. P.: Sanctificavit Moyses (5)<br \/>\nPalestrina, G. P.: Si ambulavero (5)<br \/>\nPalestrina, G. P.: Sicut in holocaustis (5)<br \/>\nPalestrina, G. P.: Scapulis suis (5)<br \/>\nPalestrina, G. P.: Super flumina (4)<br \/>\nPalestrina, G. P.: Terra tremuit (5)<br \/>\nPalestrina, G. P.: Tu es Petrus (6)<br \/>\nPalestrina, G. P.: Veni sponsa Christi (4)<br \/>\nPalestrina, G. P.: Vir erat (5)<br \/>\nPalestrina, G. P.: Viri Galilaei (5)<br \/>\nPitoni, G. O.: Cantate Domino (4)<br \/>\nPitoni, G. O.: Laudate Dominum (4)<br \/>\nPorta, C.: Ecce sacerdos (resp.) (6)<br \/>\nRheinberger, J. G.: Ad te levavi (Op. 176. Nr. 3.) (4)<br \/>\nRheinberger, J. G.: Ave Maria (Op. 176. Nr. 9.) (4)<br \/>\nRheinberger, J. G.: Benedixisti Domine (Op. 176. Nr. 7) (4)<br \/>\nRheinberger, J. G.: Deus tu convertens (Op. 176. Nr. 5.) (4)<br \/>\nRheinberger, J. G.: Ex Sion (Op. 176. Nr. 4.) (4)<br \/>\nRheinberger, J. G.: Prope est Dominus (Op. 176. Nr. 8.) (4)<br \/>\nRheinberger, J. G.: Qui sedes Domine (Op. 176. Nr. 6.) (4)<br \/>\nRheinberger, J. G.: Rorate caeli (Op. 176. Nr. 1.) (4)<br \/>\nRheinberger, J. G.: Universi&#8230; (Op. 176. Nr. 2.) (4)<br \/>\nRore, C.: Exspectans exspectavi (5)<br \/>\nScarlatti, A.: Ad te Domine levavi (4)<br \/>\nScarlatti, A.: Domine in auxilium (4)<br \/>\nScarlatti, A.: Exaltabo te, Domine (4)<br \/>\nScarlatti, A.: Iustitiae Domini (4)<br \/>\nSchubert, F.: Salve Regina (4)<br \/>\nSch\u00fctky, F. J.: Domine salvum fac regem (8)<br \/>\nSermisy, C.: Benedic anima mea (4)<br \/>\nViadana, L.: Adoramus te, Christe (4)<br \/>\nVictoria, T. L.: Ave Maria (4)<br \/>\nVictoria, T. L.: Domine, non sum dignus (4)<br \/>\nVictoria, T. L.: O magnum mysterium (4)<br \/>\nVictoria, T. L.: O vos omnes (4)<br \/>\nVictoria, T. L.: Popule meus (4)<br \/>\nVictoria, T. L.: Quam pulchri sunt (4)<br \/>\nVictoria, T. L.: Vere languores (4)<br \/>\n<\/li><!-- --><\/ul>\n<\/p><\/div>\n","protected":false},"excerpt":{"rendered":"","protected":false},"author":1,"featured_media":0,"parent":1703,"menu_order":0,"comment_status":"closed","ping_status":"closed","template":"","meta":{"footnotes":""},"class_list":["post-1774","page","type-page","status-publish","hentry"],"yoast_head":"<!-- This site is optimized with the Yoast SEO plugin v23.6 - https:\/\/yoast.com\/wordpress\/plugins\/seo\/ -->\n<title>Repertoire of the Palestrina Choir (2007-2015) | Palestrina<\/title>\n<meta name=\"robots\" content=\"index, follow, max-snippet:-1, max-image-preview:large, max-video-preview:-1\" \/>\n<link rel=\"canonical\" href=\"http:\/\/palestrina.hu\/rolunk\/repertoar\/\" \/>\n<meta property=\"og:locale\" content=\"hu_HU\" \/>\n<meta property=\"og:type\" content=\"article\" \/>\n<meta property=\"og:title\" content=\"Repertoire of the Palestrina Choir (2007-2015) | Palestrina\" \/>\n<meta property=\"og:url\" content=\"http:\/\/palestrina.hu\/en\/rolunk\/repertoar\/\" \/>\n<meta property=\"og:site_name\" content=\"Palestrina\" \/>\n<meta property=\"article:modified_time\" content=\"2016-05-26T19:43:08+00:00\" \/>\n<meta name=\"twitter:card\" content=\"summary_large_image\" \/>\n<meta name=\"twitter:label1\" content=\"Becs\u00fclt olvas\u00e1si id\u0151\" \/>\n\t<meta name=\"twitter:data1\" content=\"7 perc\" \/>\n<script type=\"application\/ld+json\" class=\"yoast-schema-graph\">{\"@context\":\"https:\/\/schema.org\",\"@graph\":[{\"@type\":\"WebPage\",\"@id\":\"http:\/\/palestrina.hu\/en\/rolunk\/repertoar\/\",\"url\":\"http:\/\/palestrina.hu\/en\/rolunk\/repertoar\/\",\"name\":\"Repertoire of the Palestrina Choir (2007-2015) | Palestrina\",\"isPartOf\":{\"@id\":\"http:\/\/palestrina.hu\/#website\"},\"datePublished\":\"2016-03-08T14:02:47+00:00\",\"dateModified\":\"2016-05-26T19:43:08+00:00\",\"breadcrumb\":{\"@id\":\"http:\/\/palestrina.hu\/en\/rolunk\/repertoar\/#breadcrumb\"},\"inLanguage\":\"hu\",\"potentialAction\":[{\"@type\":\"ReadAction\",\"target\":[\"http:\/\/palestrina.hu\/en\/rolunk\/repertoar\/\"]}]},{\"@type\":\"BreadcrumbList\",\"@id\":\"http:\/\/palestrina.hu\/en\/rolunk\/repertoar\/#breadcrumb\",\"itemListElement\":[{\"@type\":\"ListItem\",\"position\":1,\"name\":\"Home\",\"item\":\"http:\/\/palestrina.hu\/\"},{\"@type\":\"ListItem\",\"position\":2,\"name\":\"About us\",\"item\":\"https:\/\/palestrina.hu\/en\/rolunk\/\"},{\"@type\":\"ListItem\",\"position\":3,\"name\":\"Repertoire of the Palestrina Choir (2007-2015)\"}]},{\"@type\":\"WebSite\",\"@id\":\"http:\/\/palestrina.hu\/#website\",\"url\":\"http:\/\/palestrina.hu\/\",\"name\":\"Palestrina\",\"description\":\"... egy \u00fajabb WordPress honlap...\",\"potentialAction\":[{\"@type\":\"SearchAction\",\"target\":{\"@type\":\"EntryPoint\",\"urlTemplate\":\"http:\/\/palestrina.hu\/?s={search_term_string}\"},\"query-input\":{\"@type\":\"PropertyValueSpecification\",\"valueRequired\":true,\"valueName\":\"search_term_string\"}}],\"inLanguage\":\"hu\"}]}<\/script>\n<!-- \/ Yoast SEO plugin. -->","yoast_head_json":{"title":"Repertoire of the Palestrina Choir (2007-2015) | Palestrina","robots":{"index":"index","follow":"follow","max-snippet":"max-snippet:-1","max-image-preview":"max-image-preview:large","max-video-preview":"max-video-preview:-1"},"canonical":"http:\/\/palestrina.hu\/rolunk\/repertoar\/","og_locale":"hu_HU","og_type":"article","og_title":"Repertoire of the Palestrina Choir (2007-2015) | Palestrina","og_url":"http:\/\/palestrina.hu\/en\/rolunk\/repertoar\/","og_site_name":"Palestrina","article_modified_time":"2016-05-26T19:43:08+00:00","twitter_card":"summary_large_image","twitter_misc":{"Becs\u00fclt olvas\u00e1si id\u0151":"7 perc"},"schema":{"@context":"https:\/\/schema.org","@graph":[{"@type":"WebPage","@id":"http:\/\/palestrina.hu\/en\/rolunk\/repertoar\/","url":"http:\/\/palestrina.hu\/en\/rolunk\/repertoar\/","name":"Repertoire of the Palestrina Choir (2007-2015) | Palestrina","isPartOf":{"@id":"http:\/\/palestrina.hu\/#website"},"datePublished":"2016-03-08T14:02:47+00:00","dateModified":"2016-05-26T19:43:08+00:00","breadcrumb":{"@id":"http:\/\/palestrina.hu\/en\/rolunk\/repertoar\/#breadcrumb"},"inLanguage":"hu","potentialAction":[{"@type":"ReadAction","target":["http:\/\/palestrina.hu\/en\/rolunk\/repertoar\/"]}]},{"@type":"BreadcrumbList","@id":"http:\/\/palestrina.hu\/en\/rolunk\/repertoar\/#breadcrumb","itemListElement":[{"@type":"ListItem","position":1,"name":"Home","item":"http:\/\/palestrina.hu\/"},{"@type":"ListItem","position":2,"name":"About us","item":"https:\/\/palestrina.hu\/en\/rolunk\/"},{"@type":"ListItem","position":3,"name":"Repertoire of the Palestrina Choir (2007-2015)"}]},{"@type":"WebSite","@id":"http:\/\/palestrina.hu\/#website","url":"http:\/\/palestrina.hu\/","name":"Palestrina","description":"... egy \u00fajabb WordPress honlap...","potentialAction":[{"@type":"SearchAction","target":{"@type":"EntryPoint","urlTemplate":"http:\/\/palestrina.hu\/?s={search_term_string}"},"query-input":{"@type":"PropertyValueSpecification","valueRequired":true,"valueName":"search_term_string"}}],"inLanguage":"hu"}]}},"_links":{"self":[{"href":"http:\/\/palestrina.hu\/en\/wp-json\/wp\/v2\/pages\/1774\/"}],"collection":[{"href":"http:\/\/palestrina.hu\/en\/wp-json\/wp\/v2\/pages\/"}],"about":[{"href":"http:\/\/palestrina.hu\/en\/wp-json\/wp\/v2\/types\/page\/"}],"author":[{"embeddable":true,"href":"http:\/\/palestrina.hu\/en\/wp-json\/wp\/v2\/users\/1\/"}],"replies":[{"embeddable":true,"href":"http:\/\/palestrina.hu\/en\/wp-json\/wp\/v2\/comments\/?post=1774"}],"version-history":[{"count":2,"href":"http:\/\/palestrina.hu\/en\/wp-json\/wp\/v2\/pages\/1774\/revisions\/"}],"predecessor-version":[{"id":1775,"href":"http:\/\/palestrina.hu\/en\/wp-json\/wp\/v2\/pages\/1774\/revisions\/1775\/"}],"up":[{"embeddable":true,"href":"http:\/\/palestrina.hu\/en\/wp-json\/wp\/v2\/pages\/1703\/"}],"wp:attachment":[{"href":"http:\/\/palestrina.hu\/en\/wp-json\/wp\/v2\/media\/?parent=1774"}],"curies":[{"name":"wp","href":"https:\/\/api.w.org\/{rel}","templated":true}]}}