{"id":1767,"date":"2016-03-08T13:55:18","date_gmt":"2016-03-08T13:55:18","guid":{"rendered":"http:\/\/palestrina.hu\/en\/about-us\/karnagy\/"},"modified":"2024-10-15T13:20:45","modified_gmt":"2024-10-15T13:20:45","slug":"karnagy","status":"publish","type":"page","link":"http:\/\/palestrina.hu\/en\/rolunk\/karnagy\/","title":{"rendered":"Karnagy"},"content":{"rendered":"<ul class=\"g1-grid\"><li class=\"g1-column g1-one-half g1-valign-top\" id=\"g1-grid-counter-0\" >\n<p><img loading=\"lazy\" decoding=\"async\" class=\"alignnone size-large wp-image-2863\" src=\"http:\/\/palestrina.hu\/wp-content\/uploads\/2024\/10\/115_Palestrina_150405_NNfoto-683x1024.jpg\" alt=\"\" width=\"683\" height=\"1024\" srcset=\"http:\/\/palestrina.hu\/wp-content\/uploads\/2024\/10\/115_Palestrina_150405_NNfoto-683x1024.jpg 683w, http:\/\/palestrina.hu\/wp-content\/uploads\/2024\/10\/115_Palestrina_150405_NNfoto-200x300.jpg 200w, http:\/\/palestrina.hu\/wp-content\/uploads\/2024\/10\/115_Palestrina_150405_NNfoto-768x1152.jpg 768w, http:\/\/palestrina.hu\/wp-content\/uploads\/2024\/10\/115_Palestrina_150405_NNfoto-1024x1536.jpg 1024w, http:\/\/palestrina.hu\/wp-content\/uploads\/2024\/10\/115_Palestrina_150405_NNfoto-1365x2048.jpg 1365w, http:\/\/palestrina.hu\/wp-content\/uploads\/2024\/10\/115_Palestrina_150405_NNfoto-scaled.jpg 1707w\" sizes=\"(max-width: 683px) 100vw, 683px\" \/><\/p>\n<\/li><!-- --><li class=\"g1-column g1-one-half g1-valign-top\" id=\"g1-grid-counter-1\" >\n<p><strong>Jobb\u00e1gy Val\u00e9r karnagy szakmai \u00e9letrajza<\/strong><\/p>\n<p>Jobb\u00e1gy Val\u00e9r karnagy \u00e9s tan\u00e1r 1947. febru\u00e1r 16-\u00e1n sz\u00fcletett Csokonyavisont\u00e1n.<\/p>\n<p><strong>Tanulm\u00e1nyai<\/strong><\/p>\n<p>1961-1965\u00a0 P\u00e9csi M\u0171v\u00e9szeti Gimn\u00e1zium \u2013 klarin\u00e9t szak<\/p>\n<p>1965-1970\u00a0 Budapesti Zeneakad\u00e9mia \u2013 karvezet\u0151<\/p>\n<p>1966-1972\u00a0 Budapesti Zeneakad\u00e9mia \u2013 klarin\u00e9t m\u0171v\u00e9sztan\u00e1r<\/p>\n<p>1973\u00a0 \u00a0 \u00a0 \u00a0 \u00a0 \u00a0 Prof. Hans Swarowsky mesterkurzusa (Ossiach)<\/p>\n<p>2003\u00a0\u00a0\u00a0\u00a0\u00a0\u00a0\u00a0\u00a0\u00a0\u00a0 DLA-fokozatot szerzett, miut\u00e1n a Liszt Ferenc Zenem\u0171v\u00e9szeti Egyetemen Summa cum laude min\u0151s\u00edt\u00e9ssel v\u00e9dte meg \u201eA deklam\u00e1ci\u00f3 szerepe Giovanni Pierluigi da Palestrina motett\u00e1iban\u201d c. doktori \u00e9rtekez\u00e9s\u00e9t<\/p>\n<p><strong>Tan\u00e1ri p\u00e1lyafut\u00e1sa<\/strong><\/p>\n<p>1971-1974\u00a0 Kod\u00e1ly Zolt\u00e1n Zenem\u0171v\u00e9szeti Szakk\u00f6z\u00e9piskola, Debrecen<\/p>\n<p>1974-1976\u00a0 P\u00e9csi M\u0171v\u00e9szeti Szakk\u00f6z\u00e9piskola<\/p>\n<p>1976-1986\u00a0 P\u00e9csi Tan\u00e1rk\u00e9pz\u0151 F\u0151iskola\/Janus Pannonius Tudom\u00e1nyegyetem<\/p>\n<p>1986-1996\u00a0 Illy\u00e9s Gyula Pedag\u00f3giai F\u0151iskola, Szeksz\u00e1rd<\/p>\n<p>1990-1996\u00a0 P\u00fcsp\u00f6ki \u00c9nekiskola, P\u00e9cs<\/p>\n<p>1988-t\u00f3l\u00a0\u00a0\u00a0\u00a0\u00a0 Liszt Ferenc Zenem\u0171v\u00e9szeti Egyetem, Budapest<\/p>\n<p>1996-2007\u00a0 P\u00e9csi Tudom\u00e1nyegyetem M\u0171v\u00e9szeti Kar<\/p>\n<p>2004\u00a0\u00a0\u00a0\u00a0\u00a0\u00a0\u00a0\u00a0\u00a0\u00a0 Tokio Cantat, Jap\u00e1n, mesterkurzus<\/p>\n<\/li><!-- --><\/ul><\/p>\n<div id=\"g1-divider-counter-1\" class=\"g1-divider g1-type-classic-2\"><\/div>\n<p><strong>Karnagyi p\u00e1ly\u00e1ja<\/strong><\/p>\n<p>1961-1965\u00a0 A P\u00e9csi Sz\u00e9kesegyh\u00e1z Ifj\u00fas\u00e1gi K\u00f3rusa<\/p>\n<p>1975-1980\u00a0 IH Kamarak\u00f3rus, P\u00e9cs<\/p>\n<p>1977-2007\u00a0 P\u00e9csi Tan\u00e1rk\u00e9pz\u0151 F\u0151iskola (majd JPTE) N\u0151ikara, k\u00e9s\u0151bb a PTE \u201ePuellae\u201d N\u0151i Kamarak\u00f3rus<\/p>\n<p>1981-t\u0151l\u00a0\u00a0\u00a0\u00a0\u00a0 Szeksz\u00e1rdi Madrig\u00e1lk\u00f3rus<\/p>\n<p>1988\u00a0\u00a0\u00a0\u00a0\u00a0\u00a0\u00a0\u00a0\u00a0\u00a0 Trento (Olaszorsz\u00e1g) \u2013 I. Eur\u00f3pai Karnagyverseny 1. d\u00edja<\/p>\n<p>1988-t\u00f3l\u00a0\u00a0\u00a0\u00a0\u00a0 A P\u00e9csi Sz\u00e9kesegyh\u00e1z Palestrina K\u00f3rusa<\/p>\n<p>1990-1996\u00a0 P\u00e9csi P\u00fcsp\u00f6ki \u00c9nekiskola<\/p>\n<p>1994-t\u0151l\u00a0\u00a0\u00a0\u00a0\u00a0 Schola Cantorum Sopianensis<\/p>\n<p>2009\u00a0\u00a0\u00a0\u00a0\u00a0\u00a0\u00a0\u00a0\u00a0\u00a0 Liszt-d\u00edjas karnagy<\/p>\n<div id=\"g1-divider-counter-2\" class=\"g1-divider g1-type-classic-2\"><\/div>\n<p><strong>Jelent\u0151sebb versenyeredm\u00e9nyei<\/strong><\/p>\n<p>1976\u00a0\u00a0\u00a0\u00a0\u00a0\u00a0\u00a0\u00a0\u00a0\u00a0 Ki mit tud? \u2013 I. helyez\u00e9s \u2013 IH Kamarak\u00f3rus<\/p>\n<p>1978\u00a0\u00a0\u00a0\u00a0\u00a0\u00a0\u00a0\u00a0\u00a0\u00a0 Tours (Franciaorsz\u00e1g) \u2013 1. d\u00edj \u2013 P\u00e9csi Tan\u00e1rk\u00e9pz\u0151 F\u0151iskola N\u0151ikara<\/p>\n<p>1981\u00a0\u00a0\u00a0\u00a0\u00a0\u00a0\u00a0\u00a0\u00a0\u00a0 BBC \u2013 1. d\u00edj \u2013 P\u00e9csi Tan\u00e1rk\u00e9pz\u0151 F\u0151iskola N\u0151ikara<\/p>\n<p>1985\u00a0\u00a0\u00a0\u00a0\u00a0\u00a0\u00a0\u00a0\u00a0\u00a0 Llangollen (Wales) \u2013 k\u00e9t 1. \u00e9s egy 2. d\u00edj \u2013 Szeksz\u00e1rdi Madrig\u00e1lk\u00f3rus<\/p>\n<p>1986\u00a0\u00a0\u00a0\u00a0\u00a0\u00a0\u00a0\u00a0\u00a0\u00a0 Arezzo (Olaszorsz\u00e1g) \u2013 k\u00e9t 1. d\u00edj, k\u00e9t k\u00fcl\u00f6nd\u00edj, nagyd\u00edj \u2013 JPTE N\u0151ikara<\/p>\n<p>1988\u00a0\u00a0\u00a0\u00a0\u00a0\u00a0\u00a0\u00a0\u00a0\u00a0 Karditsa (G\u00f6r\u00f6gorsz\u00e1g) \u2013 1. \u00e9s 2. d\u00edj \u2013 Szeksz\u00e1rdi Madrig\u00e1lk\u00f3rus<\/p>\n<p>1989\u00a0\u00a0\u00a0\u00a0\u00a0\u00a0\u00a0\u00a0\u00a0\u00a0 Tolosa (Spanyolorsz\u00e1g) \u2013 2. \u00e9s 3. d\u00edj \u2013 Szeksz\u00e1rdi Madrig\u00e1lk\u00f3rus<\/p>\n<p>1994\u00a0\u00a0\u00a0\u00a0\u00a0\u00a0\u00a0\u00a0\u00a0\u00a0 Tours (Franciaorsz\u00e1g) \u2013 2. \u00e9s 3. d\u00edj, a francia kultur\u00e1lis miniszter k\u00fcl\u00f6nd\u00edja \u2013 JPTE N\u0151ikara<\/p>\n<p>1995\u00a0\u00a0\u00a0\u00a0\u00a0\u00a0\u00a0\u00a0\u00a0\u00a0 Arnhem (Hollandia) \u2013 1. \u00e9s 2. d\u00edj, k\u00fcl\u00f6nd\u00edj \u2013 Szeksz\u00e1rdi Madrig\u00e1lk\u00f3rus<\/p>\n<p>1996\u00a0\u00a0\u00a0\u00a0\u00a0\u00a0\u00a0\u00a0\u00a0\u00a0 Maasmechelen (Belgium) \u2013 1. d\u00edj, k\u00fcl\u00f6nd\u00edj \u2013 JPTE N\u0151i Kamarak\u00f3rus<\/p>\n<p>1997\u00a0\u00a0\u00a0\u00a0\u00a0\u00a0\u00a0\u00a0\u00a0\u00a0 Arezzo (Olaszorsz\u00e1g) \u2013 1., 2. \u00e9s 3. d\u00edj \u2013 JPTE N\u0151i Kamarak\u00f3rus<\/p>\n<p>1998\u00a0\u00a0\u00a0\u00a0\u00a0\u00a0\u00a0\u00a0\u00a0\u00a0 R\u00f3ma (Olaszorsz\u00e1g) \u2013 k\u00e9t 1. d\u00edj, Lassus-kupa (Grand Prix), karnagyi d\u00edj \u2013 JPTE N\u0151i Kamarak\u00f3rus<\/p>\n<p>1998\u00a0\u00a0\u00a0\u00a0\u00a0\u00a0\u00a0\u00a0\u00a0\u00a0 Marktoberdorf (N\u00e9metorsz\u00e1g) \u2013 2. d\u00edj (els\u0151t nem adtak ki) \u2013 JPTE N\u0151i Kamarak\u00f3rus<\/p>\n<p>1999\u00a0\u00a0\u00a0\u00a0\u00a0\u00a0\u00a0\u00a0\u00a0\u00a0 Takarazuka (Jap\u00e1n) \u2013 Arany\u00e9rem \u2013 PTE \u201ePuellae\u201d N\u0151i Kamarak\u00f3rus<\/p>\n<p>2000\u00a0\u00a0\u00a0\u00a0\u00a0\u00a0\u00a0\u00a0\u00a0\u00a0 Llangollen (Wales) \u2013 3. d\u00edj \u2013 Schola Cantorum Sopianensis<\/p>\n<p>2001\u00a0\u00a0\u00a0\u00a0\u00a0\u00a0\u00a0\u00a0\u00a0\u00a0 Neuchatel (Sv\u00e1jc) \u2013 1. \u00e9s 2. d\u00edj, k\u00fcl\u00f6nd\u00edj \u2013 Schola Cantorum Sopianensis<\/p>\n<p>2001\u00a0\u00a0\u00a0\u00a0\u00a0\u00a0\u00a0\u00a0\u00a0\u00a0 Arnhem (Hollandia) \u2013 1. d\u00edj \u2013 PTE \u201ePuellae\u201d N\u0151i Kamarak\u00f3rus<\/p>\n<p>2002\u00a0\u00a0\u00a0\u00a0\u00a0\u00a0\u00a0\u00a0\u00a0\u00a0 Camerino (Olaszorsz\u00e1g) \u2013 k\u00e9t 1. d\u00edj, Lassus-kupa (Grand Prix) \u2013 PTE \u201ePuellae\u201d N\u0151i Kamarak\u00f3rus<\/p>\n<p>2002\u00a0\u00a0\u00a0\u00a0\u00a0\u00a0\u00a0\u00a0\u00a0\u00a0 B\u00e9cs (Ausztria) \u2013 1. d\u00edj, B\u00e9cs V\u00e1ros k\u00fcl\u00f6nd\u00edja \u2013 Szeksz\u00e1rdi Madrig\u00e1lk\u00f3rus<\/p>\n<p>2003\u00a0\u00a0\u00a0\u00a0\u00a0\u00a0\u00a0\u00a0\u00a0\u00a0 Camerino (Olaszorsz\u00e1g) \u2013 egy 1. \u00e9s k\u00e9t 2. d\u00edj \u2013 Szeksz\u00e1rdi Madrig\u00e1lk\u00f3rus<\/p>\n<p>2004\u00a0\u00a0\u00a0\u00a0\u00a0\u00a0\u00a0\u00a0\u00a0\u00a0 Tours (Franciaorsz\u00e1g) \u2013 2. d\u00edj (els\u0151t nem adtak ki), a francia kultur\u00e1lis miniszter k\u00fcl\u00f6nd\u00edja \u2013 PTE \u201ePuellae\u201d N\u0151i Kamarak\u00f3rus<\/p>\n<p>2005\u00a0\u00a0\u00a0\u00a0\u00a0\u00a0\u00a0\u00a0\u00a0\u00a0 Varna (Bulg\u00e1ria) \u2013 k\u00e9t 1. d\u00edj &#8211; \u2013 PTE \u201ePuellae\u201d N\u0151i Kamarak\u00f3rus<\/p>\n<p>2005\u00a0\u00a0\u00a0\u00a0\u00a0\u00a0\u00a0\u00a0\u00a0\u00a0 Cork (\u00cdrorsz\u00e1g) \u2013 k\u00fcl\u00f6nd\u00edj \u2013 Szeksz\u00e1rdi Madrig\u00e1lk\u00f3rus<\/p>\n<p>2006\u00a0\u00a0\u00a0\u00a0\u00a0\u00a0\u00a0\u00a0\u00a0\u00a0 Neuchatel (Sv\u00e1jc) \u2013 1. d\u00edj, nagyd\u00edj \u2013 Schola Cantorum Sopianensis<\/p>\n<p>2009\u00a0\u00a0\u00a0\u00a0\u00a0\u00a0\u00a0\u00a0\u00a0\u00a0 P\u00e9cs (Magyarorsz\u00e1g) \u2013 k\u00e9t 1. d\u00edj \u2013 Schola Cantorum Sopianensis<\/p>\n<p>2010\u00a0\u00a0\u00a0\u00a0\u00a0\u00a0\u00a0\u00a0\u00a0\u00a0 Rimini (Olaszorsz\u00e1g) \u2013 3. d\u00edj \u2013 Schola Cantorum Sopianensis<\/p>\n<p>2012\u00a0\u00a0\u00a0\u00a0\u00a0\u00a0\u00a0\u00a0\u00a0\u00a0 Neuchatel (Sv\u00e1jc) \u2013 3. d\u00edj, k\u00fcl\u00f6nd\u00edj \u2013 Schola Cantorum Sopianensis<\/p>\n<p>2012\u00a0\u00a0\u00a0\u00a0\u00a0\u00a0\u00a0\u00a0\u00a0\u00a0 Arezzo (Olaszorsz\u00e1g) \u2013 k\u00e9t 3. d\u00edj \u2013 Szeksz\u00e1rdi Madrig\u00e1lk\u00f3rus<\/p>\n<p>2013\u00a0\u00a0\u00a0\u00a0\u00a0\u00a0\u00a0\u00a0\u00a0\u00a0 Gorizia (Olaszorsz\u00e1g) \u2013 h\u00e1rom 1. d\u00edj, 2. d\u00edj \u2013 Schola Cantorum Sopianensis<\/p>\n<p>2014\u00a0\u00a0\u00a0\u00a0\u00a0\u00a0\u00a0\u00a0\u00a0\u00a0 Arezzo (Olaszorsz\u00e1g) \u2013 3. d\u00edj \u2013 Schola Cantorum Sopianensis<\/p>\n<p>2014\u00a0\u00a0\u00a0\u00a0\u00a0\u00a0\u00a0\u00a0\u00a0\u00a0 Nagyb\u00e1nya (Rom\u00e1nia) \u2013 3. d\u00edj \u2013 Szeksz\u00e1rdi Madrig\u00e1lk\u00f3rus<\/p>\n<p>2015\u00a0\u00a0\u00a0\u00a0\u00a0\u00a0\u00a0\u00a0\u00a0\u00a0 Tours (Franciaorsz\u00e1g) \u2013 1. d\u00edj, k\u00fcl\u00f6nd\u00edj, karnagyi k\u00fcl\u00f6nd\u00edj \u2013 Schola Cantorum Sopianensis<\/p>\n<p>A legjelent\u0151sebb eur\u00f3pai k\u00f3rusversenyek k\u00f6z\u00fcl tagja volt az Arezzo-i, debreceni \u00e9s Montreux-i versenyek zs\u0171rij\u00e9nek.<\/p>\n<div id=\"g1-divider-counter-3\" class=\"g1-divider g1-type-classic-2\"><\/div>\n<p><strong>Munk\u00e1ss\u00e1ga a P\u00e9csi Sz\u00e9kesegyh\u00e1z Palestrina K\u00f3rus\u00e1nak \u00e9l\u00e9n<\/strong><\/p>\n<p>A sz\u00e9kesegyh\u00e1zi \u00e9nekkar vezet\u0151jek\u00e9nt elv\u00e9gzett munk\u00e1ja \u2013 az egy\u00fcttes jelleg\u00e9b\u0151l ad\u00f3d\u00f3an \u2013 nem m\u00e9rhet\u0151 versenyeredm\u00e9nyekben. A Palestrina K\u00f3rus hozz\u00e1vet\u0151legesen \u00e9vi 60 alkalommal l\u00e1t el zenei szolg\u00e1latot a p\u00e9csi d\u00f3mban, amely sor\u00e1n Magyarorsz\u00e1gon egyed\u00fcl\u00e1ll\u00f3an sz\u00e9les reperto\u00e1rt mutat be a renesz\u00e1nsz liturgikus zeneirodalomb\u00f3l. \u00cdgy Jobb\u00e1gy Val\u00e9r a p\u00e9csi sz\u00e9kesegyh\u00e1z karnagyak\u00e9nt elt\u00f6lt\u00f6tt 28 \u00e9v sor\u00e1n t\u00f6bb mint 1500, koncerttel fel\u00e9r\u0151 zenei szolg\u00e1lat sor\u00e1n vez\u00e9nyelte a Palestrina K\u00f3rust.<\/p>\n<p>A vas\u00e1rnapi \u00e9s \u00fcnnepnapi szertart\u00e1sok, illetve az el\u0151tt\u00fck tartott pr\u00f3b\u00e1k mell\u00e9 az \u00e9v nagy r\u00e9sz\u00e9ben szombati pr\u00f3b\u00e1k is t\u00e1rsulnak, \u00edgy a karnagy \u00f6sszesen \u00e9vi kb. 100 alkalommal dolgozik egy\u00fctt az \u00e9nekkarral. Ebbe a fesz\u00edtett munkarendbe id\u0151nk\u00e9nt 1-1 koncert \u00e9s n\u00e9h\u00e1ny tiszteletd\u00edj\u00e9rt v\u00e9gzett tov\u00e1bbi szolg\u00e1lat illeszthet\u0151 be. A k\u00f3rus \u00e9vente a novemberi Cec\u00edlia-napi egyh\u00e1zzenei \u00e1h\u00edtaton szokott a k\u00f6z\u00f6ns\u00e9g el\u00e9 l\u00e9pni P\u00e9csett, de 2015-ben k\u00e9t adventi koncertet is adott. P\u00e9cs hat\u00e1rain t\u00fal az elm\u00falt \u00e9vekben Szajkon, Szeksz\u00e1rdon, Nagydorogon, Kaposv\u00e1ron, Budapesten \u00e9s Szabadk\u00e1n hallhatt\u00e1k a Palestrina K\u00f3rust.<\/p>\n<div id=\"g1-divider-counter-4\" class=\"g1-divider g1-type-classic-2\"><\/div>\n<p><strong>D\u00edjak, kit\u00fcntet\u00e9sek:<\/strong><\/p>\n<p>2000\u00a0\u00a0\u00a0\u00a0\u00a0\u00a0\u00a0\u00a0\u00a0\u00a0 Szeksz\u00e1rd v\u00e1ros &#8222;K\u00f6zj\u00f3\u00e9rt&#8221; kit\u00fcntet\u00e9se<\/p>\n<p>2009\u00a0\u00a0\u00a0\u00a0\u00a0\u00a0\u00a0\u00a0\u00a0\u00a0 Liszt Ferenc d\u00edj<\/p>\n<p>2013\u00a0\u00a0\u00a0\u00a0\u00a0\u00a0\u00a0\u00a0\u00a0\u00a0 a Magyar Katolikus P\u00fcsp\u00f6ki Konferencia &#8222;Pro Cultura Christiana&#8221;-d\u00edja<\/p>\n<p>2015\u00a0\u00a0\u00a0\u00a0\u00a0\u00a0\u00a0\u00a0\u00a0\u00a0 Szeksz\u00e1rd v\u00e1ros \u201ePro Urbe\u201d d\u00edja<\/p>\n<div id=\"g1-divider-counter-5\" class=\"g1-divider g1-type-classic-2\"><\/div>\n<p><strong>Hangfelv\u00e9telek, CD-k<\/strong><\/p>\n<p>1993\u00a0\u00a0\u00a0\u00a0\u00a0\u00a0\u00a0\u00a0\u00a0\u00a0 Claudin de Sermisy: Missa Philomena. PRELUDIO Art Agency<\/p>\n<p>1994\u00a0\u00a0\u00a0\u00a0\u00a0\u00a0\u00a0\u00a0\u00a0\u00a0 A P\u00fcsp\u00f6ki \u00c9nekiskola Fi\u00fak\u00f3rusa, P\u00e9cs. DLCD 060<\/p>\n<p>2000\u00a0\u00a0\u00a0\u00a0\u00a0\u00a0\u00a0\u00a0\u00a0\u00a0 Giovanni Pierguigi da Palestrina: Missa \u201eSalve Regina\u201d, Missa \u201eAlma Redemptoris Mater\u201d, Szeksz\u00e1rdi Madrig\u00e1lk\u00f3rus ZENCD 2000-11<\/p>\n<p>2011\u00a0\u00a0\u00a0\u00a0\u00a0\u00a0\u00a0\u00a0\u00a0\u00a0 In memoriam Glatt Ign\u00e1c, P\u00e9csi Sz\u00e9kesegyh\u00e1z Palestrina K\u00f3rusa DLCD 349<\/p>\n<p>2012\u00a0\u00a0\u00a0\u00a0\u00a0\u00a0\u00a0\u00a0\u00a0\u00a0 Musica Sacra Hungarica, Schola Cantorum Sopianensis DLCD 355<\/p>\n<p>2012\u00a0\u00a0\u00a0\u00a0\u00a0\u00a0\u00a0\u00a0\u00a0\u00a0 In memoriam Lajos Gyula, P\u00e9csi Sz\u00e9kesegyh\u00e1z Palestrina K\u00f3rusa DLCD 358<\/p>\n<p>2013\u00a0\u00a0\u00a0 In memoriam Mayer Ferenc, P\u00e9csi Sz\u00e9kesegyh\u00e1z Palestrina K\u00f3rusa \u2013 Schola Cantorum Sopianensis DLCD 367<\/p>\n","protected":false},"excerpt":{"rendered":"<p>Karnagyi p\u00e1ly\u00e1ja 1961-1965\u00a0 A P\u00e9csi Sz\u00e9kesegyh\u00e1z Ifj\u00fas\u00e1gi K\u00f3rusa 1975-1980\u00a0 IH Kamarak\u00f3rus, P\u00e9cs 1977-2007\u00a0 P\u00e9csi Tan\u00e1rk\u00e9pz\u0151 F\u0151iskola (majd JPTE) N\u0151ikara, k\u00e9s\u0151bb a PTE \u201ePuellae\u201d N\u0151i Kamarak\u00f3rus 1981-t\u0151l\u00a0\u00a0\u00a0\u00a0\u00a0 Szeksz\u00e1rdi Madrig\u00e1lk\u00f3rus 1988\u00a0\u00a0\u00a0\u00a0\u00a0\u00a0\u00a0\u00a0\u00a0\u00a0 Trento (Olaszorsz\u00e1g) \u2013 I. Eur\u00f3pai Karnagyverseny 1. d\u00edja 1988-t\u00f3l\u00a0\u00a0\u00a0\u00a0\u00a0 A P\u00e9csi Sz\u00e9kesegyh\u00e1z Palestrina K\u00f3rusa 1990-1996\u00a0 P\u00e9csi P\u00fcsp\u00f6ki \u00c9nekiskola 1994-t\u0151l\u00a0\u00a0\u00a0\u00a0\u00a0 Schola Cantorum Sopianensis 2009\u00a0\u00a0\u00a0\u00a0\u00a0\u00a0\u00a0\u00a0\u00a0\u00a0 Liszt-d\u00edjas karnagy Jelent\u0151sebb [&hellip;]<\/p>\n","protected":false},"author":1,"featured_media":0,"parent":1703,"menu_order":0,"comment_status":"closed","ping_status":"closed","template":"","meta":{"footnotes":""},"class_list":["post-1767","page","type-page","status-publish","hentry"],"yoast_head":"<!-- This site is optimized with the Yoast SEO plugin v23.6 - https:\/\/yoast.com\/wordpress\/plugins\/seo\/ -->\n<title>Karnagy | Palestrina<\/title>\n<meta name=\"robots\" content=\"index, follow, max-snippet:-1, max-image-preview:large, max-video-preview:-1\" \/>\n<link rel=\"canonical\" href=\"http:\/\/palestrina.hu\/rolunk\/karnagy\/\" \/>\n<meta property=\"og:locale\" content=\"hu_HU\" \/>\n<meta property=\"og:type\" content=\"article\" \/>\n<meta property=\"og:title\" content=\"Karnagy | Palestrina\" \/>\n<meta property=\"og:description\" content=\"Karnagyi p\u00e1ly\u00e1ja 1961-1965\u00a0 A P\u00e9csi Sz\u00e9kesegyh\u00e1z Ifj\u00fas\u00e1gi K\u00f3rusa 1975-1980\u00a0 IH Kamarak\u00f3rus, P\u00e9cs 1977-2007\u00a0 P\u00e9csi Tan\u00e1rk\u00e9pz\u0151 F\u0151iskola (majd JPTE) N\u0151ikara, k\u00e9s\u0151bb a PTE \u201ePuellae\u201d N\u0151i Kamarak\u00f3rus 1981-t\u0151l\u00a0\u00a0\u00a0\u00a0\u00a0 Szeksz\u00e1rdi Madrig\u00e1lk\u00f3rus 1988\u00a0\u00a0\u00a0\u00a0\u00a0\u00a0\u00a0\u00a0\u00a0\u00a0 Trento (Olaszorsz\u00e1g) \u2013 I. Eur\u00f3pai Karnagyverseny 1. d\u00edja 1988-t\u00f3l\u00a0\u00a0\u00a0\u00a0\u00a0 A P\u00e9csi Sz\u00e9kesegyh\u00e1z Palestrina K\u00f3rusa 1990-1996\u00a0 P\u00e9csi P\u00fcsp\u00f6ki \u00c9nekiskola 1994-t\u0151l\u00a0\u00a0\u00a0\u00a0\u00a0 Schola Cantorum Sopianensis 2009\u00a0\u00a0\u00a0\u00a0\u00a0\u00a0\u00a0\u00a0\u00a0\u00a0 Liszt-d\u00edjas karnagy Jelent\u0151sebb [&hellip;]\" \/>\n<meta property=\"og:url\" content=\"http:\/\/palestrina.hu\/en\/rolunk\/karnagy\/\" \/>\n<meta property=\"og:site_name\" content=\"Palestrina\" \/>\n<meta property=\"article:modified_time\" content=\"2024-10-15T13:20:45+00:00\" \/>\n<meta property=\"og:image\" content=\"http:\/\/palestrina.hu\/wp-content\/uploads\/2024\/10\/115_Palestrina_150405_NNfoto-683x1024.jpg\" \/>\n<meta name=\"twitter:card\" content=\"summary_large_image\" \/>\n<meta name=\"twitter:label1\" content=\"Becs\u00fclt olvas\u00e1si id\u0151\" \/>\n\t<meta name=\"twitter:data1\" content=\"5 perc\" \/>\n<script type=\"application\/ld+json\" class=\"yoast-schema-graph\">{\"@context\":\"https:\/\/schema.org\",\"@graph\":[{\"@type\":\"WebPage\",\"@id\":\"http:\/\/palestrina.hu\/en\/rolunk\/karnagy\/\",\"url\":\"http:\/\/palestrina.hu\/en\/rolunk\/karnagy\/\",\"name\":\"Karnagy | Palestrina\",\"isPartOf\":{\"@id\":\"http:\/\/palestrina.hu\/#website\"},\"primaryImageOfPage\":{\"@id\":\"http:\/\/palestrina.hu\/en\/rolunk\/karnagy\/#primaryimage\"},\"image\":{\"@id\":\"http:\/\/palestrina.hu\/en\/rolunk\/karnagy\/#primaryimage\"},\"thumbnailUrl\":\"http:\/\/palestrina.hu\/wp-content\/uploads\/2024\/10\/115_Palestrina_150405_NNfoto-683x1024.jpg\",\"datePublished\":\"2016-03-08T13:55:18+00:00\",\"dateModified\":\"2024-10-15T13:20:45+00:00\",\"breadcrumb\":{\"@id\":\"http:\/\/palestrina.hu\/en\/rolunk\/karnagy\/#breadcrumb\"},\"inLanguage\":\"hu\",\"potentialAction\":[{\"@type\":\"ReadAction\",\"target\":[\"http:\/\/palestrina.hu\/en\/rolunk\/karnagy\/\"]}]},{\"@type\":\"ImageObject\",\"inLanguage\":\"hu\",\"@id\":\"http:\/\/palestrina.hu\/en\/rolunk\/karnagy\/#primaryimage\",\"url\":\"http:\/\/palestrina.hu\/wp-content\/uploads\/2024\/10\/115_Palestrina_150405_NNfoto-683x1024.jpg\",\"contentUrl\":\"http:\/\/palestrina.hu\/wp-content\/uploads\/2024\/10\/115_Palestrina_150405_NNfoto-683x1024.jpg\"},{\"@type\":\"BreadcrumbList\",\"@id\":\"http:\/\/palestrina.hu\/en\/rolunk\/karnagy\/#breadcrumb\",\"itemListElement\":[{\"@type\":\"ListItem\",\"position\":1,\"name\":\"Home\",\"item\":\"http:\/\/palestrina.hu\/\"},{\"@type\":\"ListItem\",\"position\":2,\"name\":\"About us\",\"item\":\"http:\/\/palestrina.hu\/en\/rolunk\/\"},{\"@type\":\"ListItem\",\"position\":3,\"name\":\"Karnagy\"}]},{\"@type\":\"WebSite\",\"@id\":\"http:\/\/palestrina.hu\/#website\",\"url\":\"http:\/\/palestrina.hu\/\",\"name\":\"Palestrina\",\"description\":\"... egy \u00fajabb WordPress honlap...\",\"potentialAction\":[{\"@type\":\"SearchAction\",\"target\":{\"@type\":\"EntryPoint\",\"urlTemplate\":\"http:\/\/palestrina.hu\/?s={search_term_string}\"},\"query-input\":{\"@type\":\"PropertyValueSpecification\",\"valueRequired\":true,\"valueName\":\"search_term_string\"}}],\"inLanguage\":\"hu\"}]}<\/script>\n<!-- \/ Yoast SEO plugin. -->","yoast_head_json":{"title":"Karnagy | Palestrina","robots":{"index":"index","follow":"follow","max-snippet":"max-snippet:-1","max-image-preview":"max-image-preview:large","max-video-preview":"max-video-preview:-1"},"canonical":"http:\/\/palestrina.hu\/rolunk\/karnagy\/","og_locale":"hu_HU","og_type":"article","og_title":"Karnagy | Palestrina","og_description":"Karnagyi p\u00e1ly\u00e1ja 1961-1965\u00a0 A P\u00e9csi Sz\u00e9kesegyh\u00e1z Ifj\u00fas\u00e1gi K\u00f3rusa 1975-1980\u00a0 IH Kamarak\u00f3rus, P\u00e9cs 1977-2007\u00a0 P\u00e9csi Tan\u00e1rk\u00e9pz\u0151 F\u0151iskola (majd JPTE) N\u0151ikara, k\u00e9s\u0151bb a PTE \u201ePuellae\u201d N\u0151i Kamarak\u00f3rus 1981-t\u0151l\u00a0\u00a0\u00a0\u00a0\u00a0 Szeksz\u00e1rdi Madrig\u00e1lk\u00f3rus 1988\u00a0\u00a0\u00a0\u00a0\u00a0\u00a0\u00a0\u00a0\u00a0\u00a0 Trento (Olaszorsz\u00e1g) \u2013 I. Eur\u00f3pai Karnagyverseny 1. d\u00edja 1988-t\u00f3l\u00a0\u00a0\u00a0\u00a0\u00a0 A P\u00e9csi Sz\u00e9kesegyh\u00e1z Palestrina K\u00f3rusa 1990-1996\u00a0 P\u00e9csi P\u00fcsp\u00f6ki \u00c9nekiskola 1994-t\u0151l\u00a0\u00a0\u00a0\u00a0\u00a0 Schola Cantorum Sopianensis 2009\u00a0\u00a0\u00a0\u00a0\u00a0\u00a0\u00a0\u00a0\u00a0\u00a0 Liszt-d\u00edjas karnagy Jelent\u0151sebb [&hellip;]","og_url":"http:\/\/palestrina.hu\/en\/rolunk\/karnagy\/","og_site_name":"Palestrina","article_modified_time":"2024-10-15T13:20:45+00:00","og_image":[{"url":"http:\/\/palestrina.hu\/wp-content\/uploads\/2024\/10\/115_Palestrina_150405_NNfoto-683x1024.jpg"}],"twitter_card":"summary_large_image","twitter_misc":{"Becs\u00fclt olvas\u00e1si id\u0151":"5 perc"},"schema":{"@context":"https:\/\/schema.org","@graph":[{"@type":"WebPage","@id":"http:\/\/palestrina.hu\/en\/rolunk\/karnagy\/","url":"http:\/\/palestrina.hu\/en\/rolunk\/karnagy\/","name":"Karnagy | Palestrina","isPartOf":{"@id":"http:\/\/palestrina.hu\/#website"},"primaryImageOfPage":{"@id":"http:\/\/palestrina.hu\/en\/rolunk\/karnagy\/#primaryimage"},"image":{"@id":"http:\/\/palestrina.hu\/en\/rolunk\/karnagy\/#primaryimage"},"thumbnailUrl":"http:\/\/palestrina.hu\/wp-content\/uploads\/2024\/10\/115_Palestrina_150405_NNfoto-683x1024.jpg","datePublished":"2016-03-08T13:55:18+00:00","dateModified":"2024-10-15T13:20:45+00:00","breadcrumb":{"@id":"http:\/\/palestrina.hu\/en\/rolunk\/karnagy\/#breadcrumb"},"inLanguage":"hu","potentialAction":[{"@type":"ReadAction","target":["http:\/\/palestrina.hu\/en\/rolunk\/karnagy\/"]}]},{"@type":"ImageObject","inLanguage":"hu","@id":"http:\/\/palestrina.hu\/en\/rolunk\/karnagy\/#primaryimage","url":"http:\/\/palestrina.hu\/wp-content\/uploads\/2024\/10\/115_Palestrina_150405_NNfoto-683x1024.jpg","contentUrl":"http:\/\/palestrina.hu\/wp-content\/uploads\/2024\/10\/115_Palestrina_150405_NNfoto-683x1024.jpg"},{"@type":"BreadcrumbList","@id":"http:\/\/palestrina.hu\/en\/rolunk\/karnagy\/#breadcrumb","itemListElement":[{"@type":"ListItem","position":1,"name":"Home","item":"http:\/\/palestrina.hu\/"},{"@type":"ListItem","position":2,"name":"About us","item":"http:\/\/palestrina.hu\/en\/rolunk\/"},{"@type":"ListItem","position":3,"name":"Karnagy"}]},{"@type":"WebSite","@id":"http:\/\/palestrina.hu\/#website","url":"http:\/\/palestrina.hu\/","name":"Palestrina","description":"... egy \u00fajabb WordPress honlap...","potentialAction":[{"@type":"SearchAction","target":{"@type":"EntryPoint","urlTemplate":"http:\/\/palestrina.hu\/?s={search_term_string}"},"query-input":{"@type":"PropertyValueSpecification","valueRequired":true,"valueName":"search_term_string"}}],"inLanguage":"hu"}]}},"_links":{"self":[{"href":"http:\/\/palestrina.hu\/en\/wp-json\/wp\/v2\/pages\/1767\/"}],"collection":[{"href":"http:\/\/palestrina.hu\/en\/wp-json\/wp\/v2\/pages\/"}],"about":[{"href":"http:\/\/palestrina.hu\/en\/wp-json\/wp\/v2\/types\/page\/"}],"author":[{"embeddable":true,"href":"http:\/\/palestrina.hu\/en\/wp-json\/wp\/v2\/users\/1\/"}],"replies":[{"embeddable":true,"href":"http:\/\/palestrina.hu\/en\/wp-json\/wp\/v2\/comments\/?post=1767"}],"version-history":[{"count":7,"href":"http:\/\/palestrina.hu\/en\/wp-json\/wp\/v2\/pages\/1767\/revisions\/"}],"predecessor-version":[{"id":3127,"href":"http:\/\/palestrina.hu\/en\/wp-json\/wp\/v2\/pages\/1767\/revisions\/3127\/"}],"up":[{"embeddable":true,"href":"http:\/\/palestrina.hu\/en\/wp-json\/wp\/v2\/pages\/1703\/"}],"wp:attachment":[{"href":"http:\/\/palestrina.hu\/en\/wp-json\/wp\/v2\/media\/?parent=1767"}],"curies":[{"name":"wp","href":"https:\/\/api.w.org\/{rel}","templated":true}]}}