{"id":1755,"date":"2016-03-08T14:15:09","date_gmt":"2016-03-08T14:15:09","guid":{"rendered":"http:\/\/palestrina.hu\/en\/galeria\/"},"modified":"2024-10-15T12:17:44","modified_gmt":"2024-10-15T12:17:44","slug":"galeria","status":"publish","type":"page","link":"http:\/\/palestrina.hu\/en\/galeria\/","title":{"rendered":"Gal\u00e9ria"},"content":{"rendered":"<h2>K\u00e9pek<\/h2>\n<p><a href=\"https:\/\/palestrina.hu\/en\/galeria\/kepek\/\">Tov\u00e1bb a k\u00e9pekhez<\/a><br \/><div id=\"g1-divider-counter-1\" class=\"g1-divider g1-type-classic-2\"><\/div><\/p>\n<h2>Vide\u00f3k<\/h2>\n<p><a href=\"https:\/\/palestrina.hu\/galeria\/videok\/\">Vide\u00f3k megtekint\u00e9se<\/a><\/p>\n\n\n<p><\/p>\n","protected":false},"excerpt":{"rendered":"<p>K\u00e9pek Tov\u00e1bb a k\u00e9pekhez Vide\u00f3k Vide\u00f3k megtekint\u00e9se<\/p>\n","protected":false},"author":1,"featured_media":0,"parent":0,"menu_order":0,"comment_status":"closed","ping_status":"closed","template":"","meta":{"footnotes":""},"class_list":["post-1755","page","type-page","status-publish","hentry"],"yoast_head":"<!-- This site is optimized with the Yoast SEO plugin v23.6 - https:\/\/yoast.com\/wordpress\/plugins\/seo\/ -->\n<title>Gal\u00e9ria | Palestrina<\/title>\n<meta name=\"robots\" content=\"index, follow, max-snippet:-1, max-image-preview:large, max-video-preview:-1\" \/>\n<link rel=\"canonical\" href=\"http:\/\/palestrina.hu\/galeria\/\" \/>\n<meta property=\"og:locale\" content=\"hu_HU\" \/>\n<meta property=\"og:type\" content=\"article\" \/>\n<meta property=\"og:title\" content=\"Gal\u00e9ria | Palestrina\" \/>\n<meta property=\"og:description\" content=\"K\u00e9pek Tov\u00e1bb a k\u00e9pekhez Vide\u00f3k Vide\u00f3k megtekint\u00e9se\" \/>\n<meta property=\"og:url\" content=\"http:\/\/palestrina.hu\/en\/galeria\/\" \/>\n<meta property=\"og:site_name\" content=\"Palestrina\" \/>\n<meta property=\"article:modified_time\" content=\"2024-10-15T12:17:44+00:00\" \/>\n<meta name=\"twitter:card\" content=\"summary_large_image\" \/>\n<meta name=\"twitter:label1\" content=\"Becs\u00fclt olvas\u00e1si id\u0151\" \/>\n\t<meta name=\"twitter:data1\" content=\"1 perc\" \/>\n<script type=\"application\/ld+json\" class=\"yoast-schema-graph\">{\"@context\":\"https:\/\/schema.org\",\"@graph\":[{\"@type\":\"WebPage\",\"@id\":\"http:\/\/palestrina.hu\/en\/galeria\/\",\"url\":\"http:\/\/palestrina.hu\/en\/galeria\/\",\"name\":\"Gal\u00e9ria | Palestrina\",\"isPartOf\":{\"@id\":\"http:\/\/palestrina.hu\/#website\"},\"datePublished\":\"2016-03-08T14:15:09+00:00\",\"dateModified\":\"2024-10-15T12:17:44+00:00\",\"breadcrumb\":{\"@id\":\"http:\/\/palestrina.hu\/en\/galeria\/#breadcrumb\"},\"inLanguage\":\"hu\",\"potentialAction\":[{\"@type\":\"ReadAction\",\"target\":[\"http:\/\/palestrina.hu\/en\/galeria\/\"]}]},{\"@type\":\"BreadcrumbList\",\"@id\":\"http:\/\/palestrina.hu\/en\/galeria\/#breadcrumb\",\"itemListElement\":[{\"@type\":\"ListItem\",\"position\":1,\"name\":\"Home\",\"item\":\"https:\/\/palestrina.hu\/\"},{\"@type\":\"ListItem\",\"position\":2,\"name\":\"Gal\u00e9ria\"}]},{\"@type\":\"WebSite\",\"@id\":\"http:\/\/palestrina.hu\/#website\",\"url\":\"http:\/\/palestrina.hu\/\",\"name\":\"Palestrina\",\"description\":\"... egy \u00fajabb WordPress honlap...\",\"potentialAction\":[{\"@type\":\"SearchAction\",\"target\":{\"@type\":\"EntryPoint\",\"urlTemplate\":\"http:\/\/palestrina.hu\/?s={search_term_string}\"},\"query-input\":{\"@type\":\"PropertyValueSpecification\",\"valueRequired\":true,\"valueName\":\"search_term_string\"}}],\"inLanguage\":\"hu\"}]}<\/script>\n<!-- \/ Yoast SEO plugin. -->","yoast_head_json":{"title":"Gal\u00e9ria | Palestrina","robots":{"index":"index","follow":"follow","max-snippet":"max-snippet:-1","max-image-preview":"max-image-preview:large","max-video-preview":"max-video-preview:-1"},"canonical":"http:\/\/palestrina.hu\/galeria\/","og_locale":"hu_HU","og_type":"article","og_title":"Gal\u00e9ria | Palestrina","og_description":"K\u00e9pek Tov\u00e1bb a k\u00e9pekhez Vide\u00f3k Vide\u00f3k megtekint\u00e9se","og_url":"http:\/\/palestrina.hu\/en\/galeria\/","og_site_name":"Palestrina","article_modified_time":"2024-10-15T12:17:44+00:00","twitter_card":"summary_large_image","twitter_misc":{"Becs\u00fclt olvas\u00e1si id\u0151":"1 perc"},"schema":{"@context":"https:\/\/schema.org","@graph":[{"@type":"WebPage","@id":"http:\/\/palestrina.hu\/en\/galeria\/","url":"http:\/\/palestrina.hu\/en\/galeria\/","name":"Gal\u00e9ria | Palestrina","isPartOf":{"@id":"http:\/\/palestrina.hu\/#website"},"datePublished":"2016-03-08T14:15:09+00:00","dateModified":"2024-10-15T12:17:44+00:00","breadcrumb":{"@id":"http:\/\/palestrina.hu\/en\/galeria\/#breadcrumb"},"inLanguage":"hu","potentialAction":[{"@type":"ReadAction","target":["http:\/\/palestrina.hu\/en\/galeria\/"]}]},{"@type":"BreadcrumbList","@id":"http:\/\/palestrina.hu\/en\/galeria\/#breadcrumb","itemListElement":[{"@type":"ListItem","position":1,"name":"Home","item":"https:\/\/palestrina.hu\/"},{"@type":"ListItem","position":2,"name":"Gal\u00e9ria"}]},{"@type":"WebSite","@id":"http:\/\/palestrina.hu\/#website","url":"http:\/\/palestrina.hu\/","name":"Palestrina","description":"... egy \u00fajabb WordPress honlap...","potentialAction":[{"@type":"SearchAction","target":{"@type":"EntryPoint","urlTemplate":"http:\/\/palestrina.hu\/?s={search_term_string}"},"query-input":{"@type":"PropertyValueSpecification","valueRequired":true,"valueName":"search_term_string"}}],"inLanguage":"hu"}]}},"_links":{"self":[{"href":"http:\/\/palestrina.hu\/en\/wp-json\/wp\/v2\/pages\/1755\/"}],"collection":[{"href":"http:\/\/palestrina.hu\/en\/wp-json\/wp\/v2\/pages\/"}],"about":[{"href":"http:\/\/palestrina.hu\/en\/wp-json\/wp\/v2\/types\/page\/"}],"author":[{"embeddable":true,"href":"http:\/\/palestrina.hu\/en\/wp-json\/wp\/v2\/users\/1\/"}],"replies":[{"embeddable":true,"href":"http:\/\/palestrina.hu\/en\/wp-json\/wp\/v2\/comments\/?post=1755"}],"version-history":[{"count":6,"href":"http:\/\/palestrina.hu\/en\/wp-json\/wp\/v2\/pages\/1755\/revisions\/"}],"predecessor-version":[{"id":3094,"href":"http:\/\/palestrina.hu\/en\/wp-json\/wp\/v2\/pages\/1755\/revisions\/3094\/"}],"wp:attachment":[{"href":"http:\/\/palestrina.hu\/en\/wp-json\/wp\/v2\/media\/?parent=1755"}],"curies":[{"name":"wp","href":"https:\/\/api.w.org\/{rel}","templated":true}]}}