{"id":1700,"date":"2016-03-08T14:16:28","date_gmt":"2016-03-08T14:16:28","guid":{"rendered":"http:\/\/palestrina.hu\/en\/kontakt\/"},"modified":"2024-10-15T12:27:51","modified_gmt":"2024-10-15T12:27:51","slug":"kontakt","status":"publish","type":"page","link":"http:\/\/palestrina.hu\/en\/kontakt\/","title":{"rendered":"Kontakt"},"content":{"rendered":"<h4>Glatt Ign\u00e1c Hagyom\u00e1ny\u0151rz\u0151 K\u00f6zhaszn\u00fa Egyes\u00fclet<\/h4>\n<p>P\u00e9cs<br \/>\nJ\u00falia u. 1. fsz. 1.<br \/>\n7632<\/p>\n<p>telefon: <strong>+3630\/852-1452<\/strong> \u2013 Onhausz Mikl\u00f3s<\/p>\n<p>e-mail: <strong>info[kukac]palestrina.hu<\/strong><\/p>\n","protected":false},"excerpt":{"rendered":"<p>Glatt Ign\u00e1c Hagyom\u00e1ny\u0151rz\u0151 K\u00f6zhaszn\u00fa Egyes\u00fclet P\u00e9cs J\u00falia u. 1. fsz. 1. 7632 telefon: +3630\/852-1452 \u2013 Onhausz Mikl\u00f3s e-mail: info[kukac]palestrina.hu<\/p>\n","protected":false},"author":1,"featured_media":0,"parent":0,"menu_order":0,"comment_status":"closed","ping_status":"closed","template":"","meta":{"footnotes":""},"class_list":["post-1700","page","type-page","status-publish","hentry"],"yoast_head":"<!-- This site is optimized with the Yoast SEO plugin v23.6 - https:\/\/yoast.com\/wordpress\/plugins\/seo\/ -->\n<title>Kontakt | Palestrina<\/title>\n<meta name=\"robots\" content=\"index, follow, max-snippet:-1, max-image-preview:large, max-video-preview:-1\" \/>\n<link rel=\"canonical\" href=\"http:\/\/palestrina.hu\/kontakt\/\" \/>\n<meta property=\"og:locale\" content=\"hu_HU\" \/>\n<meta property=\"og:type\" content=\"article\" \/>\n<meta property=\"og:title\" content=\"Kontakt | Palestrina\" \/>\n<meta property=\"og:description\" content=\"Glatt Ign\u00e1c Hagyom\u00e1ny\u0151rz\u0151 K\u00f6zhaszn\u00fa Egyes\u00fclet P\u00e9cs J\u00falia u. 1. fsz. 1. 7632 telefon: +3630\/852-1452 \u2013 Onhausz Mikl\u00f3s e-mail: info[kukac]palestrina.hu\" \/>\n<meta property=\"og:url\" content=\"http:\/\/palestrina.hu\/en\/kontakt\/\" \/>\n<meta property=\"og:site_name\" content=\"Palestrina\" \/>\n<meta property=\"article:modified_time\" content=\"2024-10-15T12:27:51+00:00\" \/>\n<meta name=\"twitter:card\" content=\"summary_large_image\" \/>\n<meta name=\"twitter:label1\" content=\"Becs\u00fclt olvas\u00e1si id\u0151\" \/>\n\t<meta name=\"twitter:data1\" content=\"1 perc\" \/>\n<script type=\"application\/ld+json\" class=\"yoast-schema-graph\">{\"@context\":\"https:\/\/schema.org\",\"@graph\":[{\"@type\":\"WebPage\",\"@id\":\"http:\/\/palestrina.hu\/en\/kontakt\/\",\"url\":\"http:\/\/palestrina.hu\/en\/kontakt\/\",\"name\":\"Kontakt | Palestrina\",\"isPartOf\":{\"@id\":\"http:\/\/palestrina.hu\/#website\"},\"datePublished\":\"2016-03-08T14:16:28+00:00\",\"dateModified\":\"2024-10-15T12:27:51+00:00\",\"breadcrumb\":{\"@id\":\"http:\/\/palestrina.hu\/en\/kontakt\/#breadcrumb\"},\"inLanguage\":\"hu\",\"potentialAction\":[{\"@type\":\"ReadAction\",\"target\":[\"http:\/\/palestrina.hu\/en\/kontakt\/\"]}]},{\"@type\":\"BreadcrumbList\",\"@id\":\"http:\/\/palestrina.hu\/en\/kontakt\/#breadcrumb\",\"itemListElement\":[{\"@type\":\"ListItem\",\"position\":1,\"name\":\"Home\",\"item\":\"http:\/\/palestrina.hu\/\"},{\"@type\":\"ListItem\",\"position\":2,\"name\":\"Kontakt\"}]},{\"@type\":\"WebSite\",\"@id\":\"http:\/\/palestrina.hu\/#website\",\"url\":\"http:\/\/palestrina.hu\/\",\"name\":\"Palestrina\",\"description\":\"... egy \u00fajabb WordPress honlap...\",\"potentialAction\":[{\"@type\":\"SearchAction\",\"target\":{\"@type\":\"EntryPoint\",\"urlTemplate\":\"http:\/\/palestrina.hu\/?s={search_term_string}\"},\"query-input\":{\"@type\":\"PropertyValueSpecification\",\"valueRequired\":true,\"valueName\":\"search_term_string\"}}],\"inLanguage\":\"hu\"}]}<\/script>\n<!-- \/ Yoast SEO plugin. -->","yoast_head_json":{"title":"Kontakt | Palestrina","robots":{"index":"index","follow":"follow","max-snippet":"max-snippet:-1","max-image-preview":"max-image-preview:large","max-video-preview":"max-video-preview:-1"},"canonical":"http:\/\/palestrina.hu\/kontakt\/","og_locale":"hu_HU","og_type":"article","og_title":"Kontakt | Palestrina","og_description":"Glatt Ign\u00e1c Hagyom\u00e1ny\u0151rz\u0151 K\u00f6zhaszn\u00fa Egyes\u00fclet P\u00e9cs J\u00falia u. 1. fsz. 1. 7632 telefon: +3630\/852-1452 \u2013 Onhausz Mikl\u00f3s e-mail: info[kukac]palestrina.hu","og_url":"http:\/\/palestrina.hu\/en\/kontakt\/","og_site_name":"Palestrina","article_modified_time":"2024-10-15T12:27:51+00:00","twitter_card":"summary_large_image","twitter_misc":{"Becs\u00fclt olvas\u00e1si id\u0151":"1 perc"},"schema":{"@context":"https:\/\/schema.org","@graph":[{"@type":"WebPage","@id":"http:\/\/palestrina.hu\/en\/kontakt\/","url":"http:\/\/palestrina.hu\/en\/kontakt\/","name":"Kontakt | Palestrina","isPartOf":{"@id":"http:\/\/palestrina.hu\/#website"},"datePublished":"2016-03-08T14:16:28+00:00","dateModified":"2024-10-15T12:27:51+00:00","breadcrumb":{"@id":"http:\/\/palestrina.hu\/en\/kontakt\/#breadcrumb"},"inLanguage":"hu","potentialAction":[{"@type":"ReadAction","target":["http:\/\/palestrina.hu\/en\/kontakt\/"]}]},{"@type":"BreadcrumbList","@id":"http:\/\/palestrina.hu\/en\/kontakt\/#breadcrumb","itemListElement":[{"@type":"ListItem","position":1,"name":"Home","item":"http:\/\/palestrina.hu\/"},{"@type":"ListItem","position":2,"name":"Kontakt"}]},{"@type":"WebSite","@id":"http:\/\/palestrina.hu\/#website","url":"http:\/\/palestrina.hu\/","name":"Palestrina","description":"... egy \u00fajabb WordPress honlap...","potentialAction":[{"@type":"SearchAction","target":{"@type":"EntryPoint","urlTemplate":"http:\/\/palestrina.hu\/?s={search_term_string}"},"query-input":{"@type":"PropertyValueSpecification","valueRequired":true,"valueName":"search_term_string"}}],"inLanguage":"hu"}]}},"_links":{"self":[{"href":"http:\/\/palestrina.hu\/en\/wp-json\/wp\/v2\/pages\/1700\/"}],"collection":[{"href":"http:\/\/palestrina.hu\/en\/wp-json\/wp\/v2\/pages\/"}],"about":[{"href":"http:\/\/palestrina.hu\/en\/wp-json\/wp\/v2\/types\/page\/"}],"author":[{"embeddable":true,"href":"http:\/\/palestrina.hu\/en\/wp-json\/wp\/v2\/users\/1\/"}],"replies":[{"embeddable":true,"href":"http:\/\/palestrina.hu\/en\/wp-json\/wp\/v2\/comments\/?post=1700"}],"version-history":[{"count":16,"href":"http:\/\/palestrina.hu\/en\/wp-json\/wp\/v2\/pages\/1700\/revisions\/"}],"predecessor-version":[{"id":3099,"href":"http:\/\/palestrina.hu\/en\/wp-json\/wp\/v2\/pages\/1700\/revisions\/3099\/"}],"wp:attachment":[{"href":"http:\/\/palestrina.hu\/en\/wp-json\/wp\/v2\/media\/?parent=1700"}],"curies":[{"name":"wp","href":"https:\/\/api.w.org\/{rel}","templated":true}]}}